{"id":96520,"date":"2025-11-12T10:44:39","date_gmt":"2025-11-12T09:44:39","guid":{"rendered":"https:\/\/www.ernstbrunn-apotheke.at\/katalog\/produkt\/sonnentor-gemuesesuppe-suppenwuerfel-zuckerfrei-bio-66-g\/"},"modified":"2025-12-08T20:48:51","modified_gmt":"2025-12-08T19:48:51","slug":"sonnentor-gemuesesuppe-suppenwuerfel-zuckerfrei-bio-66-g","status":"publish","type":"product","link":"https:\/\/www.ernstbrunn-apotheke.at\/katalog\/produkt\/sonnentor-gemuesesuppe-suppenwuerfel-zuckerfrei-bio-66-g\/","title":{"rendered":"Sonnentor Gem\u00fcsesuppe Suppenw\u00fcrfel zuckerfrei bio 66 g"},"content":{"rendered":"<p>Das sprichw\u00f6rtliche Haar suchst du in dieser Suppe vergebens. Denn unsere vegane Gem\u00fcsesuppe kommt jetzt ganz ohne Zucker aus. Hefe und Palm\u00f6l suchst du ebenfalls vergebens. Was du stattdessen darin findest? Jede Menge Gem\u00fcse, feine Gew\u00fcrze und Miso und Koji f\u00fcr extra viel Geschmack und Kraft. Die Suppenw\u00fcrfel sind gefallen \u2013 in deinen Kochtopf!<\/p>\n","protected":false},"excerpt":{"rendered":"<p>Das sprichw\u00f6rtliche Haar suchst du in dieser Suppe vergebens. Denn unsere vegane Gem\u00fcsesuppe kommt jetzt ganz ohne Zucker aus. Hefe und Palm\u00f6l suchst du ebenfalls vergebens. Was du stattdessen darin findest? Jede Menge Gem\u00fcse, feine Gew\u00fcrze und Miso und Koji f\u00fcr extra viel Geschmack und Kraft. Die Suppenw\u00fcrfel sind gefallen \u2013 in deinen Kochtopf!<\/p>\n","protected":false},"featured_media":96522,"template":"","meta":{"_acf_changed":false},"product_brand":[925],"product_cat":[791],"product_tag":[],"class_list":{"0":"post-96520","1":"product","2":"type-product","3":"status-publish","4":"has-post-thumbnail","6":"product_brand-sonnentor","7":"product_cat-s","8":"pa_packungsgroesse-66g","10":"first","11":"instock","12":"shipping-taxable","13":"purchasable","14":"product-type-simple"},"acf":[],"_links":{"self":[{"href":"https:\/\/www.ernstbrunn-apotheke.at\/katalog\/wp-json\/wp\/v2\/product\/96520","targetHints":{"allow":["GET"]}}],"collection":[{"href":"https:\/\/www.ernstbrunn-apotheke.at\/katalog\/wp-json\/wp\/v2\/product"}],"about":[{"href":"https:\/\/www.ernstbrunn-apotheke.at\/katalog\/wp-json\/wp\/v2\/types\/product"}],"wp:featuredmedia":[{"embeddable":true,"href":"https:\/\/www.ernstbrunn-apotheke.at\/katalog\/wp-json\/wp\/v2\/media\/96522"}],"wp:attachment":[{"href":"https:\/\/www.ernstbrunn-apotheke.at\/katalog\/wp-json\/wp\/v2\/media?parent=96520"}],"wp:term":[{"taxonomy":"product_brand","embeddable":true,"href":"https:\/\/www.ernstbrunn-apotheke.at\/katalog\/wp-json\/wp\/v2\/product_brand?post=96520"},{"taxonomy":"product_cat","embeddable":true,"href":"https:\/\/www.ernstbrunn-apotheke.at\/katalog\/wp-json\/wp\/v2\/product_cat?post=96520"},{"taxonomy":"product_tag","embeddable":true,"href":"https:\/\/www.ernstbrunn-apotheke.at\/katalog\/wp-json\/wp\/v2\/product_tag?post=96520"}],"curies":[{"name":"wp","href":"https:\/\/api.w.org\/{rel}","templated":true}]}}