{"id":96511,"date":"2025-11-12T10:44:39","date_gmt":"2025-11-12T09:44:39","guid":{"rendered":"https:\/\/www.ernstbrunn-apotheke.at\/katalog\/produkt\/sonnentor-aetherische-gewuerzoel-kekse-punsch-bio-45-ml\/"},"modified":"2025-12-08T20:48:47","modified_gmt":"2025-12-08T19:48:47","slug":"sonnentor-aetherische-gewuerzoel-kekse-punsch-bio-45-ml","status":"publish","type":"product","link":"https:\/\/www.ernstbrunn-apotheke.at\/katalog\/produkt\/sonnentor-aetherische-gewuerzoel-kekse-punsch-bio-45-ml\/","title":{"rendered":"Sonnentor \u00e4therische Gew\u00fcrz\u00f6l Kekse &#038; Punsch bio 4,5 ml"},"content":{"rendered":"<p>K\u00fcnstliche Aromen gehen dir auf den Keks? Unser 100 % naturreines \u00e4therisches \u00d6l bringt den Geschmack des Winters auf Keksteller und in die Punsch-Tassen, und den Duft von Zimt, Nelken und warmen B\u00e4ckereien in deine Backstube. Auch f\u00fcr Desserts wie Tiramisu und Kuchen ist das \u00d6l eine w\u00fcrzig-s\u00fc\u00dfe Beigabe.<\/p>\n","protected":false},"excerpt":{"rendered":"<p>K\u00fcnstliche Aromen gehen dir auf den Keks? Unser 100 % naturreines \u00e4therisches \u00d6l bringt den Geschmack des Winters auf Keksteller und in die Punsch-Tassen, und den Duft von Zimt, Nelken und warmen B\u00e4ckereien in deine Backstube. Auch f\u00fcr Desserts wie Tiramisu und Kuchen ist das \u00d6l eine w\u00fcrzig-s\u00fc\u00dfe Beigabe.<\/p>\n","protected":false},"featured_media":96513,"template":"","meta":{"_acf_changed":false},"product_brand":[925],"product_cat":[791],"product_tag":[],"class_list":{"0":"post-96511","1":"product","2":"type-product","3":"status-publish","4":"has-post-thumbnail","6":"product_brand-sonnentor","7":"product_cat-s","8":"pa_packungsgroesse-5ml","10":"first","11":"instock","12":"shipping-taxable","13":"purchasable","14":"product-type-simple"},"acf":[],"_links":{"self":[{"href":"https:\/\/www.ernstbrunn-apotheke.at\/katalog\/wp-json\/wp\/v2\/product\/96511","targetHints":{"allow":["GET"]}}],"collection":[{"href":"https:\/\/www.ernstbrunn-apotheke.at\/katalog\/wp-json\/wp\/v2\/product"}],"about":[{"href":"https:\/\/www.ernstbrunn-apotheke.at\/katalog\/wp-json\/wp\/v2\/types\/product"}],"wp:featuredmedia":[{"embeddable":true,"href":"https:\/\/www.ernstbrunn-apotheke.at\/katalog\/wp-json\/wp\/v2\/media\/96513"}],"wp:attachment":[{"href":"https:\/\/www.ernstbrunn-apotheke.at\/katalog\/wp-json\/wp\/v2\/media?parent=96511"}],"wp:term":[{"taxonomy":"product_brand","embeddable":true,"href":"https:\/\/www.ernstbrunn-apotheke.at\/katalog\/wp-json\/wp\/v2\/product_brand?post=96511"},{"taxonomy":"product_cat","embeddable":true,"href":"https:\/\/www.ernstbrunn-apotheke.at\/katalog\/wp-json\/wp\/v2\/product_cat?post=96511"},{"taxonomy":"product_tag","embeddable":true,"href":"https:\/\/www.ernstbrunn-apotheke.at\/katalog\/wp-json\/wp\/v2\/product_tag?post=96511"}],"curies":[{"name":"wp","href":"https:\/\/api.w.org\/{rel}","templated":true}]}}