{"id":96508,"date":"2025-11-12T10:44:39","date_gmt":"2025-11-12T09:44:39","guid":{"rendered":"https:\/\/www.ernstbrunn-apotheke.at\/katalog\/produkt\/sonnentor-aetherisches-gewuerzoel-vanille-extrakt-bio-45-ml\/"},"modified":"2025-12-08T20:48:45","modified_gmt":"2025-12-08T19:48:45","slug":"sonnentor-aetherisches-gewuerzoel-vanille-extrakt-bio-45-ml","status":"publish","type":"product","link":"https:\/\/www.ernstbrunn-apotheke.at\/katalog\/produkt\/sonnentor-aetherisches-gewuerzoel-vanille-extrakt-bio-45-ml\/","title":{"rendered":"Sonnentor \u00e4therisches Gew\u00fcrz\u00f6l Vanille-Extrakt bio 4,5 ml"},"content":{"rendered":"<p>So schmeckt Vanilla Sky! Das \u00e4therische \u00d6l der Vanilleorchidee zaubert ganz ohne Aufwand das volle, runde Aroma der Vanilleschote in deine B\u00e4ckereien, Desserts und Gerichte. Egal ob du ein cremiges Eis, eine raffinierte Kuchenkreation oder exotische Gerichte der karibischen K\u00fcche zaubern m\u00f6chtest. Mit deiner Wahl liegst du in jedem Fall richtig, denn das reine Vanille-Extrakt bringt vollen Geschmack auf deinen Teller. Cremig-s\u00fc\u00dfliche Geschmacksexplosionen garantiert!<\/p>\n","protected":false},"excerpt":{"rendered":"<p>So schmeckt Vanilla Sky! Das \u00e4therische \u00d6l der Vanilleorchidee zaubert ganz ohne Aufwand das volle, runde Aroma der Vanilleschote in deine B\u00e4ckereien, Desserts und Gerichte. Egal ob du ein cremiges Eis, eine raffinierte Kuchenkreation oder exotische Gerichte der karibischen K\u00fcche zaubern m\u00f6chtest. Mit deiner Wahl liegst du in jedem Fall richtig, denn das reine Vanille-Extrakt [&hellip;]<\/p>\n","protected":false},"featured_media":96510,"template":"","meta":{"_acf_changed":false},"product_brand":[925],"product_cat":[791],"product_tag":[],"class_list":{"0":"post-96508","1":"product","2":"type-product","3":"status-publish","4":"has-post-thumbnail","6":"product_brand-sonnentor","7":"product_cat-s","8":"pa_packungsgroesse-4ml","10":"first","11":"instock","12":"shipping-taxable","13":"purchasable","14":"product-type-simple"},"acf":[],"_links":{"self":[{"href":"https:\/\/www.ernstbrunn-apotheke.at\/katalog\/wp-json\/wp\/v2\/product\/96508","targetHints":{"allow":["GET"]}}],"collection":[{"href":"https:\/\/www.ernstbrunn-apotheke.at\/katalog\/wp-json\/wp\/v2\/product"}],"about":[{"href":"https:\/\/www.ernstbrunn-apotheke.at\/katalog\/wp-json\/wp\/v2\/types\/product"}],"wp:featuredmedia":[{"embeddable":true,"href":"https:\/\/www.ernstbrunn-apotheke.at\/katalog\/wp-json\/wp\/v2\/media\/96510"}],"wp:attachment":[{"href":"https:\/\/www.ernstbrunn-apotheke.at\/katalog\/wp-json\/wp\/v2\/media?parent=96508"}],"wp:term":[{"taxonomy":"product_brand","embeddable":true,"href":"https:\/\/www.ernstbrunn-apotheke.at\/katalog\/wp-json\/wp\/v2\/product_brand?post=96508"},{"taxonomy":"product_cat","embeddable":true,"href":"https:\/\/www.ernstbrunn-apotheke.at\/katalog\/wp-json\/wp\/v2\/product_cat?post=96508"},{"taxonomy":"product_tag","embeddable":true,"href":"https:\/\/www.ernstbrunn-apotheke.at\/katalog\/wp-json\/wp\/v2\/product_tag?post=96508"}],"curies":[{"name":"wp","href":"https:\/\/api.w.org\/{rel}","templated":true}]}}