{"id":96505,"date":"2025-11-12T10:44:21","date_gmt":"2025-11-12T09:44:21","guid":{"rendered":"https:\/\/www.ernstbrunn-apotheke.at\/katalog\/produkt\/sonnentor-aetherisches-gewuerzoel-ingwer-bio-45-ml\/"},"modified":"2025-12-08T20:48:44","modified_gmt":"2025-12-08T19:48:44","slug":"sonnentor-aetherisches-gewuerzoel-ingwer-bio-45-ml","status":"publish","type":"product","link":"https:\/\/www.ernstbrunn-apotheke.at\/katalog\/produkt\/sonnentor-aetherisches-gewuerzoel-ingwer-bio-45-ml\/","title":{"rendered":"Sonnentor \u00e4therisches Gew\u00fcrz\u00f6l Ingwer bio 4,5 ml"},"content":{"rendered":"<p>Kennst du Gingerol? Nein? Hier findest du es in seiner k\u00f6stlichsten Form. Es ist das \u00e4therische \u00d6l des Ingwers, das ihm Geschmack und Sch\u00e4rfe verleiht. Im Aroma ist dieses 100 % nat\u00fcrliche \u00e4therische \u00d6l viel feiner und langanhaltender als purer Ingwer \u2013 ein ganz besonderes Geschmackserlebnis. Das \u00d6l eignet sich genauso zum Verfeinern von Kompott wie f\u00fcr karibische und asiatische Gerichte aller Art. Aber auch w\u00e4rmende Getr\u00e4nke im Winter profitieren enorm von einem Tropfen des \u00e4therischen \u00d6ls.<\/p>\n","protected":false},"excerpt":{"rendered":"<p>Kennst du Gingerol? Nein? Hier findest du es in seiner k\u00f6stlichsten Form. Es ist das \u00e4therische \u00d6l des Ingwers, das ihm Geschmack und Sch\u00e4rfe verleiht. Im Aroma ist dieses 100 % nat\u00fcrliche \u00e4therische \u00d6l viel feiner und langanhaltender als purer Ingwer \u2013 ein ganz besonderes Geschmackserlebnis. Das \u00d6l eignet sich genauso zum Verfeinern von Kompott [&hellip;]<\/p>\n","protected":false},"featured_media":96507,"template":"","meta":{"_acf_changed":false},"product_brand":[925],"product_cat":[791],"product_tag":[],"class_list":{"0":"post-96505","1":"product","2":"type-product","3":"status-publish","4":"has-post-thumbnail","6":"product_brand-sonnentor","7":"product_cat-s","8":"pa_packungsgroesse-4ml","10":"first","11":"instock","12":"shipping-taxable","13":"purchasable","14":"product-type-simple"},"acf":[],"_links":{"self":[{"href":"https:\/\/www.ernstbrunn-apotheke.at\/katalog\/wp-json\/wp\/v2\/product\/96505","targetHints":{"allow":["GET"]}}],"collection":[{"href":"https:\/\/www.ernstbrunn-apotheke.at\/katalog\/wp-json\/wp\/v2\/product"}],"about":[{"href":"https:\/\/www.ernstbrunn-apotheke.at\/katalog\/wp-json\/wp\/v2\/types\/product"}],"wp:featuredmedia":[{"embeddable":true,"href":"https:\/\/www.ernstbrunn-apotheke.at\/katalog\/wp-json\/wp\/v2\/media\/96507"}],"wp:attachment":[{"href":"https:\/\/www.ernstbrunn-apotheke.at\/katalog\/wp-json\/wp\/v2\/media?parent=96505"}],"wp:term":[{"taxonomy":"product_brand","embeddable":true,"href":"https:\/\/www.ernstbrunn-apotheke.at\/katalog\/wp-json\/wp\/v2\/product_brand?post=96505"},{"taxonomy":"product_cat","embeddable":true,"href":"https:\/\/www.ernstbrunn-apotheke.at\/katalog\/wp-json\/wp\/v2\/product_cat?post=96505"},{"taxonomy":"product_tag","embeddable":true,"href":"https:\/\/www.ernstbrunn-apotheke.at\/katalog\/wp-json\/wp\/v2\/product_tag?post=96505"}],"curies":[{"name":"wp","href":"https:\/\/api.w.org\/{rel}","templated":true}]}}