{"id":96502,"date":"2025-11-12T10:44:21","date_gmt":"2025-11-12T09:44:21","guid":{"rendered":"https:\/\/www.ernstbrunn-apotheke.at\/katalog\/produkt\/sonnentor-aetherisches-gewuerzoel-basilikum-bio-45-ml\/"},"modified":"2025-12-08T20:48:42","modified_gmt":"2025-12-08T19:48:42","slug":"sonnentor-aetherisches-gewuerzoel-basilikum-bio-45-ml","status":"publish","type":"product","link":"https:\/\/www.ernstbrunn-apotheke.at\/katalog\/produkt\/sonnentor-aetherisches-gewuerzoel-basilikum-bio-45-ml\/","title":{"rendered":"Sonnentor \u00e4therisches Gew\u00fcrz\u00f6l Basilikum bio 4,5 ml"},"content":{"rendered":"<p>Der Geruch des frischen Basilikums in der Nase erinnert dich an k\u00f6stliche Pasta, knusprige Pizza und leckere Bruschette? Du kannst von ihm gar nicht genug bekommen? Dann sollte deine Wahl unbedingt auf dieses Fl\u00e4schchen reinsten \u00e4therischen \u00d6ls f\u00fcr deine Kochkompositionen fallen. Im Aroma ist das \u00e4therische \u00d6l viel feiner und langanhaltender als pures Basilikum \u2013 ein ganz besonderes Geschmackserlebnis. Es verfeinert die mediterrane K\u00fcche, Pasta, Pizza und Paradeisgerichte zu h\u00f6chster Vollendung und Vollkommenheit. Mit einem Tropfen bringst deinen Gaumen garantiert zum Singen: O basilico mio!<\/p>\n","protected":false},"excerpt":{"rendered":"<p>Der Geruch des frischen Basilikums in der Nase erinnert dich an k\u00f6stliche Pasta, knusprige Pizza und leckere Bruschette? Du kannst von ihm gar nicht genug bekommen? Dann sollte deine Wahl unbedingt auf dieses Fl\u00e4schchen reinsten \u00e4therischen \u00d6ls f\u00fcr deine Kochkompositionen fallen. Im Aroma ist das \u00e4therische \u00d6l viel feiner und langanhaltender als pures Basilikum \u2013 [&hellip;]<\/p>\n","protected":false},"featured_media":96504,"template":"","meta":{"_acf_changed":false},"product_brand":[925],"product_cat":[791],"product_tag":[],"class_list":{"0":"post-96502","1":"product","2":"type-product","3":"status-publish","4":"has-post-thumbnail","6":"product_brand-sonnentor","7":"product_cat-s","8":"pa_packungsgroesse-4ml","10":"first","11":"instock","12":"shipping-taxable","13":"purchasable","14":"product-type-simple"},"acf":[],"_links":{"self":[{"href":"https:\/\/www.ernstbrunn-apotheke.at\/katalog\/wp-json\/wp\/v2\/product\/96502","targetHints":{"allow":["GET"]}}],"collection":[{"href":"https:\/\/www.ernstbrunn-apotheke.at\/katalog\/wp-json\/wp\/v2\/product"}],"about":[{"href":"https:\/\/www.ernstbrunn-apotheke.at\/katalog\/wp-json\/wp\/v2\/types\/product"}],"wp:featuredmedia":[{"embeddable":true,"href":"https:\/\/www.ernstbrunn-apotheke.at\/katalog\/wp-json\/wp\/v2\/media\/96504"}],"wp:attachment":[{"href":"https:\/\/www.ernstbrunn-apotheke.at\/katalog\/wp-json\/wp\/v2\/media?parent=96502"}],"wp:term":[{"taxonomy":"product_brand","embeddable":true,"href":"https:\/\/www.ernstbrunn-apotheke.at\/katalog\/wp-json\/wp\/v2\/product_brand?post=96502"},{"taxonomy":"product_cat","embeddable":true,"href":"https:\/\/www.ernstbrunn-apotheke.at\/katalog\/wp-json\/wp\/v2\/product_cat?post=96502"},{"taxonomy":"product_tag","embeddable":true,"href":"https:\/\/www.ernstbrunn-apotheke.at\/katalog\/wp-json\/wp\/v2\/product_tag?post=96502"}],"curies":[{"name":"wp","href":"https:\/\/api.w.org\/{rel}","templated":true}]}}