{"id":96484,"date":"2025-11-12T10:43:28","date_gmt":"2025-11-12T09:43:28","guid":{"rendered":"https:\/\/www.ernstbrunn-apotheke.at\/katalog\/produkt\/caudalie-duschgel-soleil-des-vignes\/"},"modified":"2025-12-08T20:48:34","modified_gmt":"2025-12-08T19:48:34","slug":"caudalie-duschgel-soleil-des-vignes","status":"publish","type":"product","link":"https:\/\/www.ernstbrunn-apotheke.at\/katalog\/produkt\/caudalie-duschgel-soleil-des-vignes\/","title":{"rendered":"Caudalie Duschgel Soleil des Vignes"},"content":{"rendered":"<p>Das seifenfreie Duschgel Soleil des Vignes reinigt schonend und verleiht der Haut einen zarten Duft nach den sonnigen Noten aus Orangenbl\u00fcte, Jasmin und Kokosnuss.<\/p>\n<p><strong>Hauttyp\u00a0:<\/strong> Alle Hauttypen<\/p>\n<p><strong>Brauche\u00a0:<\/strong> Bad und Dusche<\/p>\n<p><strong>Hauptinhaltsstoffe\u00a0:<\/strong> Orangenbl\u00fcte, Jasmin, Kokosnuss<\/p>\n<p><strong>Textur\u00a0:<\/strong> Gel<\/p>\n<p><strong>Verwendung\u00a0:<\/strong> Morgens und abends, jeden Tag<\/p>\n<p><strong>Rezeptur:<\/strong><\/p>\n<ul>\n<li>97 % Inhaltsstoffe nat\u00fcrlichen Ursprungs<\/li>\n<li>Yuka-Bewertung: Sehr gut<\/li>\n<li>Vegan<\/li>\n<li>Ohne Seife und mit einer ultramilden Formel<\/li>\n<\/ul>\n<p><strong>Wussten Sie es?\u00a0<\/strong>Spr\u00fchen Sie zus\u00e4tzlich das sonnige Eau Fra\u00eeche Soleil des Vignes auf, um den Duft noch l\u00e4nger zu genie\u00dfen.\u00a0<\/p>\n","protected":false},"excerpt":{"rendered":"<p>Das seifenfreie Duschgel Soleil des Vignes reinigt schonend und verleiht der Haut einen zarten Duft nach den sonnigen Noten aus Orangenbl\u00fcte, Jasmin und Kokosnuss. Hauttyp\u00a0: Alle Hauttypen Brauche\u00a0: Bad und Dusche Hauptinhaltsstoffe\u00a0: Orangenbl\u00fcte, Jasmin, Kokosnuss Textur\u00a0: Gel Verwendung\u00a0: Morgens und abends, jeden Tag Rezeptur: 97 % Inhaltsstoffe nat\u00fcrlichen Ursprungs Yuka-Bewertung: Sehr gut Vegan Ohne Seife [&hellip;]<\/p>\n","protected":false},"featured_media":96486,"template":"","meta":{"_acf_changed":false},"product_brand":[687],"product_cat":[812],"product_tag":[],"class_list":{"0":"post-96484","1":"product","2":"type-product","3":"status-publish","4":"has-post-thumbnail","6":"product_brand-caudalie","7":"product_cat-c","8":"pa_packungsgroesse-200ml","10":"first","11":"instock","12":"shipping-taxable","13":"purchasable","14":"product-type-simple"},"acf":[],"_links":{"self":[{"href":"https:\/\/www.ernstbrunn-apotheke.at\/katalog\/wp-json\/wp\/v2\/product\/96484","targetHints":{"allow":["GET"]}}],"collection":[{"href":"https:\/\/www.ernstbrunn-apotheke.at\/katalog\/wp-json\/wp\/v2\/product"}],"about":[{"href":"https:\/\/www.ernstbrunn-apotheke.at\/katalog\/wp-json\/wp\/v2\/types\/product"}],"wp:featuredmedia":[{"embeddable":true,"href":"https:\/\/www.ernstbrunn-apotheke.at\/katalog\/wp-json\/wp\/v2\/media\/96486"}],"wp:attachment":[{"href":"https:\/\/www.ernstbrunn-apotheke.at\/katalog\/wp-json\/wp\/v2\/media?parent=96484"}],"wp:term":[{"taxonomy":"product_brand","embeddable":true,"href":"https:\/\/www.ernstbrunn-apotheke.at\/katalog\/wp-json\/wp\/v2\/product_brand?post=96484"},{"taxonomy":"product_cat","embeddable":true,"href":"https:\/\/www.ernstbrunn-apotheke.at\/katalog\/wp-json\/wp\/v2\/product_cat?post=96484"},{"taxonomy":"product_tag","embeddable":true,"href":"https:\/\/www.ernstbrunn-apotheke.at\/katalog\/wp-json\/wp\/v2\/product_tag?post=96484"}],"curies":[{"name":"wp","href":"https:\/\/api.w.org\/{rel}","templated":true}]}}