{"id":96474,"date":"2025-11-12T10:43:28","date_gmt":"2025-11-12T09:43:28","guid":{"rendered":"https:\/\/www.ernstbrunn-apotheke.at\/katalog\/produkt\/la-roche-posay-lipikar-urea-5-fluid-400-ml\/"},"modified":"2025-12-08T20:48:33","modified_gmt":"2025-12-08T19:48:33","slug":"la-roche-posay-lipikar-urea-5-fluid-400-ml","status":"publish","type":"product","link":"https:\/\/www.ernstbrunn-apotheke.at\/katalog\/produkt\/la-roche-posay-lipikar-urea-5-fluid-400-ml\/","title":{"rendered":"La Roche-Posay Lipikar Urea 5+ Fluid 400 ml"},"content":{"rendered":"<p>La Roche-Posay Lipikar Urea 5+ Fluid eignet sich hervorragend zur Pflege von trockener, rauer und schuppender Haut.\u00a0Urea\u00a0(Harnstoff) f\u00f6rdert die Abschuppung toter Hautzellen, gl\u00e4ttet und spendet intensive Feuchtigkeit, w\u00e4hrend der\u00a0Activating Protease Factor\u00a0das Eindringen des Harnstoffes in die Haut f\u00f6rdert. Die Barrierefunktion der Haut wird gest\u00e4rkt und der pH-Wert stabilisiert, was sich in der besonders guten Vertr\u00e4glichkeit wiederspiegelt. Die leichte Textur zieht schnell ein, klebt nicht und hinterl\u00e4sst ein gegl\u00e4ttetes und weiches Hautgef\u00fchl.<\/p>\n","protected":false},"excerpt":{"rendered":"<p>La Roche-Posay Lipikar Urea 5+ Fluid eignet sich hervorragend zur Pflege von trockener, rauer und schuppender Haut.\u00a0Urea\u00a0(Harnstoff) f\u00f6rdert die Abschuppung toter Hautzellen, gl\u00e4ttet und spendet intensive Feuchtigkeit, w\u00e4hrend der\u00a0Activating Protease Factor\u00a0das Eindringen des Harnstoffes in die Haut f\u00f6rdert. Die Barrierefunktion der Haut wird gest\u00e4rkt und der pH-Wert stabilisiert, was sich in der besonders guten Vertr\u00e4glichkeit [&hellip;]<\/p>\n","protected":false},"featured_media":96476,"template":"","meta":{"_acf_changed":false},"product_brand":[677],"product_cat":[795],"product_tag":[],"class_list":{"0":"post-96474","1":"product","2":"type-product","3":"status-publish","4":"has-post-thumbnail","6":"product_brand-la-roche-posay","7":"product_cat-l","8":"pa_packungsgroesse-400ml","10":"first","11":"instock","12":"shipping-taxable","13":"purchasable","14":"product-type-simple"},"acf":[],"_links":{"self":[{"href":"https:\/\/www.ernstbrunn-apotheke.at\/katalog\/wp-json\/wp\/v2\/product\/96474","targetHints":{"allow":["GET"]}}],"collection":[{"href":"https:\/\/www.ernstbrunn-apotheke.at\/katalog\/wp-json\/wp\/v2\/product"}],"about":[{"href":"https:\/\/www.ernstbrunn-apotheke.at\/katalog\/wp-json\/wp\/v2\/types\/product"}],"wp:featuredmedia":[{"embeddable":true,"href":"https:\/\/www.ernstbrunn-apotheke.at\/katalog\/wp-json\/wp\/v2\/media\/96476"}],"wp:attachment":[{"href":"https:\/\/www.ernstbrunn-apotheke.at\/katalog\/wp-json\/wp\/v2\/media?parent=96474"}],"wp:term":[{"taxonomy":"product_brand","embeddable":true,"href":"https:\/\/www.ernstbrunn-apotheke.at\/katalog\/wp-json\/wp\/v2\/product_brand?post=96474"},{"taxonomy":"product_cat","embeddable":true,"href":"https:\/\/www.ernstbrunn-apotheke.at\/katalog\/wp-json\/wp\/v2\/product_cat?post=96474"},{"taxonomy":"product_tag","embeddable":true,"href":"https:\/\/www.ernstbrunn-apotheke.at\/katalog\/wp-json\/wp\/v2\/product_tag?post=96474"}],"curies":[{"name":"wp","href":"https:\/\/api.w.org\/{rel}","templated":true}]}}