{"id":96447,"date":"2025-11-12T10:43:00","date_gmt":"2025-11-12T09:43:00","guid":{"rendered":"https:\/\/www.ernstbrunn-apotheke.at\/katalog\/produkt\/la-roche-posay-toleriane-dermallergo-tuchmaske-1-stk\/"},"modified":"2025-12-08T20:48:26","modified_gmt":"2025-12-08T19:48:26","slug":"la-roche-posay-toleriane-dermallergo-tuchmaske-1-stk","status":"publish","type":"product","link":"https:\/\/www.ernstbrunn-apotheke.at\/katalog\/produkt\/la-roche-posay-toleriane-dermallergo-tuchmaske-1-stk\/","title":{"rendered":"La Roche-Posay Toleriane Dermallergo Tuchmaske 1 Stk."},"content":{"rendered":"<p>Die Toleriane Ultra Dermallergo Gesichtsmaske versorgt die Haut intensiv mit Feuchtigkeit und mildert durch Hautempfindlichkeit hervorgerufene R\u00f6tungen. Die Haut f\u00fchlt sich beruhigt und gesch\u00fctzt an. Geeignet f\u00fcr empfindliche bis \u00fcberempfindliche Haut.Die Gesichtsmaske ist angereichert mit beruhigendem Neurosensine. Die Tuchmaske st\u00e4rkt die Hautschutzbarriere und mildert Hautirritationen. Die Toleriane Ultra Dermallergo Tuchmaske mit Hyaluron und Panthenol wirkt reizmildernd, hydratisierend und umsorgt empfindliche Haut intensiv. 0 % Duft\/Alkohol. Getestet an empfindlicher bis \u00fcberempfindlicher Haut. Augen\u00e4rztlich getestet.<\/p>\n","protected":false},"excerpt":{"rendered":"<p>Die Toleriane Ultra Dermallergo Gesichtsmaske versorgt die Haut intensiv mit Feuchtigkeit und mildert durch Hautempfindlichkeit hervorgerufene R\u00f6tungen. Die Haut f\u00fchlt sich beruhigt und gesch\u00fctzt an. Geeignet f\u00fcr empfindliche bis \u00fcberempfindliche Haut.Die Gesichtsmaske ist angereichert mit beruhigendem Neurosensine. Die Tuchmaske st\u00e4rkt die Hautschutzbarriere und mildert Hautirritationen. Die Toleriane Ultra Dermallergo Tuchmaske mit Hyaluron und Panthenol wirkt [&hellip;]<\/p>\n","protected":false},"featured_media":96449,"template":"","meta":{"_acf_changed":false},"product_brand":[677],"product_cat":[795],"product_tag":[],"class_list":{"0":"post-96447","1":"product","2":"type-product","3":"status-publish","4":"has-post-thumbnail","6":"product_brand-la-roche-posay","7":"product_cat-l","8":"pa_packungsgroesse-28g","10":"first","11":"instock","12":"shipping-taxable","13":"purchasable","14":"product-type-simple"},"acf":[],"_links":{"self":[{"href":"https:\/\/www.ernstbrunn-apotheke.at\/katalog\/wp-json\/wp\/v2\/product\/96447","targetHints":{"allow":["GET"]}}],"collection":[{"href":"https:\/\/www.ernstbrunn-apotheke.at\/katalog\/wp-json\/wp\/v2\/product"}],"about":[{"href":"https:\/\/www.ernstbrunn-apotheke.at\/katalog\/wp-json\/wp\/v2\/types\/product"}],"wp:featuredmedia":[{"embeddable":true,"href":"https:\/\/www.ernstbrunn-apotheke.at\/katalog\/wp-json\/wp\/v2\/media\/96449"}],"wp:attachment":[{"href":"https:\/\/www.ernstbrunn-apotheke.at\/katalog\/wp-json\/wp\/v2\/media?parent=96447"}],"wp:term":[{"taxonomy":"product_brand","embeddable":true,"href":"https:\/\/www.ernstbrunn-apotheke.at\/katalog\/wp-json\/wp\/v2\/product_brand?post=96447"},{"taxonomy":"product_cat","embeddable":true,"href":"https:\/\/www.ernstbrunn-apotheke.at\/katalog\/wp-json\/wp\/v2\/product_cat?post=96447"},{"taxonomy":"product_tag","embeddable":true,"href":"https:\/\/www.ernstbrunn-apotheke.at\/katalog\/wp-json\/wp\/v2\/product_tag?post=96447"}],"curies":[{"name":"wp","href":"https:\/\/api.w.org\/{rel}","templated":true}]}}