{"id":96373,"date":"2025-11-12T10:40:59","date_gmt":"2025-11-12T09:40:59","guid":{"rendered":"https:\/\/www.ernstbrunn-apotheke.at\/katalog\/produkt\/anti-brumm-kids-spray\/"},"modified":"2025-12-08T20:48:14","modified_gmt":"2025-12-08T19:48:14","slug":"anti-brumm-kids-spray","status":"publish","type":"product","link":"https:\/\/www.ernstbrunn-apotheke.at\/katalog\/produkt\/anti-brumm-kids-spray\/","title":{"rendered":"Anti Brumm Kids Spray"},"content":{"rendered":"<p>Anti Brumm Kids: Sicherer Schutz f\u00fcr die Kleinen. Gerade Kinder halten sich gerne viel im Freien auf. Sie streben danach, W\u00e4lder, Wiesen und Berge zu erkunden und zu entdecken \u2013 im Urlaub, wie auch Zuhause. Damit das Naturerlebnis nicht zur Tortur wird, ist eine geeignete Insektenabwehr das A und O. Anti Brumm Kids sorgt f\u00fcr langanhaltenden Schutz gegen Zecken und einheimische und tropische M\u00fccken und besitzt eine aussergew\u00f6hnlich gute Hautvertr\u00e4glichkeit. Dank seiner speziellen Zusammensetzung bietet Anti Brumm Kids Schutz vor M\u00fccken von bis zu 8 Stunden und Schutz vor Zecken von bis zu 5 Stunden.<\/p>\n","protected":false},"excerpt":{"rendered":"<p>Anti Brumm Kids: Sicherer Schutz f\u00fcr die Kleinen. Gerade Kinder halten sich gerne viel im Freien auf. Sie streben danach, W\u00e4lder, Wiesen und Berge zu erkunden und zu entdecken \u2013 im Urlaub, wie auch Zuhause. Damit das Naturerlebnis nicht zur Tortur wird, ist eine geeignete Insektenabwehr das A und O. Anti Brumm Kids sorgt f\u00fcr [&hellip;]<\/p>\n","protected":false},"featured_media":96375,"template":"","meta":{"_acf_changed":false},"product_brand":[],"product_cat":[801],"product_tag":[],"class_list":{"0":"post-96373","1":"product","2":"type-product","3":"status-publish","4":"has-post-thumbnail","6":"product_cat-a","7":"pa_packungsgroesse-150ml","9":"first","10":"instock","11":"shipping-taxable","12":"purchasable","13":"product-type-simple"},"acf":[],"_links":{"self":[{"href":"https:\/\/www.ernstbrunn-apotheke.at\/katalog\/wp-json\/wp\/v2\/product\/96373","targetHints":{"allow":["GET"]}}],"collection":[{"href":"https:\/\/www.ernstbrunn-apotheke.at\/katalog\/wp-json\/wp\/v2\/product"}],"about":[{"href":"https:\/\/www.ernstbrunn-apotheke.at\/katalog\/wp-json\/wp\/v2\/types\/product"}],"wp:featuredmedia":[{"embeddable":true,"href":"https:\/\/www.ernstbrunn-apotheke.at\/katalog\/wp-json\/wp\/v2\/media\/96375"}],"wp:attachment":[{"href":"https:\/\/www.ernstbrunn-apotheke.at\/katalog\/wp-json\/wp\/v2\/media?parent=96373"}],"wp:term":[{"taxonomy":"product_brand","embeddable":true,"href":"https:\/\/www.ernstbrunn-apotheke.at\/katalog\/wp-json\/wp\/v2\/product_brand?post=96373"},{"taxonomy":"product_cat","embeddable":true,"href":"https:\/\/www.ernstbrunn-apotheke.at\/katalog\/wp-json\/wp\/v2\/product_cat?post=96373"},{"taxonomy":"product_tag","embeddable":true,"href":"https:\/\/www.ernstbrunn-apotheke.at\/katalog\/wp-json\/wp\/v2\/product_tag?post=96373"}],"curies":[{"name":"wp","href":"https:\/\/api.w.org\/{rel}","templated":true}]}}