{"id":96312,"date":"2025-11-12T10:39:42","date_gmt":"2025-11-12T09:39:42","guid":{"rendered":"https:\/\/www.ernstbrunn-apotheke.at\/katalog\/produkt\/panaceo-med-darm-repair-kapseln-100-stk\/"},"modified":"2025-12-08T20:48:02","modified_gmt":"2025-12-08T19:48:02","slug":"panaceo-med-darm-repair-kapseln-100-stk","status":"publish","type":"product","link":"https:\/\/www.ernstbrunn-apotheke.at\/katalog\/produkt\/panaceo-med-darm-repair-kapseln-100-stk\/","title":{"rendered":"PANACEO MED Darm-Repair Kapseln 100 Stk."},"content":{"rendered":"<p>PANACEO MED Darm-Repair Kapseln mindert Leaky-Gut Beschwerden, repariert die Darmwand, lindert dadurch Entz\u00fcndungen und kann die Wirkung von Probiotika verst\u00e4rken. Es sch\u00fctzt au\u00dferdem Darm &#038; Immunsystem und entlastet Organe durch Bindung und Ausleitung von Schwermetallen (Blei, Cadmium, Arsen, Chrom und Nickel) aus dem Magen-Darm-Trakt. Halten Sie Ihren Darm gesund, denn ein gesunder Darm f\u00f6rdert das Wohlbefinden des gesamten K\u00f6rpers.<\/p>\n","protected":false},"excerpt":{"rendered":"<p>PANACEO MED Darm-Repair Kapseln mindert Leaky-Gut Beschwerden, repariert die Darmwand, lindert dadurch Entz\u00fcndungen und kann die Wirkung von Probiotika verst\u00e4rken. Es sch\u00fctzt au\u00dferdem Darm &#038; Immunsystem und entlastet Organe durch Bindung und Ausleitung von Schwermetallen (Blei, Cadmium, Arsen, Chrom und Nickel) aus dem Magen-Darm-Trakt. Halten Sie Ihren Darm gesund, denn ein gesunder Darm f\u00f6rdert das [&hellip;]<\/p>\n","protected":false},"featured_media":96314,"template":"","meta":{"_acf_changed":false},"product_brand":[1073],"product_cat":[793],"product_tag":[],"class_list":{"0":"post-96312","1":"product","2":"type-product","3":"status-publish","4":"has-post-thumbnail","6":"product_brand-panaceo","7":"product_cat-p","8":"pa_packungsgroesse-100-stueck","10":"first","11":"instock","12":"shipping-taxable","13":"purchasable","14":"product-type-simple"},"acf":[],"_links":{"self":[{"href":"https:\/\/www.ernstbrunn-apotheke.at\/katalog\/wp-json\/wp\/v2\/product\/96312","targetHints":{"allow":["GET"]}}],"collection":[{"href":"https:\/\/www.ernstbrunn-apotheke.at\/katalog\/wp-json\/wp\/v2\/product"}],"about":[{"href":"https:\/\/www.ernstbrunn-apotheke.at\/katalog\/wp-json\/wp\/v2\/types\/product"}],"wp:featuredmedia":[{"embeddable":true,"href":"https:\/\/www.ernstbrunn-apotheke.at\/katalog\/wp-json\/wp\/v2\/media\/96314"}],"wp:attachment":[{"href":"https:\/\/www.ernstbrunn-apotheke.at\/katalog\/wp-json\/wp\/v2\/media?parent=96312"}],"wp:term":[{"taxonomy":"product_brand","embeddable":true,"href":"https:\/\/www.ernstbrunn-apotheke.at\/katalog\/wp-json\/wp\/v2\/product_brand?post=96312"},{"taxonomy":"product_cat","embeddable":true,"href":"https:\/\/www.ernstbrunn-apotheke.at\/katalog\/wp-json\/wp\/v2\/product_cat?post=96312"},{"taxonomy":"product_tag","embeddable":true,"href":"https:\/\/www.ernstbrunn-apotheke.at\/katalog\/wp-json\/wp\/v2\/product_tag?post=96312"}],"curies":[{"name":"wp","href":"https:\/\/api.w.org\/{rel}","templated":true}]}}