{"id":9601,"date":"2025-11-07T14:02:09","date_gmt":"2025-11-07T13:02:09","guid":{"rendered":"https:\/\/www.ernstbrunn-apotheke.at\/katalog\/produkt\/dr-boehm-kuerbis-superplus-tabletten\/"},"modified":"2025-12-08T13:28:05","modified_gmt":"2025-12-08T12:28:05","slug":"dr-boehm-kuerbis-superplus-tabletten","status":"publish","type":"product","link":"https:\/\/www.ernstbrunn-apotheke.at\/katalog\/produkt\/dr-boehm-kuerbis-superplus-tabletten\/","title":{"rendered":"Dr. B\u00f6hm K\u00fcrbis superplus Tabletten"},"content":{"rendered":"<p>Dr. B\u00f6hm K\u00fcrbis Superplus Tabletten wurden zur Unterst\u00fctzung von Blase, Prostata und Vitalfunktion des Mannes entwickelt. Das enthaltene Extrakt aus K\u00fcrbiskernen wirkt sich besonders positiv auf die Harnwege und die Prostata des Mannes aus.<\/p>\n","protected":false},"excerpt":{"rendered":"<p>Dr. B\u00f6hm K\u00fcrbis Superplus Tabletten wurden zur Unterst\u00fctzung von Blase, Prostata und Vitalfunktion des Mannes entwickelt. Das enthaltene Extrakt aus K\u00fcrbiskernen wirkt sich besonders positiv auf die Harnwege und die Prostata des Mannes aus.<\/p>\n","protected":false},"featured_media":9603,"template":"","meta":{"_acf_changed":false},"product_brand":[365],"product_cat":[792],"product_tag":[],"class_list":{"0":"post-9601","1":"product","2":"type-product","3":"status-publish","4":"has-post-thumbnail","6":"product_brand-dr-boehm","7":"product_cat-d","8":"pa_packungsgroesse-30-stueck","10":"first","11":"instock","12":"shipping-taxable","13":"purchasable","14":"product-type-simple"},"acf":[],"_links":{"self":[{"href":"https:\/\/www.ernstbrunn-apotheke.at\/katalog\/wp-json\/wp\/v2\/product\/9601","targetHints":{"allow":["GET"]}}],"collection":[{"href":"https:\/\/www.ernstbrunn-apotheke.at\/katalog\/wp-json\/wp\/v2\/product"}],"about":[{"href":"https:\/\/www.ernstbrunn-apotheke.at\/katalog\/wp-json\/wp\/v2\/types\/product"}],"wp:featuredmedia":[{"embeddable":true,"href":"https:\/\/www.ernstbrunn-apotheke.at\/katalog\/wp-json\/wp\/v2\/media\/9603"}],"wp:attachment":[{"href":"https:\/\/www.ernstbrunn-apotheke.at\/katalog\/wp-json\/wp\/v2\/media?parent=9601"}],"wp:term":[{"taxonomy":"product_brand","embeddable":true,"href":"https:\/\/www.ernstbrunn-apotheke.at\/katalog\/wp-json\/wp\/v2\/product_brand?post=9601"},{"taxonomy":"product_cat","embeddable":true,"href":"https:\/\/www.ernstbrunn-apotheke.at\/katalog\/wp-json\/wp\/v2\/product_cat?post=9601"},{"taxonomy":"product_tag","embeddable":true,"href":"https:\/\/www.ernstbrunn-apotheke.at\/katalog\/wp-json\/wp\/v2\/product_tag?post=9601"}],"curies":[{"name":"wp","href":"https:\/\/api.w.org\/{rel}","templated":true}]}}