{"id":95954,"date":"2025-11-12T10:25:57","date_gmt":"2025-11-12T09:25:57","guid":{"rendered":"https:\/\/www.ernstbrunn-apotheke.at\/katalog\/produkt\/primavera-basisoel-bio-sanddorn-30-ml\/"},"modified":"2025-12-08T20:46:19","modified_gmt":"2025-12-08T19:46:19","slug":"primavera-basisoel-bio-sanddorn-30-ml","status":"publish","type":"product","link":"https:\/\/www.ernstbrunn-apotheke.at\/katalog\/produkt\/primavera-basisoel-bio-sanddorn-30-ml\/","title":{"rendered":"Primavera Basis\u00f6l Bio Sanddorn 30 ml"},"content":{"rendered":"<p>Primavera Produkte sind Nahrung f\u00fcr Haut und Sinne. F\u00fcr ganzheitliches Wohlbefinden jeden Tag. Seit 30 Jahren geh\u00f6ren die Liebe und das Engagement von Primavera den Heilpflanzen und ihren Wirkstoffen. Die Fr\u00fchlingsg\u00f6ttin Primavera ist das Qualit\u00e4tssiegel: F\u00fcr naturreine Produkte, f\u00fcr fairen Handel mit den Bioanbau-Partnern, f\u00fcr respektvollen Umgang mit Mensch und Natur<\/p>\n","protected":false},"excerpt":{"rendered":"<p>Primavera Produkte sind Nahrung f\u00fcr Haut und Sinne. F\u00fcr ganzheitliches Wohlbefinden jeden Tag. Seit 30 Jahren geh\u00f6ren die Liebe und das Engagement von Primavera den Heilpflanzen und ihren Wirkstoffen. Die Fr\u00fchlingsg\u00f6ttin Primavera ist das Qualit\u00e4tssiegel: F\u00fcr naturreine Produkte, f\u00fcr fairen Handel mit den Bioanbau-Partnern, f\u00fcr respektvollen Umgang mit Mensch und Natur<\/p>\n","protected":false},"featured_media":95956,"template":"","meta":{"_acf_changed":false},"product_brand":[806],"product_cat":[793],"product_tag":[],"class_list":{"0":"post-95954","1":"product","2":"type-product","3":"status-publish","4":"has-post-thumbnail","6":"product_brand-primavera","7":"product_cat-p","8":"pa_packungsgroesse-30ml","10":"first","11":"instock","12":"shipping-taxable","13":"purchasable","14":"product-type-simple"},"acf":[],"_links":{"self":[{"href":"https:\/\/www.ernstbrunn-apotheke.at\/katalog\/wp-json\/wp\/v2\/product\/95954","targetHints":{"allow":["GET"]}}],"collection":[{"href":"https:\/\/www.ernstbrunn-apotheke.at\/katalog\/wp-json\/wp\/v2\/product"}],"about":[{"href":"https:\/\/www.ernstbrunn-apotheke.at\/katalog\/wp-json\/wp\/v2\/types\/product"}],"wp:featuredmedia":[{"embeddable":true,"href":"https:\/\/www.ernstbrunn-apotheke.at\/katalog\/wp-json\/wp\/v2\/media\/95956"}],"wp:attachment":[{"href":"https:\/\/www.ernstbrunn-apotheke.at\/katalog\/wp-json\/wp\/v2\/media?parent=95954"}],"wp:term":[{"taxonomy":"product_brand","embeddable":true,"href":"https:\/\/www.ernstbrunn-apotheke.at\/katalog\/wp-json\/wp\/v2\/product_brand?post=95954"},{"taxonomy":"product_cat","embeddable":true,"href":"https:\/\/www.ernstbrunn-apotheke.at\/katalog\/wp-json\/wp\/v2\/product_cat?post=95954"},{"taxonomy":"product_tag","embeddable":true,"href":"https:\/\/www.ernstbrunn-apotheke.at\/katalog\/wp-json\/wp\/v2\/product_tag?post=95954"}],"curies":[{"name":"wp","href":"https:\/\/api.w.org\/{rel}","templated":true}]}}