{"id":95835,"date":"2025-11-12T10:22:40","date_gmt":"2025-11-12T09:22:40","guid":{"rendered":"https:\/\/www.ernstbrunn-apotheke.at\/katalog\/produkt\/eucerin-atopicontrol-balsam-400-ml\/"},"modified":"2025-12-08T20:45:48","modified_gmt":"2025-12-08T19:45:48","slug":"eucerin-atopicontrol-balsam-400-ml","status":"publish","type":"product","link":"https:\/\/www.ernstbrunn-apotheke.at\/katalog\/produkt\/eucerin-atopicontrol-balsam-400-ml\/","title":{"rendered":"Eucerin AtopiControl Balsam 400 ml"},"content":{"rendered":"<p>Der Eucerin AtopiControl Balsam f\u00fcr die t\u00e4gliche Basispflege beruhigt gereizte, sehr trockene und juckende Haut sofort und spendet intensiv Feuchtigkeit. Die schnell einziehende aber dennoch r\u00fcckfettende Textur enth\u00e4lt nat\u00fcrliche Inhaltsstoffe wie das beruhigende Licochalcone A (Extrakt aus der S\u00fc\u00dfholzwurzel), Ceramide und Sheabutter, um die Hautbarriere zu st\u00e4rken und der Trockenheit und dem Juckreiz entgegenzuwirken. Es kann au\u00dferdem bei Neurodermitis w\u00e4hrend einer Schubphase neben der AtopiControl Akutpflege Creme, dem Eucerin Anti-Juckreiz Spray und der gewohnten Medikation verwendet werden.<\/p>\n","protected":false},"excerpt":{"rendered":"<p>Der Eucerin AtopiControl Balsam f\u00fcr die t\u00e4gliche Basispflege beruhigt gereizte, sehr trockene und juckende Haut sofort und spendet intensiv Feuchtigkeit. Die schnell einziehende aber dennoch r\u00fcckfettende Textur enth\u00e4lt nat\u00fcrliche Inhaltsstoffe wie das beruhigende Licochalcone A (Extrakt aus der S\u00fc\u00dfholzwurzel), Ceramide und Sheabutter, um die Hautbarriere zu st\u00e4rken und der Trockenheit und dem Juckreiz entgegenzuwirken. Es [&hellip;]<\/p>\n","protected":false},"featured_media":95837,"template":"","meta":{"_acf_changed":false},"product_brand":[334],"product_cat":[794],"product_tag":[],"class_list":{"0":"post-95835","1":"product","2":"type-product","3":"status-publish","4":"has-post-thumbnail","6":"product_brand-eucerin","7":"product_cat-e","8":"pa_packungsgroesse-400ml","10":"first","11":"instock","12":"shipping-taxable","13":"purchasable","14":"product-type-simple"},"acf":[],"_links":{"self":[{"href":"https:\/\/www.ernstbrunn-apotheke.at\/katalog\/wp-json\/wp\/v2\/product\/95835","targetHints":{"allow":["GET"]}}],"collection":[{"href":"https:\/\/www.ernstbrunn-apotheke.at\/katalog\/wp-json\/wp\/v2\/product"}],"about":[{"href":"https:\/\/www.ernstbrunn-apotheke.at\/katalog\/wp-json\/wp\/v2\/types\/product"}],"wp:featuredmedia":[{"embeddable":true,"href":"https:\/\/www.ernstbrunn-apotheke.at\/katalog\/wp-json\/wp\/v2\/media\/95837"}],"wp:attachment":[{"href":"https:\/\/www.ernstbrunn-apotheke.at\/katalog\/wp-json\/wp\/v2\/media?parent=95835"}],"wp:term":[{"taxonomy":"product_brand","embeddable":true,"href":"https:\/\/www.ernstbrunn-apotheke.at\/katalog\/wp-json\/wp\/v2\/product_brand?post=95835"},{"taxonomy":"product_cat","embeddable":true,"href":"https:\/\/www.ernstbrunn-apotheke.at\/katalog\/wp-json\/wp\/v2\/product_cat?post=95835"},{"taxonomy":"product_tag","embeddable":true,"href":"https:\/\/www.ernstbrunn-apotheke.at\/katalog\/wp-json\/wp\/v2\/product_tag?post=95835"}],"curies":[{"name":"wp","href":"https:\/\/api.w.org\/{rel}","templated":true}]}}