{"id":95689,"date":"2025-11-12T10:19:34","date_gmt":"2025-11-12T09:19:34","guid":{"rendered":"https:\/\/www.ernstbrunn-apotheke.at\/katalog\/produkt\/primavera-kissenspray-30-ml-bio-schlaf\/"},"modified":"2025-12-08T20:45:21","modified_gmt":"2025-12-08T19:45:21","slug":"primavera-kissenspray-30-ml-bio-schlaf","status":"publish","type":"product","link":"https:\/\/www.ernstbrunn-apotheke.at\/katalog\/produkt\/primavera-kissenspray-30-ml-bio-schlaf\/","title":{"rendered":"Primavera Kissenspray 30 ml Bio Schlaf"},"content":{"rendered":"<p>Das praktische Kissenspray verspr\u00fcht einen entspannenden, kuscheligen Duft aus 100 % naturreinen \u00e4therischen \u00d6len und sorgt zuhause und unterwegs f\u00fcr ein gutes Gef\u00fchl beim Einschlafen.Schlaf ist neben Atemluft, Trinkwasser und Lebensmitteln eine der wichtigsten S\u00e4ulen unserer Gesundheit. Ausreichender und vor allem erholsamer Schlaf ist elementar f\u00fcr K\u00f6rper, Geist und Seele. Im Schlaf findet nicht nur der K\u00f6rper zur Ruhe, es werden auch die Eindr\u00fccke des Tages im Unterbewusstsein verarbeitet und Gelerntes verankert. Umso wichtiger ist es auf guten Schlaf zu achten. Nicht selten jedoch steht dem ein sich ewig drehendes Gedankenkarussell im Wege.LAVENDEL BIO kann zur Entspannung beitragen, die Sinne beruhigen und den erholsamen Schlaf unterst\u00fctzen. NEROLI kann ausgleichend wirken und schenkt Geborgenheit. VANILLE BIO zaubert eine harmonische und kuschelige, beruhigende Atmosph\u00e4re..<\/p>\n","protected":false},"excerpt":{"rendered":"<p>Das praktische Kissenspray verspr\u00fcht einen entspannenden, kuscheligen Duft aus 100 % naturreinen \u00e4therischen \u00d6len und sorgt zuhause und unterwegs f\u00fcr ein gutes Gef\u00fchl beim Einschlafen.Schlaf ist neben Atemluft, Trinkwasser und Lebensmitteln eine der wichtigsten S\u00e4ulen unserer Gesundheit. Ausreichender und vor allem erholsamer Schlaf ist elementar f\u00fcr K\u00f6rper, Geist und Seele. Im Schlaf findet nicht nur [&hellip;]<\/p>\n","protected":false},"featured_media":95691,"template":"","meta":{"_acf_changed":false},"product_brand":[806],"product_cat":[793],"product_tag":[],"class_list":{"0":"post-95689","1":"product","2":"type-product","3":"status-publish","4":"has-post-thumbnail","6":"product_brand-primavera","7":"product_cat-p","8":"pa_packungsgroesse-30ml","10":"first","11":"instock","12":"shipping-taxable","13":"purchasable","14":"product-type-simple"},"acf":[],"_links":{"self":[{"href":"https:\/\/www.ernstbrunn-apotheke.at\/katalog\/wp-json\/wp\/v2\/product\/95689","targetHints":{"allow":["GET"]}}],"collection":[{"href":"https:\/\/www.ernstbrunn-apotheke.at\/katalog\/wp-json\/wp\/v2\/product"}],"about":[{"href":"https:\/\/www.ernstbrunn-apotheke.at\/katalog\/wp-json\/wp\/v2\/types\/product"}],"wp:featuredmedia":[{"embeddable":true,"href":"https:\/\/www.ernstbrunn-apotheke.at\/katalog\/wp-json\/wp\/v2\/media\/95691"}],"wp:attachment":[{"href":"https:\/\/www.ernstbrunn-apotheke.at\/katalog\/wp-json\/wp\/v2\/media?parent=95689"}],"wp:term":[{"taxonomy":"product_brand","embeddable":true,"href":"https:\/\/www.ernstbrunn-apotheke.at\/katalog\/wp-json\/wp\/v2\/product_brand?post=95689"},{"taxonomy":"product_cat","embeddable":true,"href":"https:\/\/www.ernstbrunn-apotheke.at\/katalog\/wp-json\/wp\/v2\/product_cat?post=95689"},{"taxonomy":"product_tag","embeddable":true,"href":"https:\/\/www.ernstbrunn-apotheke.at\/katalog\/wp-json\/wp\/v2\/product_tag?post=95689"}],"curies":[{"name":"wp","href":"https:\/\/api.w.org\/{rel}","templated":true}]}}