{"id":95666,"date":"2025-11-12T10:19:03","date_gmt":"2025-11-12T09:19:03","guid":{"rendered":"https:\/\/www.ernstbrunn-apotheke.at\/katalog\/produkt\/primavera-aetherisches-oel-oud-5-5-ml\/"},"modified":"2025-12-08T20:45:13","modified_gmt":"2025-12-08T19:45:13","slug":"primavera-aetherisches-oel-oud-5-5-ml","status":"publish","type":"product","link":"https:\/\/www.ernstbrunn-apotheke.at\/katalog\/produkt\/primavera-aetherisches-oel-oud-5-5-ml\/","title":{"rendered":"Primavera \u00c4therisches \u00d6l Oud 5% 5 ml"},"content":{"rendered":"<p>Das Primavera Produkt ist ein \u00e4therisches \u00d6l zur vielseitigen Anwendung wie in der Duftlampe, f\u00fcr sinnliche Massage- und K\u00f6rper\u00f6le, f\u00fcr innere Sammlung und Zeremonien oder als Kosmetikum f\u00fcr die Aromapflege. Es enth\u00e4lt 5% Oud, ein von einem Schimmelpilz befallenes Holz des asiatischen Adlerholzbaumes, das sehr gut mit Rose, Weihrauch, Myrrhe, Cassia, Zimt, Tolu, Nelke und Eichenmoos harmoniert. Nicht zur Einnahme bestimmt!<\/p>\n","protected":false},"excerpt":{"rendered":"<p>Das Primavera Produkt ist ein \u00e4therisches \u00d6l zur vielseitigen Anwendung wie in der Duftlampe, f\u00fcr sinnliche Massage- und K\u00f6rper\u00f6le, f\u00fcr innere Sammlung und Zeremonien oder als Kosmetikum f\u00fcr die Aromapflege. Es enth\u00e4lt 5% Oud, ein von einem Schimmelpilz befallenes Holz des asiatischen Adlerholzbaumes, das sehr gut mit Rose, Weihrauch, Myrrhe, Cassia, Zimt, Tolu, Nelke und [&hellip;]<\/p>\n","protected":false},"featured_media":95668,"template":"","meta":{"_acf_changed":false},"product_brand":[806],"product_cat":[793],"product_tag":[],"class_list":{"0":"post-95666","1":"product","2":"type-product","3":"status-publish","4":"has-post-thumbnail","6":"product_brand-primavera","7":"product_cat-p","8":"pa_packungsgroesse-5ml","10":"first","11":"instock","12":"shipping-taxable","13":"purchasable","14":"product-type-simple"},"acf":[],"_links":{"self":[{"href":"https:\/\/www.ernstbrunn-apotheke.at\/katalog\/wp-json\/wp\/v2\/product\/95666","targetHints":{"allow":["GET"]}}],"collection":[{"href":"https:\/\/www.ernstbrunn-apotheke.at\/katalog\/wp-json\/wp\/v2\/product"}],"about":[{"href":"https:\/\/www.ernstbrunn-apotheke.at\/katalog\/wp-json\/wp\/v2\/types\/product"}],"wp:featuredmedia":[{"embeddable":true,"href":"https:\/\/www.ernstbrunn-apotheke.at\/katalog\/wp-json\/wp\/v2\/media\/95668"}],"wp:attachment":[{"href":"https:\/\/www.ernstbrunn-apotheke.at\/katalog\/wp-json\/wp\/v2\/media?parent=95666"}],"wp:term":[{"taxonomy":"product_brand","embeddable":true,"href":"https:\/\/www.ernstbrunn-apotheke.at\/katalog\/wp-json\/wp\/v2\/product_brand?post=95666"},{"taxonomy":"product_cat","embeddable":true,"href":"https:\/\/www.ernstbrunn-apotheke.at\/katalog\/wp-json\/wp\/v2\/product_cat?post=95666"},{"taxonomy":"product_tag","embeddable":true,"href":"https:\/\/www.ernstbrunn-apotheke.at\/katalog\/wp-json\/wp\/v2\/product_tag?post=95666"}],"curies":[{"name":"wp","href":"https:\/\/api.w.org\/{rel}","templated":true}]}}