{"id":95644,"date":"2025-11-12T10:18:05","date_gmt":"2025-11-12T09:18:05","guid":{"rendered":"https:\/\/www.ernstbrunn-apotheke.at\/katalog\/produkt\/oekopharm-haut-haare-naegel-kapseln\/"},"modified":"2025-12-08T20:45:04","modified_gmt":"2025-12-08T19:45:04","slug":"oekopharm-haut-haare-naegel-kapseln","status":"publish","type":"product","link":"https:\/\/www.ernstbrunn-apotheke.at\/katalog\/produkt\/oekopharm-haut-haare-naegel-kapseln\/","title":{"rendered":"\u00d6kopharm Haut Haare N\u00e4gel Kapseln"},"content":{"rendered":"<p>Der \u00d6kopharm Haut-Haare-N\u00e4gel Wirkkomplex 60 Stk. (ehemals BeautyCaps) ist durchdacht zusammengesetzt mit hochwertigem trans-Resveratrol, Coenzym Q10 und Hyalurons\u00e4ure, 1Biotin, Zink und Selen als Beitrag zur Erhaltung normaler Haare, 3Kupfer als Beitrag zur normalen Pigmentierung der Haare, 2Zink und Selen als Beitrag zur Erhaltung normaler N\u00e4gel und Phyto-Panmol\u00ae Vitamin C aus der Acerolakirsche<\/p>\n","protected":false},"excerpt":{"rendered":"<p>Der \u00d6kopharm Haut-Haare-N\u00e4gel Wirkkomplex 60 Stk. (ehemals BeautyCaps) ist durchdacht zusammengesetzt mit hochwertigem trans-Resveratrol, Coenzym Q10 und Hyalurons\u00e4ure, 1Biotin, Zink und Selen als Beitrag zur Erhaltung normaler Haare, 3Kupfer als Beitrag zur normalen Pigmentierung der Haare, 2Zink und Selen als Beitrag zur Erhaltung normaler N\u00e4gel und Phyto-Panmol\u00ae Vitamin C aus der Acerolakirsche<\/p>\n","protected":false},"featured_media":6646,"template":"","meta":{"_acf_changed":false},"product_brand":[357],"product_cat":[801],"product_tag":[],"class_list":{"0":"post-95644","1":"product","2":"type-product","3":"status-publish","4":"has-post-thumbnail","6":"product_brand-oekopharm","7":"product_cat-a","8":"pa_packungsgroesse-60-stueck","10":"first","11":"instock","12":"shipping-taxable","13":"purchasable","14":"product-type-simple"},"acf":[],"_links":{"self":[{"href":"https:\/\/www.ernstbrunn-apotheke.at\/katalog\/wp-json\/wp\/v2\/product\/95644","targetHints":{"allow":["GET"]}}],"collection":[{"href":"https:\/\/www.ernstbrunn-apotheke.at\/katalog\/wp-json\/wp\/v2\/product"}],"about":[{"href":"https:\/\/www.ernstbrunn-apotheke.at\/katalog\/wp-json\/wp\/v2\/types\/product"}],"wp:featuredmedia":[{"embeddable":true,"href":"https:\/\/www.ernstbrunn-apotheke.at\/katalog\/wp-json\/wp\/v2\/media\/6646"}],"wp:attachment":[{"href":"https:\/\/www.ernstbrunn-apotheke.at\/katalog\/wp-json\/wp\/v2\/media?parent=95644"}],"wp:term":[{"taxonomy":"product_brand","embeddable":true,"href":"https:\/\/www.ernstbrunn-apotheke.at\/katalog\/wp-json\/wp\/v2\/product_brand?post=95644"},{"taxonomy":"product_cat","embeddable":true,"href":"https:\/\/www.ernstbrunn-apotheke.at\/katalog\/wp-json\/wp\/v2\/product_cat?post=95644"},{"taxonomy":"product_tag","embeddable":true,"href":"https:\/\/www.ernstbrunn-apotheke.at\/katalog\/wp-json\/wp\/v2\/product_tag?post=95644"}],"curies":[{"name":"wp","href":"https:\/\/api.w.org\/{rel}","templated":true}]}}