{"id":95600,"date":"2025-11-12T10:17:12","date_gmt":"2025-11-12T09:17:12","guid":{"rendered":"https:\/\/www.ernstbrunn-apotheke.at\/katalog\/produkt\/pure-encapsulations-immun-aktiv-kapseln-30-stk\/"},"modified":"2025-12-08T20:44:47","modified_gmt":"2025-12-08T19:44:47","slug":"pure-encapsulations-immun-aktiv-kapseln-30-stk","status":"publish","type":"product","link":"https:\/\/www.ernstbrunn-apotheke.at\/katalog\/produkt\/pure-encapsulations-immun-aktiv-kapseln-30-stk\/","title":{"rendered":"Pure Encapsulations Immun Aktiv Kapseln 30 Stk."},"content":{"rendered":"<p>Pure Encapsulations Immun Aktiv Kapseln &#8211; die innovative Kombination aus immunaktiven Mikron\u00e4hrstoffen stellt eine leistungsf\u00e4hige Grundlage f\u00fcr ein flexibles Immunsystem und mehr Wohlbefinden dar. Vitamin C und Zink unterst\u00fctzen die normale Funktion des Immunsystems und tragen dazu bei, die Zellen vor oxidativem Stress zu sch\u00fctzen. Vitamin D3, auch als \u201eSonnenvitamin\u201c bezeichnet, f\u00f6rdert die Aktivierung der Immunzellen und tr\u00e4gt so zur normalen Funktion des Immunsystems bei. Extrakte aus Holunderbeeren, Melisse und Aloe Vera enthalten wertvolle Pflanzenstoffe sowie Vitamine. Die Fr\u00fcchte des Holunders sind reich an Vitamin C und Fols\u00e4ure. Citrus-Bioflavonoide und Hesperidin sind nat\u00fcrlich in Citrus-Fr\u00fcchten enthalten und tragen zu einer verbesserten Aufnahme von Vitamin C bei. Astragalus (Tragant) und Taigawurzel (Eleuthero) sind reich an wertvollen Polysacchariden und traditionell als Tonika f\u00fcr das allgemeine Wohlbefinden bekannt.<\/p>\n","protected":false},"excerpt":{"rendered":"<p>Pure Encapsulations Immun Aktiv Kapseln &#8211; die innovative Kombination aus immunaktiven Mikron\u00e4hrstoffen stellt eine leistungsf\u00e4hige Grundlage f\u00fcr ein flexibles Immunsystem und mehr Wohlbefinden dar. Vitamin C und Zink unterst\u00fctzen die normale Funktion des Immunsystems und tragen dazu bei, die Zellen vor oxidativem Stress zu sch\u00fctzen. Vitamin D3, auch als \u201eSonnenvitamin\u201c bezeichnet, f\u00f6rdert die Aktivierung der [&hellip;]<\/p>\n","protected":false},"featured_media":95602,"template":"","meta":{"_acf_changed":false},"product_brand":[336],"product_cat":[793],"product_tag":[],"class_list":{"0":"post-95600","1":"product","2":"type-product","3":"status-publish","4":"has-post-thumbnail","6":"product_brand-pure-encapsulations","7":"product_cat-p","8":"pa_packungsgroesse-30-stueck","10":"first","11":"instock","12":"shipping-taxable","13":"purchasable","14":"product-type-simple"},"acf":[],"_links":{"self":[{"href":"https:\/\/www.ernstbrunn-apotheke.at\/katalog\/wp-json\/wp\/v2\/product\/95600","targetHints":{"allow":["GET"]}}],"collection":[{"href":"https:\/\/www.ernstbrunn-apotheke.at\/katalog\/wp-json\/wp\/v2\/product"}],"about":[{"href":"https:\/\/www.ernstbrunn-apotheke.at\/katalog\/wp-json\/wp\/v2\/types\/product"}],"wp:featuredmedia":[{"embeddable":true,"href":"https:\/\/www.ernstbrunn-apotheke.at\/katalog\/wp-json\/wp\/v2\/media\/95602"}],"wp:attachment":[{"href":"https:\/\/www.ernstbrunn-apotheke.at\/katalog\/wp-json\/wp\/v2\/media?parent=95600"}],"wp:term":[{"taxonomy":"product_brand","embeddable":true,"href":"https:\/\/www.ernstbrunn-apotheke.at\/katalog\/wp-json\/wp\/v2\/product_brand?post=95600"},{"taxonomy":"product_cat","embeddable":true,"href":"https:\/\/www.ernstbrunn-apotheke.at\/katalog\/wp-json\/wp\/v2\/product_cat?post=95600"},{"taxonomy":"product_tag","embeddable":true,"href":"https:\/\/www.ernstbrunn-apotheke.at\/katalog\/wp-json\/wp\/v2\/product_tag?post=95600"}],"curies":[{"name":"wp","href":"https:\/\/api.w.org\/{rel}","templated":true}]}}