{"id":95594,"date":"2025-11-12T10:17:12","date_gmt":"2025-11-12T09:17:12","guid":{"rendered":"https:\/\/www.ernstbrunn-apotheke.at\/katalog\/produkt\/pure-encapsulations-brokkoli-plus-kapseln-30-stk\/"},"modified":"2025-12-08T20:44:46","modified_gmt":"2025-12-08T19:44:46","slug":"pure-encapsulations-brokkoli-plus-kapseln-30-stk","status":"publish","type":"product","link":"https:\/\/www.ernstbrunn-apotheke.at\/katalog\/produkt\/pure-encapsulations-brokkoli-plus-kapseln-30-stk\/","title":{"rendered":"Pure Encapsulations Brokkoli Plus Kapseln 30 Stk."},"content":{"rendered":"<p>Brokkoli Plus Kapseln von Pure Encapsulations enth\u00e4lt die Essenz aus Brokkolisprossen, Resveratrol sowie Glutathion. Brokkolisprossen liefern wertvolles Sulforaphan f\u00fcr die T\u00e4tigkeit des Nrf2-Proteins in den K\u00f6rperzellen. Der innovative Dreifach-Komplex unterst\u00fctzt einen bewussten Lebensstil \u2013 ideal zur Erg\u00e4nzung einer ausgewogenen Ern\u00e4hrung und f\u00fcr den Neustart unseres K\u00f6rpers. Das \u201eSuperfood\u201c Brokkoli ist \u00fcber kurz oder lang ein optimaler Begleiter. Pure Encapsulations Brokkoli plus basiert auf hochwertigen Reinsubstanzen. H\u00f6chstm\u00f6gliche Qualit\u00e4tsstandards garantieren, dass die verwendeten Inhaltsstoffe maximal vertr\u00e4glich sind und eine optimale Bioverf\u00fcgbarkeit aufweisen. Deshalb gelten wir auch weltweit als das Original bei Reinsubstanzen. Zum leichten Leben bedarf es wenig. Auch auf k\u00fcnstliche Farb- und Geschmacksstoffe hat man bei Pure Encapsulations verzichtet.<\/p>\n","protected":false},"excerpt":{"rendered":"<p>Brokkoli Plus Kapseln von Pure Encapsulations enth\u00e4lt die Essenz aus Brokkolisprossen, Resveratrol sowie Glutathion. Brokkolisprossen liefern wertvolles Sulforaphan f\u00fcr die T\u00e4tigkeit des Nrf2-Proteins in den K\u00f6rperzellen. Der innovative Dreifach-Komplex unterst\u00fctzt einen bewussten Lebensstil \u2013 ideal zur Erg\u00e4nzung einer ausgewogenen Ern\u00e4hrung und f\u00fcr den Neustart unseres K\u00f6rpers. Das \u201eSuperfood\u201c Brokkoli ist \u00fcber kurz oder lang ein [&hellip;]<\/p>\n","protected":false},"featured_media":95596,"template":"","meta":{"_acf_changed":false},"product_brand":[336],"product_cat":[793],"product_tag":[],"class_list":{"0":"post-95594","1":"product","2":"type-product","3":"status-publish","4":"has-post-thumbnail","6":"product_brand-pure-encapsulations","7":"product_cat-p","8":"pa_packungsgroesse-30-stueck","10":"first","11":"instock","12":"shipping-taxable","13":"purchasable","14":"product-type-simple"},"acf":[],"_links":{"self":[{"href":"https:\/\/www.ernstbrunn-apotheke.at\/katalog\/wp-json\/wp\/v2\/product\/95594","targetHints":{"allow":["GET"]}}],"collection":[{"href":"https:\/\/www.ernstbrunn-apotheke.at\/katalog\/wp-json\/wp\/v2\/product"}],"about":[{"href":"https:\/\/www.ernstbrunn-apotheke.at\/katalog\/wp-json\/wp\/v2\/types\/product"}],"wp:featuredmedia":[{"embeddable":true,"href":"https:\/\/www.ernstbrunn-apotheke.at\/katalog\/wp-json\/wp\/v2\/media\/95596"}],"wp:attachment":[{"href":"https:\/\/www.ernstbrunn-apotheke.at\/katalog\/wp-json\/wp\/v2\/media?parent=95594"}],"wp:term":[{"taxonomy":"product_brand","embeddable":true,"href":"https:\/\/www.ernstbrunn-apotheke.at\/katalog\/wp-json\/wp\/v2\/product_brand?post=95594"},{"taxonomy":"product_cat","embeddable":true,"href":"https:\/\/www.ernstbrunn-apotheke.at\/katalog\/wp-json\/wp\/v2\/product_cat?post=95594"},{"taxonomy":"product_tag","embeddable":true,"href":"https:\/\/www.ernstbrunn-apotheke.at\/katalog\/wp-json\/wp\/v2\/product_tag?post=95594"}],"curies":[{"name":"wp","href":"https:\/\/api.w.org\/{rel}","templated":true}]}}