{"id":95590,"date":"2025-11-12T10:17:12","date_gmt":"2025-11-12T09:17:12","guid":{"rendered":"https:\/\/www.ernstbrunn-apotheke.at\/katalog\/produkt\/optifast-suppe-tomate-8-x-55-g-10-pk\/"},"modified":"2025-12-08T20:44:43","modified_gmt":"2025-12-08T19:44:43","slug":"optifast-suppe-tomate-8-x-55-g-10-pk","status":"publish","type":"product","link":"https:\/\/www.ernstbrunn-apotheke.at\/katalog\/produkt\/optifast-suppe-tomate-8-x-55-g-10-pk\/","title":{"rendered":"Optifast Suppe Tomate 8 x 55 g 10 Pk."},"content":{"rendered":"<p>Optifast Tomaten Suppe ist die vollwertige Mahlzeit zur Unterst\u00fctzung beim Abnehmen. Der eiwei\u00dfreiche Mahlzeitersatz mit 216 kcal ist reich an Vitaminen und Mineralstoffen, l\u00e4sst sich schnell und einfach zubereiten und schmeckt hervorragend. 1 Packung enth\u00e4lt 8 Portionen.<\/p>\n","protected":false},"excerpt":{"rendered":"<p>Optifast Tomaten Suppe ist die vollwertige Mahlzeit zur Unterst\u00fctzung beim Abnehmen. Der eiwei\u00dfreiche Mahlzeitersatz mit 216 kcal ist reich an Vitaminen und Mineralstoffen, l\u00e4sst sich schnell und einfach zubereiten und schmeckt hervorragend. 1 Packung enth\u00e4lt 8 Portionen.<\/p>\n","protected":false},"featured_media":0,"template":"","meta":{"_acf_changed":false},"product_brand":[1126],"product_cat":[819],"product_tag":[],"class_list":{"0":"post-95590","1":"product","2":"type-product","3":"status-publish","5":"product_brand-optifast","6":"product_cat-o","7":"pa_packungsgroesse-1321","9":"first","10":"instock","11":"shipping-taxable","12":"purchasable","13":"product-type-simple"},"acf":[],"_links":{"self":[{"href":"https:\/\/www.ernstbrunn-apotheke.at\/katalog\/wp-json\/wp\/v2\/product\/95590","targetHints":{"allow":["GET"]}}],"collection":[{"href":"https:\/\/www.ernstbrunn-apotheke.at\/katalog\/wp-json\/wp\/v2\/product"}],"about":[{"href":"https:\/\/www.ernstbrunn-apotheke.at\/katalog\/wp-json\/wp\/v2\/types\/product"}],"wp:attachment":[{"href":"https:\/\/www.ernstbrunn-apotheke.at\/katalog\/wp-json\/wp\/v2\/media?parent=95590"}],"wp:term":[{"taxonomy":"product_brand","embeddable":true,"href":"https:\/\/www.ernstbrunn-apotheke.at\/katalog\/wp-json\/wp\/v2\/product_brand?post=95590"},{"taxonomy":"product_cat","embeddable":true,"href":"https:\/\/www.ernstbrunn-apotheke.at\/katalog\/wp-json\/wp\/v2\/product_cat?post=95590"},{"taxonomy":"product_tag","embeddable":true,"href":"https:\/\/www.ernstbrunn-apotheke.at\/katalog\/wp-json\/wp\/v2\/product_tag?post=95590"}],"curies":[{"name":"wp","href":"https:\/\/api.w.org\/{rel}","templated":true}]}}