{"id":95534,"date":"2025-11-12T10:15:48","date_gmt":"2025-11-12T09:15:48","guid":{"rendered":"https:\/\/www.ernstbrunn-apotheke.at\/katalog\/produkt\/optifast-drink-vanille-8-x-55-g-1-pk\/"},"modified":"2025-12-08T20:44:27","modified_gmt":"2025-12-08T19:44:27","slug":"optifast-drink-vanille-8-x-55-g-1-pk","status":"publish","type":"product","link":"https:\/\/www.ernstbrunn-apotheke.at\/katalog\/produkt\/optifast-drink-vanille-8-x-55-g-1-pk\/","title":{"rendered":"Optifast Drink Vanille 8 x 55 g 1 Pk."},"content":{"rendered":"<p>Optifast Drink ist die vollwertige Mahlzeit zur Unterst\u00fctzung beim Abnehmen. Der eiwei\u00dfreiche Mahlzeitersatz mit 216 kcal ist reich an Vitaminen und Mineralstoffen, l\u00e4sst sich schnell und einfach zubereiten und schmeckt hervorragend. 1 Packung enth\u00e4lt 8 Portionen.<\/p>\n","protected":false},"excerpt":{"rendered":"<p>Optifast Drink ist die vollwertige Mahlzeit zur Unterst\u00fctzung beim Abnehmen. Der eiwei\u00dfreiche Mahlzeitersatz mit 216 kcal ist reich an Vitaminen und Mineralstoffen, l\u00e4sst sich schnell und einfach zubereiten und schmeckt hervorragend. 1 Packung enth\u00e4lt 8 Portionen.<\/p>\n","protected":false},"featured_media":95536,"template":"","meta":{"_acf_changed":false},"product_brand":[1126],"product_cat":[819],"product_tag":[],"class_list":{"0":"post-95534","1":"product","2":"type-product","3":"status-publish","4":"has-post-thumbnail","6":"product_brand-optifast","7":"product_cat-o","8":"pa_packungsgroesse-500","10":"first","11":"instock","12":"shipping-taxable","13":"purchasable","14":"product-type-simple"},"acf":[],"_links":{"self":[{"href":"https:\/\/www.ernstbrunn-apotheke.at\/katalog\/wp-json\/wp\/v2\/product\/95534","targetHints":{"allow":["GET"]}}],"collection":[{"href":"https:\/\/www.ernstbrunn-apotheke.at\/katalog\/wp-json\/wp\/v2\/product"}],"about":[{"href":"https:\/\/www.ernstbrunn-apotheke.at\/katalog\/wp-json\/wp\/v2\/types\/product"}],"wp:featuredmedia":[{"embeddable":true,"href":"https:\/\/www.ernstbrunn-apotheke.at\/katalog\/wp-json\/wp\/v2\/media\/95536"}],"wp:attachment":[{"href":"https:\/\/www.ernstbrunn-apotheke.at\/katalog\/wp-json\/wp\/v2\/media?parent=95534"}],"wp:term":[{"taxonomy":"product_brand","embeddable":true,"href":"https:\/\/www.ernstbrunn-apotheke.at\/katalog\/wp-json\/wp\/v2\/product_brand?post=95534"},{"taxonomy":"product_cat","embeddable":true,"href":"https:\/\/www.ernstbrunn-apotheke.at\/katalog\/wp-json\/wp\/v2\/product_cat?post=95534"},{"taxonomy":"product_tag","embeddable":true,"href":"https:\/\/www.ernstbrunn-apotheke.at\/katalog\/wp-json\/wp\/v2\/product_tag?post=95534"}],"curies":[{"name":"wp","href":"https:\/\/api.w.org\/{rel}","templated":true}]}}