{"id":95468,"date":"2025-11-12T10:13:51","date_gmt":"2025-11-12T09:13:51","guid":{"rendered":"https:\/\/www.ernstbrunn-apotheke.at\/katalog\/produkt\/dr-hauschka-neem-nageloel-18-ml\/"},"modified":"2025-12-08T20:44:11","modified_gmt":"2025-12-08T19:44:11","slug":"dr-hauschka-neem-nageloel-18-ml","status":"publish","type":"product","link":"https:\/\/www.ernstbrunn-apotheke.at\/katalog\/produkt\/dr-hauschka-neem-nageloel-18-ml\/","title":{"rendered":"Dr. Hauschka Neem Nagel\u00f6l 18 ml"},"content":{"rendered":"<p>Das Dr. Hauschka Neem Nagel\u00f6l festigt und kr\u00e4ftigt die N\u00e4gel, h\u00e4lt die Nagelhaut geschmeidig und beugt Rissen vor. Zus\u00e4tzlich unterst\u00fctzt das Nagel\u00f6l auch nachhaltig die Gesundheit der N\u00e4gel, weil dieses Nagelpflege\u00f6l einem \u00fcberm\u00e4\u00dfigen Verhornen der Nagelhaut vorbeugt und dabei hilft, dass die Nagelsubstanz gesund nachw\u00e4chst. Das Neem Nagel\u00f6l eignet sich f\u00fcr H\u00e4nde und F\u00fc\u00dfe.<\/p>\n","protected":false},"excerpt":{"rendered":"<p>Das Dr. Hauschka Neem Nagel\u00f6l festigt und kr\u00e4ftigt die N\u00e4gel, h\u00e4lt die Nagelhaut geschmeidig und beugt Rissen vor. Zus\u00e4tzlich unterst\u00fctzt das Nagel\u00f6l auch nachhaltig die Gesundheit der N\u00e4gel, weil dieses Nagelpflege\u00f6l einem \u00fcberm\u00e4\u00dfigen Verhornen der Nagelhaut vorbeugt und dabei hilft, dass die Nagelsubstanz gesund nachw\u00e4chst. Das Neem Nagel\u00f6l eignet sich f\u00fcr H\u00e4nde und F\u00fc\u00dfe.<\/p>\n","protected":false},"featured_media":95470,"template":"","meta":{"_acf_changed":false},"product_brand":[679],"product_cat":[792],"product_tag":[],"class_list":{"0":"post-95468","1":"product","2":"type-product","3":"status-publish","4":"has-post-thumbnail","6":"product_brand-dr-hauschka","7":"product_cat-d","8":"pa_packungsgroesse-18ml","10":"first","11":"instock","12":"shipping-taxable","13":"purchasable","14":"product-type-simple"},"acf":[],"_links":{"self":[{"href":"https:\/\/www.ernstbrunn-apotheke.at\/katalog\/wp-json\/wp\/v2\/product\/95468","targetHints":{"allow":["GET"]}}],"collection":[{"href":"https:\/\/www.ernstbrunn-apotheke.at\/katalog\/wp-json\/wp\/v2\/product"}],"about":[{"href":"https:\/\/www.ernstbrunn-apotheke.at\/katalog\/wp-json\/wp\/v2\/types\/product"}],"wp:featuredmedia":[{"embeddable":true,"href":"https:\/\/www.ernstbrunn-apotheke.at\/katalog\/wp-json\/wp\/v2\/media\/95470"}],"wp:attachment":[{"href":"https:\/\/www.ernstbrunn-apotheke.at\/katalog\/wp-json\/wp\/v2\/media?parent=95468"}],"wp:term":[{"taxonomy":"product_brand","embeddable":true,"href":"https:\/\/www.ernstbrunn-apotheke.at\/katalog\/wp-json\/wp\/v2\/product_brand?post=95468"},{"taxonomy":"product_cat","embeddable":true,"href":"https:\/\/www.ernstbrunn-apotheke.at\/katalog\/wp-json\/wp\/v2\/product_cat?post=95468"},{"taxonomy":"product_tag","embeddable":true,"href":"https:\/\/www.ernstbrunn-apotheke.at\/katalog\/wp-json\/wp\/v2\/product_tag?post=95468"}],"curies":[{"name":"wp","href":"https:\/\/api.w.org\/{rel}","templated":true}]}}