{"id":95351,"date":"2025-11-12T10:11:18","date_gmt":"2025-11-12T09:11:18","guid":{"rendered":"https:\/\/www.ernstbrunn-apotheke.at\/katalog\/produkt\/vichy-dercos-kera-solutions-haarserum-40-ml\/"},"modified":"2025-12-08T20:43:31","modified_gmt":"2025-12-08T19:43:31","slug":"vichy-dercos-kera-solutions-haarserum-40-ml","status":"publish","type":"product","link":"https:\/\/www.ernstbrunn-apotheke.at\/katalog\/produkt\/vichy-dercos-kera-solutions-haarserum-40-ml\/","title":{"rendered":"VICHY Dercos Kera-Solutions Haarserum 40 ml"},"content":{"rendered":"<p>Die ideale Haarpflege f\u00fcr br\u00fcchiges Haar: Das DERCOS Kera-Solutions Haarserum von Vichy enth\u00e4lt eine hohe Konzentration des Pro-Keratin-Komplexes in Kombination mit Hyaluron, um gesch\u00e4digtes Haar und die Spitzen sofort zu reparieren. Chemische, mechanische und thermische Aggressoren beeintr\u00e4chtigen die Haarstruktur erheblich und k\u00f6nnen zu einem Keratin-Abbau f\u00fchren. Das Haar wirkt stark gesch\u00e4digt, rau, stumpf und spr\u00f6de. In Kombination mit dem Kera-Solutions Shampoo und der Haarmaske kann das Haarserum Sch\u00e4den an der Oberfl\u00e4che sofort reduzieren, die Haarstruktur gl\u00e4tten und vor Hitze beim Styling oder F\u00f6hnen bis zu 230 \u00b0C sch\u00fctzen. F\u00fcr geschmeidigere, gepflegte Haare.<\/p>\n","protected":false},"excerpt":{"rendered":"<p>Die ideale Haarpflege f\u00fcr br\u00fcchiges Haar: Das DERCOS Kera-Solutions Haarserum von Vichy enth\u00e4lt eine hohe Konzentration des Pro-Keratin-Komplexes in Kombination mit Hyaluron, um gesch\u00e4digtes Haar und die Spitzen sofort zu reparieren. Chemische, mechanische und thermische Aggressoren beeintr\u00e4chtigen die Haarstruktur erheblich und k\u00f6nnen zu einem Keratin-Abbau f\u00fchren. Das Haar wirkt stark gesch\u00e4digt, rau, stumpf und spr\u00f6de. [&hellip;]<\/p>\n","protected":false},"featured_media":95353,"template":"","meta":{"_acf_changed":false},"product_brand":[675],"product_cat":[799],"product_tag":[],"class_list":{"0":"post-95351","1":"product","2":"type-product","3":"status-publish","4":"has-post-thumbnail","6":"product_brand-vichy","7":"product_cat-v","8":"pa_packungsgroesse-40ml","10":"first","11":"instock","12":"shipping-taxable","13":"purchasable","14":"product-type-simple"},"acf":[],"_links":{"self":[{"href":"https:\/\/www.ernstbrunn-apotheke.at\/katalog\/wp-json\/wp\/v2\/product\/95351","targetHints":{"allow":["GET"]}}],"collection":[{"href":"https:\/\/www.ernstbrunn-apotheke.at\/katalog\/wp-json\/wp\/v2\/product"}],"about":[{"href":"https:\/\/www.ernstbrunn-apotheke.at\/katalog\/wp-json\/wp\/v2\/types\/product"}],"wp:featuredmedia":[{"embeddable":true,"href":"https:\/\/www.ernstbrunn-apotheke.at\/katalog\/wp-json\/wp\/v2\/media\/95353"}],"wp:attachment":[{"href":"https:\/\/www.ernstbrunn-apotheke.at\/katalog\/wp-json\/wp\/v2\/media?parent=95351"}],"wp:term":[{"taxonomy":"product_brand","embeddable":true,"href":"https:\/\/www.ernstbrunn-apotheke.at\/katalog\/wp-json\/wp\/v2\/product_brand?post=95351"},{"taxonomy":"product_cat","embeddable":true,"href":"https:\/\/www.ernstbrunn-apotheke.at\/katalog\/wp-json\/wp\/v2\/product_cat?post=95351"},{"taxonomy":"product_tag","embeddable":true,"href":"https:\/\/www.ernstbrunn-apotheke.at\/katalog\/wp-json\/wp\/v2\/product_tag?post=95351"}],"curies":[{"name":"wp","href":"https:\/\/api.w.org\/{rel}","templated":true}]}}