{"id":95343,"date":"2025-11-12T10:11:18","date_gmt":"2025-11-12T09:11:18","guid":{"rendered":"https:\/\/www.ernstbrunn-apotheke.at\/katalog\/produkt\/vichy-dercos-kera-solutions-regenerierende-haarmaske-200-ml\/"},"modified":"2025-12-08T20:43:30","modified_gmt":"2025-12-08T19:43:30","slug":"vichy-dercos-kera-solutions-regenerierende-haarmaske-200-ml","status":"publish","type":"product","link":"https:\/\/www.ernstbrunn-apotheke.at\/katalog\/produkt\/vichy-dercos-kera-solutions-regenerierende-haarmaske-200-ml\/","title":{"rendered":"VICHY Dercos Kera-Solutions regenerierende Haarmaske 200 ml"},"content":{"rendered":"<p>Chemische, mechanische und thermische Aggressoren beeintr\u00e4chtigen die Haarstruktur erheblich und k\u00f6nnen zu einem Abbau von Keratin f\u00fchren. Dadurch wirkt das Haar stark gesch\u00e4digt, rau, stumpf und spr\u00f6de. Die DERCOS Kera-Solutions Regenerierende Haarmaske 2 Minuten von Vichy kombiniert eine mikrof\u00fcllende Formel mit einem Pro-Keratin-Komplex, um das Haar in einer Anwendung aufzubauen. In Verbindung mit dem DERCOS Kera-Solutions Shampoo von Vichy werden Haarsch\u00e4den sofort gemildert.<\/p>\n","protected":false},"excerpt":{"rendered":"<p>Chemische, mechanische und thermische Aggressoren beeintr\u00e4chtigen die Haarstruktur erheblich und k\u00f6nnen zu einem Abbau von Keratin f\u00fchren. Dadurch wirkt das Haar stark gesch\u00e4digt, rau, stumpf und spr\u00f6de. Die DERCOS Kera-Solutions Regenerierende Haarmaske 2 Minuten von Vichy kombiniert eine mikrof\u00fcllende Formel mit einem Pro-Keratin-Komplex, um das Haar in einer Anwendung aufzubauen. In Verbindung mit dem DERCOS [&hellip;]<\/p>\n","protected":false},"featured_media":95345,"template":"","meta":{"_acf_changed":false},"product_brand":[675],"product_cat":[799],"product_tag":[],"class_list":{"0":"post-95343","1":"product","2":"type-product","3":"status-publish","4":"has-post-thumbnail","6":"product_brand-vichy","7":"product_cat-v","8":"pa_packungsgroesse-200ml","10":"first","11":"instock","12":"shipping-taxable","13":"purchasable","14":"product-type-simple"},"acf":[],"_links":{"self":[{"href":"https:\/\/www.ernstbrunn-apotheke.at\/katalog\/wp-json\/wp\/v2\/product\/95343","targetHints":{"allow":["GET"]}}],"collection":[{"href":"https:\/\/www.ernstbrunn-apotheke.at\/katalog\/wp-json\/wp\/v2\/product"}],"about":[{"href":"https:\/\/www.ernstbrunn-apotheke.at\/katalog\/wp-json\/wp\/v2\/types\/product"}],"wp:featuredmedia":[{"embeddable":true,"href":"https:\/\/www.ernstbrunn-apotheke.at\/katalog\/wp-json\/wp\/v2\/media\/95345"}],"wp:attachment":[{"href":"https:\/\/www.ernstbrunn-apotheke.at\/katalog\/wp-json\/wp\/v2\/media?parent=95343"}],"wp:term":[{"taxonomy":"product_brand","embeddable":true,"href":"https:\/\/www.ernstbrunn-apotheke.at\/katalog\/wp-json\/wp\/v2\/product_brand?post=95343"},{"taxonomy":"product_cat","embeddable":true,"href":"https:\/\/www.ernstbrunn-apotheke.at\/katalog\/wp-json\/wp\/v2\/product_cat?post=95343"},{"taxonomy":"product_tag","embeddable":true,"href":"https:\/\/www.ernstbrunn-apotheke.at\/katalog\/wp-json\/wp\/v2\/product_tag?post=95343"}],"curies":[{"name":"wp","href":"https:\/\/api.w.org\/{rel}","templated":true}]}}