{"id":95302,"date":"2025-11-12T10:10:20","date_gmt":"2025-11-12T09:10:20","guid":{"rendered":"https:\/\/www.ernstbrunn-apotheke.at\/katalog\/produkt\/nicapur-mama-box-3-x-30-kapseln\/"},"modified":"2025-12-08T20:43:22","modified_gmt":"2025-12-08T19:43:22","slug":"nicapur-mama-box-3-x-30-kapseln","status":"publish","type":"product","link":"https:\/\/www.ernstbrunn-apotheke.at\/katalog\/produkt\/nicapur-mama-box-3-x-30-kapseln\/","title":{"rendered":"Nicapur Mama-Box 3 x 30 Kapseln"},"content":{"rendered":"<p>F\u00fcr einen starken Start ins neue Leben! Die NICApur\u00ae Mama-Box stellt sicher, dass Mama und Baby ideal mit Vitaminen, Spurenelementen und der Omega-3-Fetts\u00e4ure DHA versorgt sind. Denn Schwangerschaft und Stillzeit sind ganz besondere Phasen einer Frau, die auch einen besonderen N\u00e4hrstoffbedarf erfordern. Auch bereits vor der Schwangerschaft &#8211; wenn der Wunsch nach der eigenen kleinen Familie erstmals in den Fokus r\u00fcckt &#8211; k\u00f6nnen die richtigen N\u00e4hrstoffe unterst\u00fctzen. Durch den nahezu neutralen Geschmack sind die Pr\u00e4parate besonders f\u00fcr geruchs- und geschmackssensible Schwangere geeignet.Die Mama-Box beinhaltet 3 Komponenten (\u00e0 30 Kapseln = Monatsbedarf): Vitamine &#038; Spurenelemente, Omega 3 &#038; Mineralstoffe.Vitamine &#038; Spurenelemente: Mit Vitaminen aus Quinoa-Keimlingen, pflanzlichem Vitamin D3 und IngwerOmega 3: Pflanzliches DHA aus AlgenMineralstoffe: Calcium aus nat\u00fcrlicher Quelle plus Magnesium.<\/p>\n","protected":false},"excerpt":{"rendered":"<p>F\u00fcr einen starken Start ins neue Leben! Die NICApur\u00ae Mama-Box stellt sicher, dass Mama und Baby ideal mit Vitaminen, Spurenelementen und der Omega-3-Fetts\u00e4ure DHA versorgt sind. Denn Schwangerschaft und Stillzeit sind ganz besondere Phasen einer Frau, die auch einen besonderen N\u00e4hrstoffbedarf erfordern. Auch bereits vor der Schwangerschaft &#8211; wenn der Wunsch nach der eigenen kleinen [&hellip;]<\/p>\n","protected":false},"featured_media":95304,"template":"","meta":{"_acf_changed":false},"product_brand":[352],"product_cat":[797],"product_tag":[],"class_list":{"0":"post-95302","1":"product","2":"type-product","3":"status-publish","4":"has-post-thumbnail","6":"product_brand-nicapur","7":"product_cat-n","8":"pa_packungsgroesse-1182","10":"first","11":"instock","12":"shipping-taxable","13":"purchasable","14":"product-type-simple"},"acf":[],"_links":{"self":[{"href":"https:\/\/www.ernstbrunn-apotheke.at\/katalog\/wp-json\/wp\/v2\/product\/95302","targetHints":{"allow":["GET"]}}],"collection":[{"href":"https:\/\/www.ernstbrunn-apotheke.at\/katalog\/wp-json\/wp\/v2\/product"}],"about":[{"href":"https:\/\/www.ernstbrunn-apotheke.at\/katalog\/wp-json\/wp\/v2\/types\/product"}],"wp:featuredmedia":[{"embeddable":true,"href":"https:\/\/www.ernstbrunn-apotheke.at\/katalog\/wp-json\/wp\/v2\/media\/95304"}],"wp:attachment":[{"href":"https:\/\/www.ernstbrunn-apotheke.at\/katalog\/wp-json\/wp\/v2\/media?parent=95302"}],"wp:term":[{"taxonomy":"product_brand","embeddable":true,"href":"https:\/\/www.ernstbrunn-apotheke.at\/katalog\/wp-json\/wp\/v2\/product_brand?post=95302"},{"taxonomy":"product_cat","embeddable":true,"href":"https:\/\/www.ernstbrunn-apotheke.at\/katalog\/wp-json\/wp\/v2\/product_cat?post=95302"},{"taxonomy":"product_tag","embeddable":true,"href":"https:\/\/www.ernstbrunn-apotheke.at\/katalog\/wp-json\/wp\/v2\/product_tag?post=95302"}],"curies":[{"name":"wp","href":"https:\/\/api.w.org\/{rel}","templated":true}]}}