{"id":95253,"date":"2025-11-12T10:09:21","date_gmt":"2025-11-12T09:09:21","guid":{"rendered":"https:\/\/www.ernstbrunn-apotheke.at\/katalog\/produkt\/cevitt-kinderpunsch\/"},"modified":"2025-12-08T20:42:53","modified_gmt":"2025-12-08T19:42:53","slug":"cevitt-kinderpunsch","status":"publish","type":"product","link":"https:\/\/www.ernstbrunn-apotheke.at\/katalog\/produkt\/cevitt-kinderpunsch\/","title":{"rendered":"Cevitt Kinderpunsch"},"content":{"rendered":"<p>Im Herbst durch Pf\u00fctzen springen und einen Drachen steigen lassen. Im Winter Schlitten fahren und Schneem\u00e4nner bauen. Kinder wissen: Auch bei Wind und Wetter ist es drau\u00dfen toll!Um die Freuden der nasskalten Jahreszeit so richtig genie\u00dfen zu k\u00f6nnen, brauchen unsere Kleinen gesunde Abwehrkr\u00e4fte.1 Hermes Cevitt\u00ae KINDERPUNSCH \u2013 das  Hei\u00dfgetr\u00e4nk mit Fr\u00fcchtepunschgeschmack \u2013 ist speziell an die Bed\u00fcrfnisse von Kindern angepasst. Dieses leckere und wohlschmeckende Hei\u00dfgetr\u00e4nk liefert jede Menge Vitamin C und Zink und enth\u00e4lt zudem Citrus-Flavonoide und den Ballaststoff Inulin. Genie\u00dfen Sie und Ihre Kinder mit Cevitt\u00ae KINDERPUNSCH Vitamin C und Zink im Handumdrehen!<\/p>\n","protected":false},"excerpt":{"rendered":"<p>Im Herbst durch Pf\u00fctzen springen und einen Drachen steigen lassen. Im Winter Schlitten fahren und Schneem\u00e4nner bauen. Kinder wissen: Auch bei Wind und Wetter ist es drau\u00dfen toll!Um die Freuden der nasskalten Jahreszeit so richtig genie\u00dfen zu k\u00f6nnen, brauchen unsere Kleinen gesunde Abwehrkr\u00e4fte.1 Hermes Cevitt\u00ae KINDERPUNSCH \u2013 das Hei\u00dfgetr\u00e4nk mit Fr\u00fcchtepunschgeschmack \u2013 ist speziell an [&hellip;]<\/p>\n","protected":false},"featured_media":95255,"template":"","meta":{"_acf_changed":false},"product_brand":[528],"product_cat":[812],"product_tag":[],"class_list":{"0":"post-95253","1":"product","2":"type-product","3":"status-publish","4":"has-post-thumbnail","6":"product_brand-cevitt","7":"product_cat-c","8":"pa_packungsgroesse-10-beutel","10":"first","11":"instock","12":"shipping-taxable","13":"purchasable","14":"product-type-simple"},"acf":[],"_links":{"self":[{"href":"https:\/\/www.ernstbrunn-apotheke.at\/katalog\/wp-json\/wp\/v2\/product\/95253","targetHints":{"allow":["GET"]}}],"collection":[{"href":"https:\/\/www.ernstbrunn-apotheke.at\/katalog\/wp-json\/wp\/v2\/product"}],"about":[{"href":"https:\/\/www.ernstbrunn-apotheke.at\/katalog\/wp-json\/wp\/v2\/types\/product"}],"wp:featuredmedia":[{"embeddable":true,"href":"https:\/\/www.ernstbrunn-apotheke.at\/katalog\/wp-json\/wp\/v2\/media\/95255"}],"wp:attachment":[{"href":"https:\/\/www.ernstbrunn-apotheke.at\/katalog\/wp-json\/wp\/v2\/media?parent=95253"}],"wp:term":[{"taxonomy":"product_brand","embeddable":true,"href":"https:\/\/www.ernstbrunn-apotheke.at\/katalog\/wp-json\/wp\/v2\/product_brand?post=95253"},{"taxonomy":"product_cat","embeddable":true,"href":"https:\/\/www.ernstbrunn-apotheke.at\/katalog\/wp-json\/wp\/v2\/product_cat?post=95253"},{"taxonomy":"product_tag","embeddable":true,"href":"https:\/\/www.ernstbrunn-apotheke.at\/katalog\/wp-json\/wp\/v2\/product_tag?post=95253"}],"curies":[{"name":"wp","href":"https:\/\/api.w.org\/{rel}","templated":true}]}}