{"id":95241,"date":"2025-11-12T10:09:21","date_gmt":"2025-11-12T09:09:21","guid":{"rendered":"https:\/\/www.ernstbrunn-apotheke.at\/katalog\/produkt\/cevitt-immun-heisser-holunder-zuckerfrei\/"},"modified":"2025-12-08T20:42:51","modified_gmt":"2025-12-08T19:42:51","slug":"cevitt-immun-heisser-holunder-zuckerfrei","status":"publish","type":"product","link":"https:\/\/www.ernstbrunn-apotheke.at\/katalog\/produkt\/cevitt-immun-heisser-holunder-zuckerfrei\/","title":{"rendered":"Cevitt Immun Hei\u00dfer Holunder zuckerfrei"},"content":{"rendered":"<p>Es muss nicht immer die klassische hei\u00dfe Zitrone sein. Gerade in der nasskalten Jahreszeit bietet hei\u00dfer Holunder willkommene Abwechslung und ein wohltuendes Geschmackserlebnis. Doch Cevitt immun\u00ae Hei\u00dfer Holunder schmeckt nicht nur, sondern tut auch noch etwas f\u00fcr Ihre Abwehrkr\u00e4fte1. Denn es versorgt Ihren K\u00f6rper mit Vitamin C und Zink. Wie bei allen Cevitt immun\u00ae Hei\u00dfgetr\u00e4nken sorgt die raffinierte Rezeptur daf\u00fcr, dass das hitzeempfindliche Vitamin C auch bei h\u00f6heren Temperaturen bzw. bei l\u00e4ngerem Stehenlassen stabil bleibt. So k\u00f6nnen Sie den Vitamin-C-Gehalt voll aussch\u00f6pfen. Also: Ab aufs Sofa, in die dicke Decke kuscheln und Holunder mal hei\u00df genie\u00dfen!<\/p>\n","protected":false},"excerpt":{"rendered":"<p>Es muss nicht immer die klassische hei\u00dfe Zitrone sein. Gerade in der nasskalten Jahreszeit bietet hei\u00dfer Holunder willkommene Abwechslung und ein wohltuendes Geschmackserlebnis. Doch Cevitt immun\u00ae Hei\u00dfer Holunder schmeckt nicht nur, sondern tut auch noch etwas f\u00fcr Ihre Abwehrkr\u00e4fte1. Denn es versorgt Ihren K\u00f6rper mit Vitamin C und Zink. Wie bei allen Cevitt immun\u00ae Hei\u00dfgetr\u00e4nken [&hellip;]<\/p>\n","protected":false},"featured_media":95243,"template":"","meta":{"_acf_changed":false},"product_brand":[528],"product_cat":[812],"product_tag":[],"class_list":{"0":"post-95241","1":"product","2":"type-product","3":"status-publish","4":"has-post-thumbnail","6":"product_brand-cevitt","7":"product_cat-c","8":"pa_packungsgroesse-14-beutel","10":"first","11":"instock","12":"shipping-taxable","13":"purchasable","14":"product-type-simple"},"acf":[],"_links":{"self":[{"href":"https:\/\/www.ernstbrunn-apotheke.at\/katalog\/wp-json\/wp\/v2\/product\/95241","targetHints":{"allow":["GET"]}}],"collection":[{"href":"https:\/\/www.ernstbrunn-apotheke.at\/katalog\/wp-json\/wp\/v2\/product"}],"about":[{"href":"https:\/\/www.ernstbrunn-apotheke.at\/katalog\/wp-json\/wp\/v2\/types\/product"}],"wp:featuredmedia":[{"embeddable":true,"href":"https:\/\/www.ernstbrunn-apotheke.at\/katalog\/wp-json\/wp\/v2\/media\/95243"}],"wp:attachment":[{"href":"https:\/\/www.ernstbrunn-apotheke.at\/katalog\/wp-json\/wp\/v2\/media?parent=95241"}],"wp:term":[{"taxonomy":"product_brand","embeddable":true,"href":"https:\/\/www.ernstbrunn-apotheke.at\/katalog\/wp-json\/wp\/v2\/product_brand?post=95241"},{"taxonomy":"product_cat","embeddable":true,"href":"https:\/\/www.ernstbrunn-apotheke.at\/katalog\/wp-json\/wp\/v2\/product_cat?post=95241"},{"taxonomy":"product_tag","embeddable":true,"href":"https:\/\/www.ernstbrunn-apotheke.at\/katalog\/wp-json\/wp\/v2\/product_tag?post=95241"}],"curies":[{"name":"wp","href":"https:\/\/api.w.org\/{rel}","templated":true}]}}