{"id":95233,"date":"2025-11-12T10:08:51","date_gmt":"2025-11-12T09:08:51","guid":{"rendered":"https:\/\/www.ernstbrunn-apotheke.at\/katalog\/produkt\/cevitt-immun-heisser-granatapfel-zuckerfrei\/"},"modified":"2025-12-08T20:42:49","modified_gmt":"2025-12-08T19:42:49","slug":"cevitt-immun-heisser-granatapfel-zuckerfrei","status":"publish","type":"product","link":"https:\/\/www.ernstbrunn-apotheke.at\/katalog\/produkt\/cevitt-immun-heisser-granatapfel-zuckerfrei\/","title":{"rendered":"Cevitt Immun Hei\u00dfer Granatapfel zuckerfrei"},"content":{"rendered":"<p>Schon im Altertum wusste man um die wohltuenden Kr\u00e4fte des Granatapfels und sch\u00e4tzte ihn als Symbol von Langlebigkeit und Fruchtbarkeit. Heute wei\u00df man: Der Granatapfel verf\u00fcgt \u00fcber einen hohen Anteil an zellsch\u00fctzenden Polyphenolen \u2013 und schmeckt ganz nebenbei wie ein St\u00fcck vom Paradies. Probieren Sie Cevitt immun\u00ae Hei\u00dfer Granatapfel zuckerfrei aus der Apotheke \u2013 das Hei\u00dfgetr\u00e4nk mit Johannisbeergeschmack liefert jede Menge Vitamin C und Zink. Eine bew\u00e4hrte Formel f\u00fcr die Abwehr.1 Und: Eine Gelegenheit mehr, im Winter Tag f\u00fcr Tag etwas f\u00fcr das eigene Wohlbefinden zu tun. Selbstverst\u00e4ndlich gilt auch hier: Wie bei allen Cevitt immun\u00ae Hei\u00dfgetr\u00e4nken sorgt die raffinierte Rezeptur daf\u00fcr, dass das hitzeempfindliche Vitamin C auch bei h\u00f6heren Temperaturen bzw. nach l\u00e4ngerem Stehenlassen stabil bleibt. Genie\u00dfen Sie mit Cevitt immun\u00ae Hei\u00dfer Granatapfel die volle Vitamin-C-Power im Handumdrehen!<\/p>\n","protected":false},"excerpt":{"rendered":"<p>Schon im Altertum wusste man um die wohltuenden Kr\u00e4fte des Granatapfels und sch\u00e4tzte ihn als Symbol von Langlebigkeit und Fruchtbarkeit. Heute wei\u00df man: Der Granatapfel verf\u00fcgt \u00fcber einen hohen Anteil an zellsch\u00fctzenden Polyphenolen \u2013 und schmeckt ganz nebenbei wie ein St\u00fcck vom Paradies. Probieren Sie Cevitt immun\u00ae Hei\u00dfer Granatapfel zuckerfrei aus der Apotheke \u2013 das [&hellip;]<\/p>\n","protected":false},"featured_media":95235,"template":"","meta":{"_acf_changed":false},"product_brand":[528],"product_cat":[812],"product_tag":[],"class_list":{"0":"post-95233","1":"product","2":"type-product","3":"status-publish","4":"has-post-thumbnail","6":"product_brand-cevitt","7":"product_cat-c","8":"pa_packungsgroesse-14-beutel","10":"first","11":"instock","12":"shipping-taxable","13":"purchasable","14":"product-type-simple"},"acf":[],"_links":{"self":[{"href":"https:\/\/www.ernstbrunn-apotheke.at\/katalog\/wp-json\/wp\/v2\/product\/95233","targetHints":{"allow":["GET"]}}],"collection":[{"href":"https:\/\/www.ernstbrunn-apotheke.at\/katalog\/wp-json\/wp\/v2\/product"}],"about":[{"href":"https:\/\/www.ernstbrunn-apotheke.at\/katalog\/wp-json\/wp\/v2\/types\/product"}],"wp:featuredmedia":[{"embeddable":true,"href":"https:\/\/www.ernstbrunn-apotheke.at\/katalog\/wp-json\/wp\/v2\/media\/95235"}],"wp:attachment":[{"href":"https:\/\/www.ernstbrunn-apotheke.at\/katalog\/wp-json\/wp\/v2\/media?parent=95233"}],"wp:term":[{"taxonomy":"product_brand","embeddable":true,"href":"https:\/\/www.ernstbrunn-apotheke.at\/katalog\/wp-json\/wp\/v2\/product_brand?post=95233"},{"taxonomy":"product_cat","embeddable":true,"href":"https:\/\/www.ernstbrunn-apotheke.at\/katalog\/wp-json\/wp\/v2\/product_cat?post=95233"},{"taxonomy":"product_tag","embeddable":true,"href":"https:\/\/www.ernstbrunn-apotheke.at\/katalog\/wp-json\/wp\/v2\/product_tag?post=95233"}],"curies":[{"name":"wp","href":"https:\/\/api.w.org\/{rel}","templated":true}]}}