{"id":95221,"date":"2025-11-12T10:08:51","date_gmt":"2025-11-12T09:08:51","guid":{"rendered":"https:\/\/www.ernstbrunn-apotheke.at\/katalog\/produkt\/cevitt-immun-heisse-orange-zuckerfrei\/"},"modified":"2025-12-08T20:42:45","modified_gmt":"2025-12-08T19:42:45","slug":"cevitt-immun-heisse-orange-zuckerfrei","status":"publish","type":"product","link":"https:\/\/www.ernstbrunn-apotheke.at\/katalog\/produkt\/cevitt-immun-heisse-orange-zuckerfrei\/","title":{"rendered":"Cevitt Immun Hei\u00dfe Orange zuckerfrei"},"content":{"rendered":"<p>Ein Glas frisch gepresster Orangensaft ist ein altbew\u00e4hrtes und beliebtes Hausmittel zur Verbesserung der Vitamin-C-Zufuhr. Doch gerade wenn es drau\u00dfen nass und windig ist und die Temperaturen fallen, steht uns der Sinn h\u00e4ufig mehr nach einem hei\u00dfen Getr\u00e4nk. Wie w\u00e4re es also mit Cevitt immun\u00ae Hei\u00dfe Orange zuckerfrei? Das Hei\u00dfgetr\u00e4nk mit Orangensaftpulver und wohlschmeckendem Ingwer liefert jede Menge Vitamin C und Zink. Gleichzeitig sp\u00fcren Sie beim Trinken die wohltuende W\u00e4rme von innen. Noch dazu gehen Sie hier in puncto Vitamin-C-Versorgung auf Nummer sicher. Denn das Vitamin C, das normalerweise sehr empfindlich gegen\u00fcber Hitze, Lichteinfluss und Sauerstoff ist, liegt in den Cevitt immun\u00ae Hei\u00dfgetr\u00e4nken in einer besonderen Formulierung vor, sodass es besonders stabil bleibt \u2013 selbst nach der Zubereitung mit hei\u00dfem Wasser. Setzen Sie auf Orangengeschmack und Vitamin C \u2013 serviert mit den Fortschritten der HERMES Forschung.<\/p>\n","protected":false},"excerpt":{"rendered":"<p>Ein Glas frisch gepresster Orangensaft ist ein altbew\u00e4hrtes und beliebtes Hausmittel zur Verbesserung der Vitamin-C-Zufuhr. Doch gerade wenn es drau\u00dfen nass und windig ist und die Temperaturen fallen, steht uns der Sinn h\u00e4ufig mehr nach einem hei\u00dfen Getr\u00e4nk. Wie w\u00e4re es also mit Cevitt immun\u00ae Hei\u00dfe Orange zuckerfrei? Das Hei\u00dfgetr\u00e4nk mit Orangensaftpulver und wohlschmeckendem Ingwer [&hellip;]<\/p>\n","protected":false},"featured_media":95223,"template":"","meta":{"_acf_changed":false},"product_brand":[528],"product_cat":[812],"product_tag":[],"class_list":{"0":"post-95221","1":"product","2":"type-product","3":"status-publish","4":"has-post-thumbnail","6":"product_brand-cevitt","7":"product_cat-c","8":"pa_packungsgroesse-14-beutel","10":"first","11":"instock","12":"shipping-taxable","13":"purchasable","14":"product-type-simple"},"acf":[],"_links":{"self":[{"href":"https:\/\/www.ernstbrunn-apotheke.at\/katalog\/wp-json\/wp\/v2\/product\/95221","targetHints":{"allow":["GET"]}}],"collection":[{"href":"https:\/\/www.ernstbrunn-apotheke.at\/katalog\/wp-json\/wp\/v2\/product"}],"about":[{"href":"https:\/\/www.ernstbrunn-apotheke.at\/katalog\/wp-json\/wp\/v2\/types\/product"}],"wp:featuredmedia":[{"embeddable":true,"href":"https:\/\/www.ernstbrunn-apotheke.at\/katalog\/wp-json\/wp\/v2\/media\/95223"}],"wp:attachment":[{"href":"https:\/\/www.ernstbrunn-apotheke.at\/katalog\/wp-json\/wp\/v2\/media?parent=95221"}],"wp:term":[{"taxonomy":"product_brand","embeddable":true,"href":"https:\/\/www.ernstbrunn-apotheke.at\/katalog\/wp-json\/wp\/v2\/product_brand?post=95221"},{"taxonomy":"product_cat","embeddable":true,"href":"https:\/\/www.ernstbrunn-apotheke.at\/katalog\/wp-json\/wp\/v2\/product_cat?post=95221"},{"taxonomy":"product_tag","embeddable":true,"href":"https:\/\/www.ernstbrunn-apotheke.at\/katalog\/wp-json\/wp\/v2\/product_tag?post=95221"}],"curies":[{"name":"wp","href":"https:\/\/api.w.org\/{rel}","templated":true}]}}