{"id":95192,"date":"2025-11-12T10:08:09","date_gmt":"2025-11-12T09:08:09","guid":{"rendered":"https:\/\/www.ernstbrunn-apotheke.at\/katalog\/produkt\/femibion-3-stillzeit-tabletten-kapseln-56-stk\/"},"modified":"2025-12-08T20:42:38","modified_gmt":"2025-12-08T19:42:38","slug":"femibion-3-stillzeit-tabletten-kapseln-56-stk","status":"publish","type":"product","link":"https:\/\/www.ernstbrunn-apotheke.at\/katalog\/produkt\/femibion-3-stillzeit-tabletten-kapseln-56-stk\/","title":{"rendered":"Femibion 3 Stillzeit Tabletten + Kapseln 56 Stk."},"content":{"rendered":"<p>F\u00fcr den besonderen Bedarf von Mutter und dem Baby in der Stillzeit. Eine abwechslungsreiche, ausgewogene Ern\u00e4hrung und gesunde Lebensweise sind auch nach der Schwangerschaft und der Geburt sehr wichtig, um die Kr\u00e4fte wieder zu erlangen und den neuen Herausforderungen gewachsen zu sein, insbesondere wenn man sich dazu entscheidet, das Baby zu stillen. Das Stillen hilft, eine enge Bindung zum Baby aufzubauen und versorgt es au\u00dferdem mit essentiellen N\u00e4hrstoffen.Wenn du stillst, erzeugt dein K\u00f6rper in der ersten Woche ca. 300-500 ml Muttermilch t\u00e4glich. Je nachdem, was dein Baby braucht, kann sich das auf 600-700 ml Muttermilch pro Tag erh\u00f6hen.Wie viel Milch dein K\u00f6rper erzeugt, ihre Zusammensetzung und ihr N\u00e4hrstoffgehalt werden auch durch deine Lebensweise und Ern\u00e4hrung beeinflusst. Au\u00dferdem erh\u00f6ht das Stillen deines Babys deinen Energiebedarf und den Bedarf an einigen Mikron\u00e4hrstoffen.Femibion\u00ae 3 Stillzeit versorgt dich mit ausgew\u00e4hlten N\u00e4hrstoffen, die dich w\u00e4hrend dieser besonderen Zeit als Erg\u00e4nzung zu einer ausgewogenen, abwechslungsreichen Ern\u00e4hrung unterst\u00fctzen k\u00f6nnen. Es enth\u00e4lt Folat, Vitamin D und A, Eisen, Calcium, Cholin, Lutein sowie weitere N\u00e4hrstoffe (Jod, Selen, Zink, Vitamin C, B und E). Eisen tr\u00e4gt zur Verringerung von M\u00fcdigkeit bei. Calcium tr\u00e4gt zum Erhalt normaler Knochen und zur Muskelfunktion bei. Femibion\u00ae 3 Stillzeit enth\u00e4lt die Omega-3-Fetts\u00e4ure DHA und Lutein in einer separaten Kapsel. Lutein gibt der Kapsel ihre charakteristische rote Farbe. Femibion\u00ae 3 Stillzeit ist laktose- und glutenfrei, sowie ohne Rinder- und Schweinegelatine.<\/p>\n","protected":false},"excerpt":{"rendered":"<p>F\u00fcr den besonderen Bedarf von Mutter und dem Baby in der Stillzeit. Eine abwechslungsreiche, ausgewogene Ern\u00e4hrung und gesunde Lebensweise sind auch nach der Schwangerschaft und der Geburt sehr wichtig, um die Kr\u00e4fte wieder zu erlangen und den neuen Herausforderungen gewachsen zu sein, insbesondere wenn man sich dazu entscheidet, das Baby zu stillen. Das Stillen hilft, [&hellip;]<\/p>\n","protected":false},"featured_media":95194,"template":"","meta":{"_acf_changed":false},"product_brand":[1016],"product_cat":[809],"product_tag":[],"class_list":{"0":"post-95192","1":"product","2":"type-product","3":"status-publish","4":"has-post-thumbnail","6":"product_brand-femibion","7":"product_cat-f","8":"pa_packungsgroesse-56-stueck","10":"first","11":"instock","12":"shipping-taxable","13":"purchasable","14":"product-type-simple"},"acf":[],"_links":{"self":[{"href":"https:\/\/www.ernstbrunn-apotheke.at\/katalog\/wp-json\/wp\/v2\/product\/95192","targetHints":{"allow":["GET"]}}],"collection":[{"href":"https:\/\/www.ernstbrunn-apotheke.at\/katalog\/wp-json\/wp\/v2\/product"}],"about":[{"href":"https:\/\/www.ernstbrunn-apotheke.at\/katalog\/wp-json\/wp\/v2\/types\/product"}],"wp:featuredmedia":[{"embeddable":true,"href":"https:\/\/www.ernstbrunn-apotheke.at\/katalog\/wp-json\/wp\/v2\/media\/95194"}],"wp:attachment":[{"href":"https:\/\/www.ernstbrunn-apotheke.at\/katalog\/wp-json\/wp\/v2\/media?parent=95192"}],"wp:term":[{"taxonomy":"product_brand","embeddable":true,"href":"https:\/\/www.ernstbrunn-apotheke.at\/katalog\/wp-json\/wp\/v2\/product_brand?post=95192"},{"taxonomy":"product_cat","embeddable":true,"href":"https:\/\/www.ernstbrunn-apotheke.at\/katalog\/wp-json\/wp\/v2\/product_cat?post=95192"},{"taxonomy":"product_tag","embeddable":true,"href":"https:\/\/www.ernstbrunn-apotheke.at\/katalog\/wp-json\/wp\/v2\/product_tag?post=95192"}],"curies":[{"name":"wp","href":"https:\/\/api.w.org\/{rel}","templated":true}]}}