{"id":95125,"date":"2025-11-12T10:06:16","date_gmt":"2025-11-12T09:06:16","guid":{"rendered":"https:\/\/www.ernstbrunn-apotheke.at\/katalog\/produkt\/kijimea-reizdarm-pro-kapseln-14-stueck\/"},"modified":"2025-12-08T20:42:25","modified_gmt":"2025-12-08T19:42:25","slug":"kijimea-reizdarm-pro-kapseln-14-stueck","status":"publish","type":"product","link":"https:\/\/www.ernstbrunn-apotheke.at\/katalog\/produkt\/kijimea-reizdarm-pro-kapseln-14-stueck\/","title":{"rendered":"Kijimea Reizdarm Pro Kapseln 14 St\u00fcck\u00a0"},"content":{"rendered":"<p>Kijimea Reizdarm Pro hilft bei wiederkehrenden Darmbeschwerden wie Durchfall, Bauchschmerzen und Bl\u00e4hungen. Ist die Darmbarriere gesch\u00e4digt, k\u00f6nnen Schadstoffe und Bakterien leicht in die Darmwand eindringen und dort typischen Reizdarm-Symptome ausl\u00f6sen. Hier hilft Kijimea Reizdarm Pro.<\/p>\n","protected":false},"excerpt":{"rendered":"<p>Kijimea Reizdarm Pro hilft bei wiederkehrenden Darmbeschwerden wie Durchfall, Bauchschmerzen und Bl\u00e4hungen. Ist die Darmbarriere gesch\u00e4digt, k\u00f6nnen Schadstoffe und Bakterien leicht in die Darmwand eindringen und dort typischen Reizdarm-Symptome ausl\u00f6sen. Hier hilft Kijimea Reizdarm Pro.<\/p>\n","protected":false},"featured_media":95127,"template":"","meta":{"_acf_changed":false},"product_brand":[1177],"product_cat":[807],"product_tag":[],"class_list":{"0":"post-95125","1":"product","2":"type-product","3":"status-publish","4":"has-post-thumbnail","6":"product_brand-kijimea","7":"product_cat-k","8":"pa_packungsgroesse-14-stueck","10":"first","11":"instock","12":"shipping-taxable","13":"purchasable","14":"product-type-simple"},"acf":[],"_links":{"self":[{"href":"https:\/\/www.ernstbrunn-apotheke.at\/katalog\/wp-json\/wp\/v2\/product\/95125","targetHints":{"allow":["GET"]}}],"collection":[{"href":"https:\/\/www.ernstbrunn-apotheke.at\/katalog\/wp-json\/wp\/v2\/product"}],"about":[{"href":"https:\/\/www.ernstbrunn-apotheke.at\/katalog\/wp-json\/wp\/v2\/types\/product"}],"wp:featuredmedia":[{"embeddable":true,"href":"https:\/\/www.ernstbrunn-apotheke.at\/katalog\/wp-json\/wp\/v2\/media\/95127"}],"wp:attachment":[{"href":"https:\/\/www.ernstbrunn-apotheke.at\/katalog\/wp-json\/wp\/v2\/media?parent=95125"}],"wp:term":[{"taxonomy":"product_brand","embeddable":true,"href":"https:\/\/www.ernstbrunn-apotheke.at\/katalog\/wp-json\/wp\/v2\/product_brand?post=95125"},{"taxonomy":"product_cat","embeddable":true,"href":"https:\/\/www.ernstbrunn-apotheke.at\/katalog\/wp-json\/wp\/v2\/product_cat?post=95125"},{"taxonomy":"product_tag","embeddable":true,"href":"https:\/\/www.ernstbrunn-apotheke.at\/katalog\/wp-json\/wp\/v2\/product_tag?post=95125"}],"curies":[{"name":"wp","href":"https:\/\/api.w.org\/{rel}","templated":true}]}}