{"id":95118,"date":"2025-11-12T10:06:16","date_gmt":"2025-11-12T09:06:16","guid":{"rendered":"https:\/\/www.ernstbrunn-apotheke.at\/katalog\/produkt\/la-roche-posay-lipikar-urea-5-lait-200-ml\/"},"modified":"2025-12-08T20:42:23","modified_gmt":"2025-12-08T19:42:23","slug":"la-roche-posay-lipikar-urea-5-lait-200-ml","status":"publish","type":"product","link":"https:\/\/www.ernstbrunn-apotheke.at\/katalog\/produkt\/la-roche-posay-lipikar-urea-5-lait-200-ml\/","title":{"rendered":"La Roche-Posay Lipikar Urea 5+ Lait 200 ml"},"content":{"rendered":"<p>La Roche-Posay Lipikar Lait Urea 5+ ist eine feuchtigkeitsspendende K\u00f6rperlotion. Sie ist geeignet f\u00fcr sehr trockene und raue Haut, lindert Reizungen und Hautirritationen und hinterl\u00e4sst ein glattes Hautgef\u00fchl. Auch bei Seniler Xerose, Keratosis Pilaris und Psoriasis getestet. F\u00fcr Kinder und Erwachsene geeignet  tun Sie Ihrer Haut etwas gutes.<\/p>\n","protected":false},"excerpt":{"rendered":"<p>La Roche-Posay Lipikar Lait Urea 5+ ist eine feuchtigkeitsspendende K\u00f6rperlotion. Sie ist geeignet f\u00fcr sehr trockene und raue Haut, lindert Reizungen und Hautirritationen und hinterl\u00e4sst ein glattes Hautgef\u00fchl. Auch bei Seniler Xerose, Keratosis Pilaris und Psoriasis getestet. F\u00fcr Kinder und Erwachsene geeignet tun Sie Ihrer Haut etwas gutes.<\/p>\n","protected":false},"featured_media":95120,"template":"","meta":{"_acf_changed":false},"product_brand":[677],"product_cat":[795],"product_tag":[],"class_list":{"0":"post-95118","1":"product","2":"type-product","3":"status-publish","4":"has-post-thumbnail","6":"product_brand-la-roche-posay","7":"product_cat-l","8":"pa_packungsgroesse-200ml","10":"first","11":"instock","12":"shipping-taxable","13":"purchasable","14":"product-type-simple"},"acf":[],"_links":{"self":[{"href":"https:\/\/www.ernstbrunn-apotheke.at\/katalog\/wp-json\/wp\/v2\/product\/95118","targetHints":{"allow":["GET"]}}],"collection":[{"href":"https:\/\/www.ernstbrunn-apotheke.at\/katalog\/wp-json\/wp\/v2\/product"}],"about":[{"href":"https:\/\/www.ernstbrunn-apotheke.at\/katalog\/wp-json\/wp\/v2\/types\/product"}],"wp:featuredmedia":[{"embeddable":true,"href":"https:\/\/www.ernstbrunn-apotheke.at\/katalog\/wp-json\/wp\/v2\/media\/95120"}],"wp:attachment":[{"href":"https:\/\/www.ernstbrunn-apotheke.at\/katalog\/wp-json\/wp\/v2\/media?parent=95118"}],"wp:term":[{"taxonomy":"product_brand","embeddable":true,"href":"https:\/\/www.ernstbrunn-apotheke.at\/katalog\/wp-json\/wp\/v2\/product_brand?post=95118"},{"taxonomy":"product_cat","embeddable":true,"href":"https:\/\/www.ernstbrunn-apotheke.at\/katalog\/wp-json\/wp\/v2\/product_cat?post=95118"},{"taxonomy":"product_tag","embeddable":true,"href":"https:\/\/www.ernstbrunn-apotheke.at\/katalog\/wp-json\/wp\/v2\/product_tag?post=95118"}],"curies":[{"name":"wp","href":"https:\/\/api.w.org\/{rel}","templated":true}]}}