{"id":95106,"date":"2025-11-12T10:05:45","date_gmt":"2025-11-12T09:05:45","guid":{"rendered":"https:\/\/www.ernstbrunn-apotheke.at\/katalog\/produkt\/dr-schreibers-haut-haar-nagel-forte-kapseln\/"},"modified":"2025-12-08T20:42:18","modified_gmt":"2025-12-08T19:42:18","slug":"dr-schreibers-haut-haar-nagel-forte-kapseln","status":"publish","type":"product","link":"https:\/\/www.ernstbrunn-apotheke.at\/katalog\/produkt\/dr-schreibers-haut-haar-nagel-forte-kapseln\/","title":{"rendered":"Dr. Schreibers HAUT HAAR NAGEL Forte Kapseln"},"content":{"rendered":"<p>Dr. Schreibers Haut Haare N\u00e4gel forte Kapseln sind ein nat\u00fcrliches Nahrungserg\u00e4nzungsmittel und bieten optimale Unterst\u00fctzung zum Aufbau und Erhalt gesunder Haut, Haare und N\u00e4gel. Dr. Schreibers\u00ae Haut Haare N\u00e4gel forte Kapseln sind eine sich erg\u00e4nzende Kombination von nat\u00fcrlichen Mineralstoffen, Spurenelementen, Vitaminen und pflanzlichen Inhaltsstoffen.<\/p>\n","protected":false},"excerpt":{"rendered":"<p>Dr. Schreibers Haut Haare N\u00e4gel forte Kapseln sind ein nat\u00fcrliches Nahrungserg\u00e4nzungsmittel und bieten optimale Unterst\u00fctzung zum Aufbau und Erhalt gesunder Haut, Haare und N\u00e4gel. Dr. Schreibers\u00ae Haut Haare N\u00e4gel forte Kapseln sind eine sich erg\u00e4nzende Kombination von nat\u00fcrlichen Mineralstoffen, Spurenelementen, Vitaminen und pflanzlichen Inhaltsstoffen.<\/p>\n","protected":false},"featured_media":95108,"template":"","meta":{"_acf_changed":false},"product_brand":[380],"product_cat":[792],"product_tag":[],"class_list":{"0":"post-95106","1":"product","2":"type-product","3":"status-publish","4":"has-post-thumbnail","6":"product_brand-dr-schreibers","7":"product_cat-d","8":"pa_packungsgroesse-30-stueck","10":"first","11":"instock","12":"shipping-taxable","13":"purchasable","14":"product-type-simple"},"acf":[],"_links":{"self":[{"href":"https:\/\/www.ernstbrunn-apotheke.at\/katalog\/wp-json\/wp\/v2\/product\/95106","targetHints":{"allow":["GET"]}}],"collection":[{"href":"https:\/\/www.ernstbrunn-apotheke.at\/katalog\/wp-json\/wp\/v2\/product"}],"about":[{"href":"https:\/\/www.ernstbrunn-apotheke.at\/katalog\/wp-json\/wp\/v2\/types\/product"}],"wp:featuredmedia":[{"embeddable":true,"href":"https:\/\/www.ernstbrunn-apotheke.at\/katalog\/wp-json\/wp\/v2\/media\/95108"}],"wp:attachment":[{"href":"https:\/\/www.ernstbrunn-apotheke.at\/katalog\/wp-json\/wp\/v2\/media?parent=95106"}],"wp:term":[{"taxonomy":"product_brand","embeddable":true,"href":"https:\/\/www.ernstbrunn-apotheke.at\/katalog\/wp-json\/wp\/v2\/product_brand?post=95106"},{"taxonomy":"product_cat","embeddable":true,"href":"https:\/\/www.ernstbrunn-apotheke.at\/katalog\/wp-json\/wp\/v2\/product_cat?post=95106"},{"taxonomy":"product_tag","embeddable":true,"href":"https:\/\/www.ernstbrunn-apotheke.at\/katalog\/wp-json\/wp\/v2\/product_tag?post=95106"}],"curies":[{"name":"wp","href":"https:\/\/api.w.org\/{rel}","templated":true}]}}