{"id":95094,"date":"2025-11-12T10:05:45","date_gmt":"2025-11-12T09:05:45","guid":{"rendered":"https:\/\/www.ernstbrunn-apotheke.at\/katalog\/produkt\/emser-nasentropfen-10-ml\/"},"modified":"2025-12-08T20:42:15","modified_gmt":"2025-12-08T19:42:15","slug":"emser-nasentropfen-10-ml","status":"publish","type":"product","link":"https:\/\/www.ernstbrunn-apotheke.at\/katalog\/produkt\/emser-nasentropfen-10-ml\/","title":{"rendered":"Emser Nasentropfen 10 ml"},"content":{"rendered":"<p>Emser Nasentropfen bieten eine wirksame Alternative zu chemisch abschwellenden Schnupfenmitteln. Die Nasentropfen l\u00f6sen aktiv Schleim, wirken abschwellend und beschleunigen die Heilung. Sie sind durch den praktischen Tropfer sehr gut f\u00fcr S\u00e4uglinge und Kleinkinder geeignet und wirken abschwellend bei Schwellungen der Nasenschleimhaut.<\/p>\n","protected":false},"excerpt":{"rendered":"<p>Emser Nasentropfen bieten eine wirksame Alternative zu chemisch abschwellenden Schnupfenmitteln. Die Nasentropfen l\u00f6sen aktiv Schleim, wirken abschwellend und beschleunigen die Heilung. Sie sind durch den praktischen Tropfer sehr gut f\u00fcr S\u00e4uglinge und Kleinkinder geeignet und wirken abschwellend bei Schwellungen der Nasenschleimhaut.<\/p>\n","protected":false},"featured_media":95096,"template":"","meta":{"_acf_changed":false},"product_brand":[540],"product_cat":[794],"product_tag":[],"class_list":{"0":"post-95094","1":"product","2":"type-product","3":"status-publish","4":"has-post-thumbnail","6":"product_brand-emser","7":"product_cat-e","8":"pa_packungsgroesse-10ml","10":"first","11":"instock","12":"shipping-taxable","13":"purchasable","14":"product-type-simple"},"acf":[],"_links":{"self":[{"href":"https:\/\/www.ernstbrunn-apotheke.at\/katalog\/wp-json\/wp\/v2\/product\/95094","targetHints":{"allow":["GET"]}}],"collection":[{"href":"https:\/\/www.ernstbrunn-apotheke.at\/katalog\/wp-json\/wp\/v2\/product"}],"about":[{"href":"https:\/\/www.ernstbrunn-apotheke.at\/katalog\/wp-json\/wp\/v2\/types\/product"}],"wp:featuredmedia":[{"embeddable":true,"href":"https:\/\/www.ernstbrunn-apotheke.at\/katalog\/wp-json\/wp\/v2\/media\/95096"}],"wp:attachment":[{"href":"https:\/\/www.ernstbrunn-apotheke.at\/katalog\/wp-json\/wp\/v2\/media?parent=95094"}],"wp:term":[{"taxonomy":"product_brand","embeddable":true,"href":"https:\/\/www.ernstbrunn-apotheke.at\/katalog\/wp-json\/wp\/v2\/product_brand?post=95094"},{"taxonomy":"product_cat","embeddable":true,"href":"https:\/\/www.ernstbrunn-apotheke.at\/katalog\/wp-json\/wp\/v2\/product_cat?post=95094"},{"taxonomy":"product_tag","embeddable":true,"href":"https:\/\/www.ernstbrunn-apotheke.at\/katalog\/wp-json\/wp\/v2\/product_tag?post=95094"}],"curies":[{"name":"wp","href":"https:\/\/api.w.org\/{rel}","templated":true}]}}