{"id":95084,"date":"2025-11-12T10:04:54","date_gmt":"2025-11-12T09:04:54","guid":{"rendered":"https:\/\/www.ernstbrunn-apotheke.at\/katalog\/produkt\/arterin-cholesterin-tabletten-30-stk\/"},"modified":"2025-12-08T20:42:14","modified_gmt":"2025-12-08T19:42:14","slug":"arterin-cholesterin-tabletten-30-stk","status":"publish","type":"product","link":"https:\/\/www.ernstbrunn-apotheke.at\/katalog\/produkt\/arterin-cholesterin-tabletten-30-stk\/","title":{"rendered":"Arterin Cholesterin Tabletten 30 Stk."},"content":{"rendered":"<p>ARTERIN\u00ae Cholesterin bietet eine nat\u00fcrliche Unterst\u00fctzung zur Senkung des Cholesterinspiegels. Die spezielle Kombination hochwertiger Pflanzenextrakte f\u00f6rdert zus\u00e4tzlich eine normale Leberfunktion und sch\u00fctzt die Gef\u00e4\u00dfe. Bei ARTERIN\u00ae Cholesterin handelt es sich um ein Nahrungserg\u00e4nzungsmittel mit nat\u00fcrlichen Extrakten, die dabei helfen, den Cholesterinspiegel zu senken und damit einen entscheidenden Risikofaktor f\u00fcr Herzinfarkte und Schlaganf\u00e4lle zu minimieren.<\/p>\n","protected":false},"excerpt":{"rendered":"<p>ARTERIN\u00ae Cholesterin bietet eine nat\u00fcrliche Unterst\u00fctzung zur Senkung des Cholesterinspiegels. Die spezielle Kombination hochwertiger Pflanzenextrakte f\u00f6rdert zus\u00e4tzlich eine normale Leberfunktion und sch\u00fctzt die Gef\u00e4\u00dfe. Bei ARTERIN\u00ae Cholesterin handelt es sich um ein Nahrungserg\u00e4nzungsmittel mit nat\u00fcrlichen Extrakten, die dabei helfen, den Cholesterinspiegel zu senken und damit einen entscheidenden Risikofaktor f\u00fcr Herzinfarkte und Schlaganf\u00e4lle zu minimieren.<\/p>\n","protected":false},"featured_media":95086,"template":"","meta":{"_acf_changed":false},"product_brand":[],"product_cat":[801],"product_tag":[],"class_list":{"0":"post-95084","1":"product","2":"type-product","3":"status-publish","4":"has-post-thumbnail","6":"product_cat-a","7":"pa_packungsgroesse-30-stueck","9":"first","10":"instock","11":"shipping-taxable","12":"purchasable","13":"product-type-simple"},"acf":[],"_links":{"self":[{"href":"https:\/\/www.ernstbrunn-apotheke.at\/katalog\/wp-json\/wp\/v2\/product\/95084","targetHints":{"allow":["GET"]}}],"collection":[{"href":"https:\/\/www.ernstbrunn-apotheke.at\/katalog\/wp-json\/wp\/v2\/product"}],"about":[{"href":"https:\/\/www.ernstbrunn-apotheke.at\/katalog\/wp-json\/wp\/v2\/types\/product"}],"wp:featuredmedia":[{"embeddable":true,"href":"https:\/\/www.ernstbrunn-apotheke.at\/katalog\/wp-json\/wp\/v2\/media\/95086"}],"wp:attachment":[{"href":"https:\/\/www.ernstbrunn-apotheke.at\/katalog\/wp-json\/wp\/v2\/media?parent=95084"}],"wp:term":[{"taxonomy":"product_brand","embeddable":true,"href":"https:\/\/www.ernstbrunn-apotheke.at\/katalog\/wp-json\/wp\/v2\/product_brand?post=95084"},{"taxonomy":"product_cat","embeddable":true,"href":"https:\/\/www.ernstbrunn-apotheke.at\/katalog\/wp-json\/wp\/v2\/product_cat?post=95084"},{"taxonomy":"product_tag","embeddable":true,"href":"https:\/\/www.ernstbrunn-apotheke.at\/katalog\/wp-json\/wp\/v2\/product_tag?post=95084"}],"curies":[{"name":"wp","href":"https:\/\/api.w.org\/{rel}","templated":true}]}}