{"id":95073,"date":"2025-11-12T10:04:54","date_gmt":"2025-11-12T09:04:54","guid":{"rendered":"https:\/\/www.ernstbrunn-apotheke.at\/katalog\/produkt\/floramed-power-vitamin-c-500-ml\/"},"modified":"2025-12-08T20:42:10","modified_gmt":"2025-12-08T19:42:10","slug":"floramed-power-vitamin-c-500-ml","status":"publish","type":"product","link":"https:\/\/www.ernstbrunn-apotheke.at\/katalog\/produkt\/floramed-power-vitamin-c-500-ml\/","title":{"rendered":"Floramed Power Vitamin C 500 ml"},"content":{"rendered":"<p>Floramed Power Vitamin C enth\u00e4lt hochqualitatives micellares Vitamin C, dass zu einer normalen Funktion des Immunsystems und zur Verringerung von M\u00fcdigkeit und Erm\u00fcdung beitr\u00e4gt. Auch f\u00fcr Vegetarier und Veganer geeignet.<\/p>\n","protected":false},"excerpt":{"rendered":"<p>Floramed Power Vitamin C enth\u00e4lt hochqualitatives micellares Vitamin C, dass zu einer normalen Funktion des Immunsystems und zur Verringerung von M\u00fcdigkeit und Erm\u00fcdung beitr\u00e4gt. Auch f\u00fcr Vegetarier und Veganer geeignet.<\/p>\n","protected":false},"featured_media":95075,"template":"","meta":{"_acf_changed":false},"product_brand":[],"product_cat":[809],"product_tag":[],"class_list":{"0":"post-95073","1":"product","2":"type-product","3":"status-publish","4":"has-post-thumbnail","6":"product_cat-f","7":"pa_packungsgroesse-500ml","9":"first","10":"instock","11":"shipping-taxable","12":"purchasable","13":"product-type-simple"},"acf":[],"_links":{"self":[{"href":"https:\/\/www.ernstbrunn-apotheke.at\/katalog\/wp-json\/wp\/v2\/product\/95073","targetHints":{"allow":["GET"]}}],"collection":[{"href":"https:\/\/www.ernstbrunn-apotheke.at\/katalog\/wp-json\/wp\/v2\/product"}],"about":[{"href":"https:\/\/www.ernstbrunn-apotheke.at\/katalog\/wp-json\/wp\/v2\/types\/product"}],"wp:featuredmedia":[{"embeddable":true,"href":"https:\/\/www.ernstbrunn-apotheke.at\/katalog\/wp-json\/wp\/v2\/media\/95075"}],"wp:attachment":[{"href":"https:\/\/www.ernstbrunn-apotheke.at\/katalog\/wp-json\/wp\/v2\/media?parent=95073"}],"wp:term":[{"taxonomy":"product_brand","embeddable":true,"href":"https:\/\/www.ernstbrunn-apotheke.at\/katalog\/wp-json\/wp\/v2\/product_brand?post=95073"},{"taxonomy":"product_cat","embeddable":true,"href":"https:\/\/www.ernstbrunn-apotheke.at\/katalog\/wp-json\/wp\/v2\/product_cat?post=95073"},{"taxonomy":"product_tag","embeddable":true,"href":"https:\/\/www.ernstbrunn-apotheke.at\/katalog\/wp-json\/wp\/v2\/product_tag?post=95073"}],"curies":[{"name":"wp","href":"https:\/\/api.w.org\/{rel}","templated":true}]}}