{"id":95060,"date":"2025-11-12T10:04:01","date_gmt":"2025-11-12T09:04:01","guid":{"rendered":"https:\/\/www.ernstbrunn-apotheke.at\/katalog\/produkt\/burgerstein-probase-getraenkepulver-400-g\/"},"modified":"2025-12-08T20:42:07","modified_gmt":"2025-12-08T19:42:07","slug":"burgerstein-probase-getraenkepulver-400-g","status":"publish","type":"product","link":"https:\/\/www.ernstbrunn-apotheke.at\/katalog\/produkt\/burgerstein-probase-getraenkepulver-400-g\/","title":{"rendered":"Burgerstein Probase Getr\u00e4nkepulver 400 g"},"content":{"rendered":"<p>Burgerstein Probase ist ein modernes Basenpr\u00e4parat mit einer ausgewogenen Kombination von Mineralstoffen (Kalzium, Magnesium, Kalium) und Spurenelementen (Zink, Mangan). Das enthaltene Zink tr\u00e4gt zu einem normalen S\u00e4ure-Basenstoffwechsel bei. Aufgrund seiner Zusammensetzung eignet sich Burgerstein Probase ausserdem ideal als Mineralstoffpr\u00e4parat. Burgerstein Probase ist ein leicht l\u00f6sliches, geschmackneutrales Pulver, das weder Zucker noch S\u00fcssstoffe enth\u00e4lt. Auch erh\u00e4ltlich in Form von Tabletten.<\/p>\n","protected":false},"excerpt":{"rendered":"<p>Burgerstein Probase ist ein modernes Basenpr\u00e4parat mit einer ausgewogenen Kombination von Mineralstoffen (Kalzium, Magnesium, Kalium) und Spurenelementen (Zink, Mangan). Das enthaltene Zink tr\u00e4gt zu einem normalen S\u00e4ure-Basenstoffwechsel bei. Aufgrund seiner Zusammensetzung eignet sich Burgerstein Probase ausserdem ideal als Mineralstoffpr\u00e4parat. Burgerstein Probase ist ein leicht l\u00f6sliches, geschmackneutrales Pulver, das weder Zucker noch S\u00fcssstoffe enth\u00e4lt. Auch erh\u00e4ltlich [&hellip;]<\/p>\n","protected":false},"featured_media":95062,"template":"","meta":{"_acf_changed":false},"product_brand":[446],"product_cat":[802],"product_tag":[],"class_list":{"0":"post-95060","1":"product","2":"type-product","3":"status-publish","4":"has-post-thumbnail","6":"product_brand-burgerstein","7":"product_cat-b","8":"pa_packungsgroesse-400g","10":"first","11":"instock","12":"shipping-taxable","13":"purchasable","14":"product-type-simple"},"acf":[],"_links":{"self":[{"href":"https:\/\/www.ernstbrunn-apotheke.at\/katalog\/wp-json\/wp\/v2\/product\/95060","targetHints":{"allow":["GET"]}}],"collection":[{"href":"https:\/\/www.ernstbrunn-apotheke.at\/katalog\/wp-json\/wp\/v2\/product"}],"about":[{"href":"https:\/\/www.ernstbrunn-apotheke.at\/katalog\/wp-json\/wp\/v2\/types\/product"}],"wp:featuredmedia":[{"embeddable":true,"href":"https:\/\/www.ernstbrunn-apotheke.at\/katalog\/wp-json\/wp\/v2\/media\/95062"}],"wp:attachment":[{"href":"https:\/\/www.ernstbrunn-apotheke.at\/katalog\/wp-json\/wp\/v2\/media?parent=95060"}],"wp:term":[{"taxonomy":"product_brand","embeddable":true,"href":"https:\/\/www.ernstbrunn-apotheke.at\/katalog\/wp-json\/wp\/v2\/product_brand?post=95060"},{"taxonomy":"product_cat","embeddable":true,"href":"https:\/\/www.ernstbrunn-apotheke.at\/katalog\/wp-json\/wp\/v2\/product_cat?post=95060"},{"taxonomy":"product_tag","embeddable":true,"href":"https:\/\/www.ernstbrunn-apotheke.at\/katalog\/wp-json\/wp\/v2\/product_tag?post=95060"}],"curies":[{"name":"wp","href":"https:\/\/api.w.org\/{rel}","templated":true}]}}