{"id":94910,"date":"2025-11-12T10:01:18","date_gmt":"2025-11-12T09:01:18","guid":{"rendered":"https:\/\/www.ernstbrunn-apotheke.at\/katalog\/produkt\/vichy-purete-thermale-mineral-mizellen-reinigungsmilch-fuer-trockene-haut-200-ml\/"},"modified":"2025-12-08T20:41:35","modified_gmt":"2025-12-08T19:41:35","slug":"vichy-purete-thermale-mineral-mizellen-reinigungsmilch-fuer-trockene-haut-200-ml","status":"publish","type":"product","link":"https:\/\/www.ernstbrunn-apotheke.at\/katalog\/produkt\/vichy-purete-thermale-mineral-mizellen-reinigungsmilch-fuer-trockene-haut-200-ml\/","title":{"rendered":"VICHY Puret\u00e9 Thermale Mineral Mizellen Reinigungsmilch f\u00fcr trockene Haut 200 ml"},"content":{"rendered":"<p>VICHY Puret\u00e9 Thermale Min\u00e9ral Mizellen Reinigungsmilch ist eine starke &#038; beruhigende Reinigungsmilch  entfernt Make-Up und Unreinheiten und eignet sich besonders gut f\u00fcr trockene Haut.<\/p>\n","protected":false},"excerpt":{"rendered":"<p>VICHY Puret\u00e9 Thermale Min\u00e9ral Mizellen Reinigungsmilch ist eine starke &#038; beruhigende Reinigungsmilch entfernt Make-Up und Unreinheiten und eignet sich besonders gut f\u00fcr trockene Haut.<\/p>\n","protected":false},"featured_media":94912,"template":"","meta":{"_acf_changed":false},"product_brand":[675],"product_cat":[799],"product_tag":[],"class_list":{"0":"post-94910","1":"product","2":"type-product","3":"status-publish","4":"has-post-thumbnail","6":"product_brand-vichy","7":"product_cat-v","8":"pa_packungsgroesse-200ml","10":"first","11":"instock","12":"shipping-taxable","13":"purchasable","14":"product-type-simple"},"acf":[],"_links":{"self":[{"href":"https:\/\/www.ernstbrunn-apotheke.at\/katalog\/wp-json\/wp\/v2\/product\/94910","targetHints":{"allow":["GET"]}}],"collection":[{"href":"https:\/\/www.ernstbrunn-apotheke.at\/katalog\/wp-json\/wp\/v2\/product"}],"about":[{"href":"https:\/\/www.ernstbrunn-apotheke.at\/katalog\/wp-json\/wp\/v2\/types\/product"}],"wp:featuredmedia":[{"embeddable":true,"href":"https:\/\/www.ernstbrunn-apotheke.at\/katalog\/wp-json\/wp\/v2\/media\/94912"}],"wp:attachment":[{"href":"https:\/\/www.ernstbrunn-apotheke.at\/katalog\/wp-json\/wp\/v2\/media?parent=94910"}],"wp:term":[{"taxonomy":"product_brand","embeddable":true,"href":"https:\/\/www.ernstbrunn-apotheke.at\/katalog\/wp-json\/wp\/v2\/product_brand?post=94910"},{"taxonomy":"product_cat","embeddable":true,"href":"https:\/\/www.ernstbrunn-apotheke.at\/katalog\/wp-json\/wp\/v2\/product_cat?post=94910"},{"taxonomy":"product_tag","embeddable":true,"href":"https:\/\/www.ernstbrunn-apotheke.at\/katalog\/wp-json\/wp\/v2\/product_tag?post=94910"}],"curies":[{"name":"wp","href":"https:\/\/api.w.org\/{rel}","templated":true}]}}