{"id":94888,"date":"2025-11-12T10:00:58","date_gmt":"2025-11-12T09:00:58","guid":{"rendered":"https:\/\/www.ernstbrunn-apotheke.at\/katalog\/produkt\/vichy-purete-thermale-beruhigender-augen-make-up-entferner-fuer-empfindliche-augen-100-ml\/"},"modified":"2025-12-08T20:41:26","modified_gmt":"2025-12-08T19:41:26","slug":"vichy-purete-thermale-beruhigender-augen-make-up-entferner-fuer-empfindliche-augen-100-ml","status":"publish","type":"product","link":"https:\/\/www.ernstbrunn-apotheke.at\/katalog\/produkt\/vichy-purete-thermale-beruhigender-augen-make-up-entferner-fuer-empfindliche-augen-100-ml\/","title":{"rendered":"VICHY Puret\u00e9 Thermale Beruhigender Augen-Make-up-Entferner f\u00fcr empfindliche Augen 100 ml"},"content":{"rendered":"<p>Dieses Produkt von der VICHY Puret\u00e9 Thermale Produktreihe entfernt Augen-Make-up und ist dabei besonders sanft zur sensiblen Augenpartie.<\/p>\n","protected":false},"excerpt":{"rendered":"<p>Dieses Produkt von der VICHY Puret\u00e9 Thermale Produktreihe entfernt Augen-Make-up und ist dabei besonders sanft zur sensiblen Augenpartie.<\/p>\n","protected":false},"featured_media":94890,"template":"","meta":{"_acf_changed":false},"product_brand":[675],"product_cat":[799],"product_tag":[],"class_list":{"0":"post-94888","1":"product","2":"type-product","3":"status-publish","4":"has-post-thumbnail","6":"product_brand-vichy","7":"product_cat-v","8":"pa_packungsgroesse-100ml","10":"first","11":"instock","12":"shipping-taxable","13":"purchasable","14":"product-type-simple"},"acf":[],"_links":{"self":[{"href":"https:\/\/www.ernstbrunn-apotheke.at\/katalog\/wp-json\/wp\/v2\/product\/94888","targetHints":{"allow":["GET"]}}],"collection":[{"href":"https:\/\/www.ernstbrunn-apotheke.at\/katalog\/wp-json\/wp\/v2\/product"}],"about":[{"href":"https:\/\/www.ernstbrunn-apotheke.at\/katalog\/wp-json\/wp\/v2\/types\/product"}],"wp:featuredmedia":[{"embeddable":true,"href":"https:\/\/www.ernstbrunn-apotheke.at\/katalog\/wp-json\/wp\/v2\/media\/94890"}],"wp:attachment":[{"href":"https:\/\/www.ernstbrunn-apotheke.at\/katalog\/wp-json\/wp\/v2\/media?parent=94888"}],"wp:term":[{"taxonomy":"product_brand","embeddable":true,"href":"https:\/\/www.ernstbrunn-apotheke.at\/katalog\/wp-json\/wp\/v2\/product_brand?post=94888"},{"taxonomy":"product_cat","embeddable":true,"href":"https:\/\/www.ernstbrunn-apotheke.at\/katalog\/wp-json\/wp\/v2\/product_cat?post=94888"},{"taxonomy":"product_tag","embeddable":true,"href":"https:\/\/www.ernstbrunn-apotheke.at\/katalog\/wp-json\/wp\/v2\/product_tag?post=94888"}],"curies":[{"name":"wp","href":"https:\/\/api.w.org\/{rel}","templated":true}]}}