{"id":94884,"date":"2025-11-12T10:00:28","date_gmt":"2025-11-12T09:00:28","guid":{"rendered":"https:\/\/www.ernstbrunn-apotheke.at\/katalog\/produkt\/cerave-sa-glaettende-reinigung-236-ml\/"},"modified":"2025-12-08T20:41:24","modified_gmt":"2025-12-08T19:41:24","slug":"cerave-sa-glaettende-reinigung-236-ml","status":"publish","type":"product","link":"https:\/\/www.ernstbrunn-apotheke.at\/katalog\/produkt\/cerave-sa-glaettende-reinigung-236-ml\/","title":{"rendered":"CeraVe SA Gl\u00e4ttende Reinigung 236 ml"},"content":{"rendered":"<p>CeraVe SA gl\u00e4ttende Reinigung von CeraVe ist besonders sanft zu empfindlicher Haut und befreit sie von Schmutz, \u00d6l sowie Talg. Die Formulierung aus Salicyls\u00e4ure, Niacinamid und Hyalurons\u00e4ure verleiht ein glattes, frisches Erscheinungsbild und spendet langanhaltende Feuchtigkeit. Sie eignet sich ideal f\u00fcr Gesicht, K\u00f6rper sowie H\u00e4nde<\/p>\n","protected":false},"excerpt":{"rendered":"<p>CeraVe SA gl\u00e4ttende Reinigung von CeraVe ist besonders sanft zu empfindlicher Haut und befreit sie von Schmutz, \u00d6l sowie Talg. Die Formulierung aus Salicyls\u00e4ure, Niacinamid und Hyalurons\u00e4ure verleiht ein glattes, frisches Erscheinungsbild und spendet langanhaltende Feuchtigkeit. Sie eignet sich ideal f\u00fcr Gesicht, K\u00f6rper sowie H\u00e4nde<\/p>\n","protected":false},"featured_media":94886,"template":"","meta":{"_acf_changed":false},"product_brand":[714],"product_cat":[812],"product_tag":[],"class_list":{"0":"post-94884","1":"product","2":"type-product","3":"status-publish","4":"has-post-thumbnail","6":"product_brand-cerave","7":"product_cat-c","8":"pa_packungsgroesse-236ml","10":"first","11":"instock","12":"shipping-taxable","13":"purchasable","14":"product-type-simple"},"acf":[],"_links":{"self":[{"href":"https:\/\/www.ernstbrunn-apotheke.at\/katalog\/wp-json\/wp\/v2\/product\/94884","targetHints":{"allow":["GET"]}}],"collection":[{"href":"https:\/\/www.ernstbrunn-apotheke.at\/katalog\/wp-json\/wp\/v2\/product"}],"about":[{"href":"https:\/\/www.ernstbrunn-apotheke.at\/katalog\/wp-json\/wp\/v2\/types\/product"}],"wp:featuredmedia":[{"embeddable":true,"href":"https:\/\/www.ernstbrunn-apotheke.at\/katalog\/wp-json\/wp\/v2\/media\/94886"}],"wp:attachment":[{"href":"https:\/\/www.ernstbrunn-apotheke.at\/katalog\/wp-json\/wp\/v2\/media?parent=94884"}],"wp:term":[{"taxonomy":"product_brand","embeddable":true,"href":"https:\/\/www.ernstbrunn-apotheke.at\/katalog\/wp-json\/wp\/v2\/product_brand?post=94884"},{"taxonomy":"product_cat","embeddable":true,"href":"https:\/\/www.ernstbrunn-apotheke.at\/katalog\/wp-json\/wp\/v2\/product_cat?post=94884"},{"taxonomy":"product_tag","embeddable":true,"href":"https:\/\/www.ernstbrunn-apotheke.at\/katalog\/wp-json\/wp\/v2\/product_tag?post=94884"}],"curies":[{"name":"wp","href":"https:\/\/api.w.org\/{rel}","templated":true}]}}