{"id":94874,"date":"2025-11-12T10:00:28","date_gmt":"2025-11-12T09:00:28","guid":{"rendered":"https:\/\/www.ernstbrunn-apotheke.at\/katalog\/produkt\/cerave-sa-glaettende-feuchtigkeitscreme-340-ml\/"},"modified":"2025-12-08T20:41:23","modified_gmt":"2025-12-08T19:41:23","slug":"cerave-sa-glaettende-feuchtigkeitscreme-340-ml","status":"publish","type":"product","link":"https:\/\/www.ernstbrunn-apotheke.at\/katalog\/produkt\/cerave-sa-glaettende-feuchtigkeitscreme-340-ml\/","title":{"rendered":"CeraVe SA Gl\u00e4ttende Feuchtigkeitscreme 340 ml"},"content":{"rendered":"<p>Die SA Urea Gl\u00e4ttende Feuchtigkeitscreme gl\u00e4ttet raue Haut, macht sie geschmeidig und mildert Verhornung. Sie unterst\u00fctzt die Erneuerung der Hautschutzbarriere und enth\u00e4lt 10% Urea, 3 essenzielle Ceramide, Salicyls\u00e4ure, LHA und Hyaluron. Die SA Urea Gl\u00e4ttende Feuchtigkeitscreme ist mit Dermatologen entwickelt, parf\u00fcmfrei, nicht komedogen und ihr Vertr\u00e4glichkeit ist best\u00e4tigt. Die Feuchtigkeitscreme eignet sich f\u00fcr trockene, raue und unebene Haut.<\/p>\n","protected":false},"excerpt":{"rendered":"<p>Die SA Urea Gl\u00e4ttende Feuchtigkeitscreme gl\u00e4ttet raue Haut, macht sie geschmeidig und mildert Verhornung. Sie unterst\u00fctzt die Erneuerung der Hautschutzbarriere und enth\u00e4lt 10% Urea, 3 essenzielle Ceramide, Salicyls\u00e4ure, LHA und Hyaluron. Die SA Urea Gl\u00e4ttende Feuchtigkeitscreme ist mit Dermatologen entwickelt, parf\u00fcmfrei, nicht komedogen und ihr Vertr\u00e4glichkeit ist best\u00e4tigt. Die Feuchtigkeitscreme eignet sich f\u00fcr trockene, raue [&hellip;]<\/p>\n","protected":false},"featured_media":94876,"template":"","meta":{"_acf_changed":false},"product_brand":[714],"product_cat":[812],"product_tag":[],"class_list":{"0":"post-94874","1":"product","2":"type-product","3":"status-publish","4":"has-post-thumbnail","6":"product_brand-cerave","7":"product_cat-c","8":"pa_packungsgroesse-340g","10":"first","11":"instock","12":"shipping-taxable","13":"purchasable","14":"product-type-simple"},"acf":[],"_links":{"self":[{"href":"https:\/\/www.ernstbrunn-apotheke.at\/katalog\/wp-json\/wp\/v2\/product\/94874","targetHints":{"allow":["GET"]}}],"collection":[{"href":"https:\/\/www.ernstbrunn-apotheke.at\/katalog\/wp-json\/wp\/v2\/product"}],"about":[{"href":"https:\/\/www.ernstbrunn-apotheke.at\/katalog\/wp-json\/wp\/v2\/types\/product"}],"wp:featuredmedia":[{"embeddable":true,"href":"https:\/\/www.ernstbrunn-apotheke.at\/katalog\/wp-json\/wp\/v2\/media\/94876"}],"wp:attachment":[{"href":"https:\/\/www.ernstbrunn-apotheke.at\/katalog\/wp-json\/wp\/v2\/media?parent=94874"}],"wp:term":[{"taxonomy":"product_brand","embeddable":true,"href":"https:\/\/www.ernstbrunn-apotheke.at\/katalog\/wp-json\/wp\/v2\/product_brand?post=94874"},{"taxonomy":"product_cat","embeddable":true,"href":"https:\/\/www.ernstbrunn-apotheke.at\/katalog\/wp-json\/wp\/v2\/product_cat?post=94874"},{"taxonomy":"product_tag","embeddable":true,"href":"https:\/\/www.ernstbrunn-apotheke.at\/katalog\/wp-json\/wp\/v2\/product_tag?post=94874"}],"curies":[{"name":"wp","href":"https:\/\/api.w.org\/{rel}","templated":true}]}}