{"id":9481,"date":"2025-11-07T13:59:48","date_gmt":"2025-11-07T12:59:48","guid":{"rendered":"https:\/\/www.ernstbrunn-apotheke.at\/katalog\/produkt\/futuro-night-handgelenkschiene-fuer-die-nacht-blau\/"},"modified":"2025-12-08T13:27:50","modified_gmt":"2025-12-08T12:27:50","slug":"futuro-night-handgelenkschiene-fuer-die-nacht-blau","status":"publish","type":"product","link":"https:\/\/www.ernstbrunn-apotheke.at\/katalog\/produkt\/futuro-night-handgelenkschiene-fuer-die-nacht-blau\/","title":{"rendered":"Futuro Night Handgelenkschiene f\u00fcr die Nacht blau"},"content":{"rendered":"<p>Futuro Night Handgelenksschiene unterst\u00fctzen eine optimale, neutrale Handstellung und lindern Ihre Schmerzen. Dabei sorgen 3 Klettverschl\u00fcsse f\u00fcr den optimalen Sitz ihres Handgelenkes. Dank dem atmungsaktiven, weichen Material wird Feuchtigkeit abgef\u00fchrt, was f\u00fcr ein angenehmes Tragegef\u00fchl in der Nacht sorgt. Sie ist einfach \u00fcberzuziehen und beidseitig tragbar.<\/p>\n","protected":false},"excerpt":{"rendered":"<p>Futuro Night Handgelenksschiene unterst\u00fctzen eine optimale, neutrale Handstellung und lindern Ihre Schmerzen. Dabei sorgen 3 Klettverschl\u00fcsse f\u00fcr den optimalen Sitz ihres Handgelenkes. Dank dem atmungsaktiven, weichen Material wird Feuchtigkeit abgef\u00fchrt, was f\u00fcr ein angenehmes Tragegef\u00fchl in der Nacht sorgt. Sie ist einfach \u00fcberzuziehen und beidseitig tragbar.<\/p>\n","protected":false},"featured_media":9483,"template":"","meta":{"_acf_changed":false},"product_brand":[413],"product_cat":[809],"product_tag":[],"class_list":{"0":"post-9481","1":"product","2":"type-product","3":"status-publish","4":"has-post-thumbnail","6":"product_brand-futuro","7":"product_cat-f","8":"pa_packungsgroesse-1-stueck","10":"first","11":"instock","12":"shipping-taxable","13":"purchasable","14":"product-type-simple"},"acf":[],"_links":{"self":[{"href":"https:\/\/www.ernstbrunn-apotheke.at\/katalog\/wp-json\/wp\/v2\/product\/9481","targetHints":{"allow":["GET"]}}],"collection":[{"href":"https:\/\/www.ernstbrunn-apotheke.at\/katalog\/wp-json\/wp\/v2\/product"}],"about":[{"href":"https:\/\/www.ernstbrunn-apotheke.at\/katalog\/wp-json\/wp\/v2\/types\/product"}],"wp:featuredmedia":[{"embeddable":true,"href":"https:\/\/www.ernstbrunn-apotheke.at\/katalog\/wp-json\/wp\/v2\/media\/9483"}],"wp:attachment":[{"href":"https:\/\/www.ernstbrunn-apotheke.at\/katalog\/wp-json\/wp\/v2\/media?parent=9481"}],"wp:term":[{"taxonomy":"product_brand","embeddable":true,"href":"https:\/\/www.ernstbrunn-apotheke.at\/katalog\/wp-json\/wp\/v2\/product_brand?post=9481"},{"taxonomy":"product_cat","embeddable":true,"href":"https:\/\/www.ernstbrunn-apotheke.at\/katalog\/wp-json\/wp\/v2\/product_cat?post=9481"},{"taxonomy":"product_tag","embeddable":true,"href":"https:\/\/www.ernstbrunn-apotheke.at\/katalog\/wp-json\/wp\/v2\/product_tag?post=9481"}],"curies":[{"name":"wp","href":"https:\/\/api.w.org\/{rel}","templated":true}]}}