{"id":9475,"date":"2025-11-07T13:59:48","date_gmt":"2025-11-07T12:59:48","guid":{"rendered":"https:\/\/www.ernstbrunn-apotheke.at\/katalog\/produkt\/theraband-rot-55m-mittelstark\/"},"modified":"2025-12-08T13:27:48","modified_gmt":"2025-12-08T12:27:48","slug":"theraband-rot-55m-mittelstark","status":"publish","type":"product","link":"https:\/\/www.ernstbrunn-apotheke.at\/katalog\/produkt\/theraband-rot-55m-mittelstark\/","title":{"rendered":"Theraband rot 5,5m mittelstark"},"content":{"rendered":"<p>Theraband ist der weltweit f\u00fchrende Markenname f\u00fcr Kleinger\u00e4te in Therapie, Fitness und Sport. Der Markenname genie\u00dft bei Therapeuten und Trainern den Ruf h\u00f6chster Qualit\u00e4t und Effektivit\u00e4t. Der lineare Kraftaufbau bei steigender Dehnung der \u00dcbungsb\u00e4nder von Thera-Band schont die Gelenke und beugt Verletzungen vor \u2013 ein wesentliches Plus in der Therapie und im Fitnesstraining. .<\/p>\n","protected":false},"excerpt":{"rendered":"<p>Theraband ist der weltweit f\u00fchrende Markenname f\u00fcr Kleinger\u00e4te in Therapie, Fitness und Sport. Der Markenname genie\u00dft bei Therapeuten und Trainern den Ruf h\u00f6chster Qualit\u00e4t und Effektivit\u00e4t. Der lineare Kraftaufbau bei steigender Dehnung der \u00dcbungsb\u00e4nder von Thera-Band schont die Gelenke und beugt Verletzungen vor \u2013 ein wesentliches Plus in der Therapie und im Fitnesstraining. .<\/p>\n","protected":false},"featured_media":9477,"template":"","meta":{"_acf_changed":false},"product_brand":[],"product_cat":[798],"product_tag":[],"class_list":{"0":"post-9475","1":"product","2":"type-product","3":"status-publish","4":"has-post-thumbnail","6":"product_cat-t","7":"pa_packungsgroesse-1-stueck","9":"first","10":"instock","11":"shipping-taxable","12":"purchasable","13":"product-type-simple"},"acf":[],"_links":{"self":[{"href":"https:\/\/www.ernstbrunn-apotheke.at\/katalog\/wp-json\/wp\/v2\/product\/9475","targetHints":{"allow":["GET"]}}],"collection":[{"href":"https:\/\/www.ernstbrunn-apotheke.at\/katalog\/wp-json\/wp\/v2\/product"}],"about":[{"href":"https:\/\/www.ernstbrunn-apotheke.at\/katalog\/wp-json\/wp\/v2\/types\/product"}],"wp:featuredmedia":[{"embeddable":true,"href":"https:\/\/www.ernstbrunn-apotheke.at\/katalog\/wp-json\/wp\/v2\/media\/9477"}],"wp:attachment":[{"href":"https:\/\/www.ernstbrunn-apotheke.at\/katalog\/wp-json\/wp\/v2\/media?parent=9475"}],"wp:term":[{"taxonomy":"product_brand","embeddable":true,"href":"https:\/\/www.ernstbrunn-apotheke.at\/katalog\/wp-json\/wp\/v2\/product_brand?post=9475"},{"taxonomy":"product_cat","embeddable":true,"href":"https:\/\/www.ernstbrunn-apotheke.at\/katalog\/wp-json\/wp\/v2\/product_cat?post=9475"},{"taxonomy":"product_tag","embeddable":true,"href":"https:\/\/www.ernstbrunn-apotheke.at\/katalog\/wp-json\/wp\/v2\/product_tag?post=9475"}],"curies":[{"name":"wp","href":"https:\/\/api.w.org\/{rel}","templated":true}]}}