{"id":94672,"date":"2025-11-12T09:55:11","date_gmt":"2025-11-12T08:55:11","guid":{"rendered":"https:\/\/www.ernstbrunn-apotheke.at\/katalog\/produkt\/tenoros-nasenzuckerl-lutschtabletten-15-stk\/"},"modified":"2025-12-08T20:40:40","modified_gmt":"2025-12-08T19:40:40","slug":"tenoros-nasenzuckerl-lutschtabletten-15-stk","status":"publish","type":"product","link":"https:\/\/www.ernstbrunn-apotheke.at\/katalog\/produkt\/tenoros-nasenzuckerl-lutschtabletten-15-stk\/","title":{"rendered":"Tenoros Nasenzuckerl Lutschtabletten 15 Stk."},"content":{"rendered":"<p>Die in Tenoros Nasenzuckerl Lutschtabletten enthaltenen Bioflavonoide k\u00f6nnen die Abwehrkr\u00e4fte des K\u00f6rpers erh\u00f6hen und die Blutgef\u00e4\u00dfe st\u00e4rken. Hochkonzentrierter Buchweizenextrakt und Zinkgluconat wirken den ersten Anzeichen einer Erk\u00e4ltung entgegen und helfen, trotz h\u00e4ufigem Niesen, Hals- und Kopfschmerzen sowie Abgeschlagenheit, den Tag zu \u00fcberstehen.<\/p>\n","protected":false},"excerpt":{"rendered":"<p>Die in Tenoros Nasenzuckerl Lutschtabletten enthaltenen Bioflavonoide k\u00f6nnen die Abwehrkr\u00e4fte des K\u00f6rpers erh\u00f6hen und die Blutgef\u00e4\u00dfe st\u00e4rken. Hochkonzentrierter Buchweizenextrakt und Zinkgluconat wirken den ersten Anzeichen einer Erk\u00e4ltung entgegen und helfen, trotz h\u00e4ufigem Niesen, Hals- und Kopfschmerzen sowie Abgeschlagenheit, den Tag zu \u00fcberstehen.<\/p>\n","protected":false},"featured_media":94674,"template":"","meta":{"_acf_changed":false},"product_brand":[],"product_cat":[798],"product_tag":[],"class_list":{"0":"post-94672","1":"product","2":"type-product","3":"status-publish","4":"has-post-thumbnail","6":"product_cat-t","7":"pa_packungsgroesse-15-stueck","9":"first","10":"instock","11":"shipping-taxable","12":"purchasable","13":"product-type-simple"},"acf":[],"_links":{"self":[{"href":"https:\/\/www.ernstbrunn-apotheke.at\/katalog\/wp-json\/wp\/v2\/product\/94672","targetHints":{"allow":["GET"]}}],"collection":[{"href":"https:\/\/www.ernstbrunn-apotheke.at\/katalog\/wp-json\/wp\/v2\/product"}],"about":[{"href":"https:\/\/www.ernstbrunn-apotheke.at\/katalog\/wp-json\/wp\/v2\/types\/product"}],"wp:featuredmedia":[{"embeddable":true,"href":"https:\/\/www.ernstbrunn-apotheke.at\/katalog\/wp-json\/wp\/v2\/media\/94674"}],"wp:attachment":[{"href":"https:\/\/www.ernstbrunn-apotheke.at\/katalog\/wp-json\/wp\/v2\/media?parent=94672"}],"wp:term":[{"taxonomy":"product_brand","embeddable":true,"href":"https:\/\/www.ernstbrunn-apotheke.at\/katalog\/wp-json\/wp\/v2\/product_brand?post=94672"},{"taxonomy":"product_cat","embeddable":true,"href":"https:\/\/www.ernstbrunn-apotheke.at\/katalog\/wp-json\/wp\/v2\/product_cat?post=94672"},{"taxonomy":"product_tag","embeddable":true,"href":"https:\/\/www.ernstbrunn-apotheke.at\/katalog\/wp-json\/wp\/v2\/product_tag?post=94672"}],"curies":[{"name":"wp","href":"https:\/\/api.w.org\/{rel}","templated":true}]}}