{"id":94642,"date":"2025-11-12T09:54:38","date_gmt":"2025-11-12T08:54:38","guid":{"rendered":"https:\/\/www.ernstbrunn-apotheke.at\/katalog\/produkt\/nuxe-sun-face-body-self-tanner-100-ml\/"},"modified":"2025-12-08T20:40:26","modified_gmt":"2025-12-08T19:40:26","slug":"nuxe-sun-face-body-self-tanner-100-ml","status":"publish","type":"product","link":"https:\/\/www.ernstbrunn-apotheke.at\/katalog\/produkt\/nuxe-sun-face-body-self-tanner-100-ml\/","title":{"rendered":"Nuxe Sun Face &#038; Body Self-Tanner 100 ml"},"content":{"rendered":"<p>Diese Selbstbr\u00e4uner-Creme Gesicht und K\u00f6rper mit Wasser- und Sommerblumen sorgt f\u00fcr einen leichten, goldenen Schimmer, ganz ohne Sonne und bereits nach 2 Stunden. Die Haut strahlt nat\u00fcrlich und einheitlich gebr\u00e4unt und wird gleichzeitig mit Feuchtigkeit versorgt. Die seidige Textur l\u00e4sst sich leicht verteilen und dringt schnell ein, ohne Spuren zu hinterlassen. Die Haut erstrahlt wie im Sommer mit einem leicht schillernden Finish.<\/p>\n","protected":false},"excerpt":{"rendered":"<p>Diese Selbstbr\u00e4uner-Creme Gesicht und K\u00f6rper mit Wasser- und Sommerblumen sorgt f\u00fcr einen leichten, goldenen Schimmer, ganz ohne Sonne und bereits nach 2 Stunden. Die Haut strahlt nat\u00fcrlich und einheitlich gebr\u00e4unt und wird gleichzeitig mit Feuchtigkeit versorgt. Die seidige Textur l\u00e4sst sich leicht verteilen und dringt schnell ein, ohne Spuren zu hinterlassen. Die Haut erstrahlt wie [&hellip;]<\/p>\n","protected":false},"featured_media":94644,"template":"","meta":{"_acf_changed":false},"product_brand":[705],"product_cat":[797],"product_tag":[],"class_list":{"0":"post-94642","1":"product","2":"type-product","3":"status-publish","4":"has-post-thumbnail","6":"product_brand-nuxe","7":"product_cat-n","8":"pa_packungsgroesse-100ml","10":"first","11":"instock","12":"shipping-taxable","13":"purchasable","14":"product-type-simple"},"acf":[],"_links":{"self":[{"href":"https:\/\/www.ernstbrunn-apotheke.at\/katalog\/wp-json\/wp\/v2\/product\/94642","targetHints":{"allow":["GET"]}}],"collection":[{"href":"https:\/\/www.ernstbrunn-apotheke.at\/katalog\/wp-json\/wp\/v2\/product"}],"about":[{"href":"https:\/\/www.ernstbrunn-apotheke.at\/katalog\/wp-json\/wp\/v2\/types\/product"}],"wp:featuredmedia":[{"embeddable":true,"href":"https:\/\/www.ernstbrunn-apotheke.at\/katalog\/wp-json\/wp\/v2\/media\/94644"}],"wp:attachment":[{"href":"https:\/\/www.ernstbrunn-apotheke.at\/katalog\/wp-json\/wp\/v2\/media?parent=94642"}],"wp:term":[{"taxonomy":"product_brand","embeddable":true,"href":"https:\/\/www.ernstbrunn-apotheke.at\/katalog\/wp-json\/wp\/v2\/product_brand?post=94642"},{"taxonomy":"product_cat","embeddable":true,"href":"https:\/\/www.ernstbrunn-apotheke.at\/katalog\/wp-json\/wp\/v2\/product_cat?post=94642"},{"taxonomy":"product_tag","embeddable":true,"href":"https:\/\/www.ernstbrunn-apotheke.at\/katalog\/wp-json\/wp\/v2\/product_tag?post=94642"}],"curies":[{"name":"wp","href":"https:\/\/api.w.org\/{rel}","templated":true}]}}