{"id":94639,"date":"2025-11-12T09:54:38","date_gmt":"2025-11-12T08:54:38","guid":{"rendered":"https:\/\/www.ernstbrunn-apotheke.at\/katalog\/produkt\/nuxe-huile-prodigieuse-floral-multifunktions-oel-fuer-haut-haare-100-ml\/"},"modified":"2025-12-08T20:40:24","modified_gmt":"2025-12-08T19:40:24","slug":"nuxe-huile-prodigieuse-floral-multifunktions-oel-fuer-haut-haare-100-ml","status":"publish","type":"product","link":"https:\/\/www.ernstbrunn-apotheke.at\/katalog\/produkt\/nuxe-huile-prodigieuse-floral-multifunktions-oel-fuer-haut-haare-100-ml\/","title":{"rendered":"Nuxe Huile Prodigieuse Floral Multifunktions-\u00d6l f\u00fcr Haut &#038; Haare 100 ml"},"content":{"rendered":"<p>Diese legend\u00e4re Pflege von NUXE mit 7 hochwertigen 100 % pflanzlichen \u00d6len pr\u00e4sentiert sich mit einem neuen zarten Bl\u00fctenduft.Das feuchtigkeitsspendende \u00d6l verw\u00f6hnt auch weiterhin mit der gleichen Trocken\u00f6ltextur und \u00fcberzeugt durch unver\u00e4nderte Wirksamkeit f\u00fcr K\u00f6rper, Gesicht und Haare.Seine antioxidative Wirkung, sein Schutzschild vor Umweltverschmutzungen und seine abschw\u00e4chende Wirkung auf Dehnungsstreifen machen es zu einem wertvollen Begleiter f\u00fcr Ihren Alltag. Die unnachahmliche Trocken\u00f6ltextur offenbart sich mit der j\u00fcngsten Duftsignatur von Nuxe: Frische, florale Noten sorgen f\u00fcr einen neuen, genussvollen Wohlf\u00fchlmoment.<\/p>\n","protected":false},"excerpt":{"rendered":"<p>Diese legend\u00e4re Pflege von NUXE mit 7 hochwertigen 100 % pflanzlichen \u00d6len pr\u00e4sentiert sich mit einem neuen zarten Bl\u00fctenduft.Das feuchtigkeitsspendende \u00d6l verw\u00f6hnt auch weiterhin mit der gleichen Trocken\u00f6ltextur und \u00fcberzeugt durch unver\u00e4nderte Wirksamkeit f\u00fcr K\u00f6rper, Gesicht und Haare.Seine antioxidative Wirkung, sein Schutzschild vor Umweltverschmutzungen und seine abschw\u00e4chende Wirkung auf Dehnungsstreifen machen es zu einem wertvollen [&hellip;]<\/p>\n","protected":false},"featured_media":94641,"template":"","meta":{"_acf_changed":false},"product_brand":[705],"product_cat":[797],"product_tag":[],"class_list":{"0":"post-94639","1":"product","2":"type-product","3":"status-publish","4":"has-post-thumbnail","6":"product_brand-nuxe","7":"product_cat-n","8":"pa_packungsgroesse-100ml","10":"first","11":"instock","12":"shipping-taxable","13":"purchasable","14":"product-type-simple"},"acf":[],"_links":{"self":[{"href":"https:\/\/www.ernstbrunn-apotheke.at\/katalog\/wp-json\/wp\/v2\/product\/94639","targetHints":{"allow":["GET"]}}],"collection":[{"href":"https:\/\/www.ernstbrunn-apotheke.at\/katalog\/wp-json\/wp\/v2\/product"}],"about":[{"href":"https:\/\/www.ernstbrunn-apotheke.at\/katalog\/wp-json\/wp\/v2\/types\/product"}],"wp:featuredmedia":[{"embeddable":true,"href":"https:\/\/www.ernstbrunn-apotheke.at\/katalog\/wp-json\/wp\/v2\/media\/94641"}],"wp:attachment":[{"href":"https:\/\/www.ernstbrunn-apotheke.at\/katalog\/wp-json\/wp\/v2\/media?parent=94639"}],"wp:term":[{"taxonomy":"product_brand","embeddable":true,"href":"https:\/\/www.ernstbrunn-apotheke.at\/katalog\/wp-json\/wp\/v2\/product_brand?post=94639"},{"taxonomy":"product_cat","embeddable":true,"href":"https:\/\/www.ernstbrunn-apotheke.at\/katalog\/wp-json\/wp\/v2\/product_cat?post=94639"},{"taxonomy":"product_tag","embeddable":true,"href":"https:\/\/www.ernstbrunn-apotheke.at\/katalog\/wp-json\/wp\/v2\/product_tag?post=94639"}],"curies":[{"name":"wp","href":"https:\/\/api.w.org\/{rel}","templated":true}]}}