{"id":94548,"date":"2025-11-12T09:53:07","date_gmt":"2025-11-12T08:53:07","guid":{"rendered":"https:\/\/www.ernstbrunn-apotheke.at\/katalog\/produkt\/oekopharm-immun44-saft-sticks\/"},"modified":"2025-12-08T20:39:47","modified_gmt":"2025-12-08T19:39:47","slug":"oekopharm-immun44-saft-sticks","status":"publish","type":"product","link":"https:\/\/www.ernstbrunn-apotheke.at\/katalog\/produkt\/oekopharm-immun44-saft-sticks\/","title":{"rendered":"\u00d6kopharm Immun44 Saft-Sticks"},"content":{"rendered":"<p>Immun 44 Sticks helfen dem Immunsyste in schwierigen Situationen auf die Spr\u00fcnge. Der \u00d6kopharm\u00ae Wirkkomplex in Immun44\u00ae Saft Sticks ist aus Vitamin C, Zink und weiteren Mikron\u00e4hrstoffen durchdacht zusammengesetzt. Er hilft gegen oxidativen Stress und bei der Zellerneuerung und tr\u00e4gt zur Gesunderhaltung des Immunsystems bei. Das Nahrungserg\u00e4nzungsmittel hilft sowohl der normalen Funktion des Immunsystems, als auch dem belasteten Immunsystem.<\/p>\n","protected":false},"excerpt":{"rendered":"<p>Immun 44 Sticks helfen dem Immunsyste in schwierigen Situationen auf die Spr\u00fcnge. Der \u00d6kopharm\u00ae Wirkkomplex in Immun44\u00ae Saft Sticks ist aus Vitamin C, Zink und weiteren Mikron\u00e4hrstoffen durchdacht zusammengesetzt. Er hilft gegen oxidativen Stress und bei der Zellerneuerung und tr\u00e4gt zur Gesunderhaltung des Immunsystems bei. Das Nahrungserg\u00e4nzungsmittel hilft sowohl der normalen Funktion des Immunsystems, als [&hellip;]<\/p>\n","protected":false},"featured_media":94550,"template":"","meta":{"_acf_changed":false},"product_brand":[357],"product_cat":[801],"product_tag":[],"class_list":{"0":"post-94548","1":"product","2":"type-product","3":"status-publish","4":"has-post-thumbnail","6":"product_brand-oekopharm","7":"product_cat-a","8":"pa_packungsgroesse-20-stueck","10":"first","11":"instock","12":"shipping-taxable","13":"purchasable","14":"product-type-simple"},"acf":[],"_links":{"self":[{"href":"https:\/\/www.ernstbrunn-apotheke.at\/katalog\/wp-json\/wp\/v2\/product\/94548","targetHints":{"allow":["GET"]}}],"collection":[{"href":"https:\/\/www.ernstbrunn-apotheke.at\/katalog\/wp-json\/wp\/v2\/product"}],"about":[{"href":"https:\/\/www.ernstbrunn-apotheke.at\/katalog\/wp-json\/wp\/v2\/types\/product"}],"wp:featuredmedia":[{"embeddable":true,"href":"https:\/\/www.ernstbrunn-apotheke.at\/katalog\/wp-json\/wp\/v2\/media\/94550"}],"wp:attachment":[{"href":"https:\/\/www.ernstbrunn-apotheke.at\/katalog\/wp-json\/wp\/v2\/media?parent=94548"}],"wp:term":[{"taxonomy":"product_brand","embeddable":true,"href":"https:\/\/www.ernstbrunn-apotheke.at\/katalog\/wp-json\/wp\/v2\/product_brand?post=94548"},{"taxonomy":"product_cat","embeddable":true,"href":"https:\/\/www.ernstbrunn-apotheke.at\/katalog\/wp-json\/wp\/v2\/product_cat?post=94548"},{"taxonomy":"product_tag","embeddable":true,"href":"https:\/\/www.ernstbrunn-apotheke.at\/katalog\/wp-json\/wp\/v2\/product_tag?post=94548"}],"curies":[{"name":"wp","href":"https:\/\/api.w.org\/{rel}","templated":true}]}}