{"id":94538,"date":"2025-11-12T09:52:23","date_gmt":"2025-11-12T08:52:23","guid":{"rendered":"https:\/\/www.ernstbrunn-apotheke.at\/katalog\/produkt\/carbo-medicinalis-aktivkohle-kapseln-60-stk\/"},"modified":"2025-12-08T20:39:45","modified_gmt":"2025-12-08T19:39:45","slug":"carbo-medicinalis-aktivkohle-kapseln-60-stk","status":"publish","type":"product","link":"https:\/\/www.ernstbrunn-apotheke.at\/katalog\/produkt\/carbo-medicinalis-aktivkohle-kapseln-60-stk\/","title":{"rendered":"Carbo Medicinalis Aktivkohle Kapseln 60 Stk."},"content":{"rendered":"<p>Carbo Medicinalis Aktivkohle Kapseln tragen zur Verringerung \u00fcberm\u00e4\u00dfiger Bl\u00e4hungen nach dem Essen bei. Bei einer Einnahme von je 1 g (5 Kapseln) mindestens 30 Minuten vor bzw. kurz nach dem Essen.100% reine AktivkohleGewonnen aus nat\u00fcrlichen Rohstoffen (Kokosnussschalen)Rein pflanzliche Kapselh\u00fclle &#8211; f\u00fcr Veganer und Vegetarier geeignetH\u00f6chste Qualit\u00e4t in der GlasflascheOhne Zusatzstoffe und ohne Hilfsstoffe verkapseltGepr\u00fcfte Qualit\u00e4t<\/p>\n","protected":false},"excerpt":{"rendered":"<p>Carbo Medicinalis Aktivkohle Kapseln tragen zur Verringerung \u00fcberm\u00e4\u00dfiger Bl\u00e4hungen nach dem Essen bei. Bei einer Einnahme von je 1 g (5 Kapseln) mindestens 30 Minuten vor bzw. kurz nach dem Essen.100% reine AktivkohleGewonnen aus nat\u00fcrlichen Rohstoffen (Kokosnussschalen)Rein pflanzliche Kapselh\u00fclle &#8211; f\u00fcr Veganer und Vegetarier geeignetH\u00f6chste Qualit\u00e4t in der GlasflascheOhne Zusatzstoffe und ohne Hilfsstoffe verkapseltGepr\u00fcfte Qualit\u00e4t<\/p>\n","protected":false},"featured_media":94540,"template":"","meta":{"_acf_changed":false},"product_brand":[],"product_cat":[812],"product_tag":[],"class_list":{"0":"post-94538","1":"product","2":"type-product","3":"status-publish","4":"has-post-thumbnail","6":"product_cat-c","7":"pa_packungsgroesse-60-stueck","9":"first","10":"instock","11":"shipping-taxable","12":"purchasable","13":"product-type-simple"},"acf":[],"_links":{"self":[{"href":"https:\/\/www.ernstbrunn-apotheke.at\/katalog\/wp-json\/wp\/v2\/product\/94538","targetHints":{"allow":["GET"]}}],"collection":[{"href":"https:\/\/www.ernstbrunn-apotheke.at\/katalog\/wp-json\/wp\/v2\/product"}],"about":[{"href":"https:\/\/www.ernstbrunn-apotheke.at\/katalog\/wp-json\/wp\/v2\/types\/product"}],"wp:featuredmedia":[{"embeddable":true,"href":"https:\/\/www.ernstbrunn-apotheke.at\/katalog\/wp-json\/wp\/v2\/media\/94540"}],"wp:attachment":[{"href":"https:\/\/www.ernstbrunn-apotheke.at\/katalog\/wp-json\/wp\/v2\/media?parent=94538"}],"wp:term":[{"taxonomy":"product_brand","embeddable":true,"href":"https:\/\/www.ernstbrunn-apotheke.at\/katalog\/wp-json\/wp\/v2\/product_brand?post=94538"},{"taxonomy":"product_cat","embeddable":true,"href":"https:\/\/www.ernstbrunn-apotheke.at\/katalog\/wp-json\/wp\/v2\/product_cat?post=94538"},{"taxonomy":"product_tag","embeddable":true,"href":"https:\/\/www.ernstbrunn-apotheke.at\/katalog\/wp-json\/wp\/v2\/product_tag?post=94538"}],"curies":[{"name":"wp","href":"https:\/\/api.w.org\/{rel}","templated":true}]}}