{"id":9444,"date":"2025-11-07T13:59:20","date_gmt":"2025-11-07T12:59:20","guid":{"rendered":"https:\/\/www.ernstbrunn-apotheke.at\/katalog\/produkt\/uriel-knoechelgurtbandage-st-37\/"},"modified":"2025-12-08T13:27:43","modified_gmt":"2025-12-08T12:27:43","slug":"uriel-knoechelgurtbandage-st-37","status":"publish","type":"product","link":"https:\/\/www.ernstbrunn-apotheke.at\/katalog\/produkt\/uriel-knoechelgurtbandage-st-37\/","title":{"rendered":"Uriel Kn\u00f6chelgurtbandage ST 37"},"content":{"rendered":"<p>Seit knapp 30 Jahren steht Pharmag f\u00fcr kompetente Beratung und verl\u00e4ssliche Betreuung beim Vertrieb von pharmazeutischen Produkten, di\u00e4tetischen Lebensmitteln, Kosmetika und hochwertigen Produkten f\u00fcr die Apotheke.<\/p>\n","protected":false},"excerpt":{"rendered":"<p>Seit knapp 30 Jahren steht Pharmag f\u00fcr kompetente Beratung und verl\u00e4ssliche Betreuung beim Vertrieb von pharmazeutischen Produkten, di\u00e4tetischen Lebensmitteln, Kosmetika und hochwertigen Produkten f\u00fcr die Apotheke.<\/p>\n","protected":false},"featured_media":9446,"template":"","meta":{"_acf_changed":false},"product_brand":[],"product_cat":[848],"product_tag":[],"class_list":{"0":"post-9444","1":"product","2":"type-product","3":"status-publish","4":"has-post-thumbnail","6":"product_cat-u","7":"pa_packungsgroesse-1-stueck","9":"first","10":"instock","11":"shipping-taxable","12":"purchasable","13":"product-type-simple"},"acf":[],"_links":{"self":[{"href":"https:\/\/www.ernstbrunn-apotheke.at\/katalog\/wp-json\/wp\/v2\/product\/9444","targetHints":{"allow":["GET"]}}],"collection":[{"href":"https:\/\/www.ernstbrunn-apotheke.at\/katalog\/wp-json\/wp\/v2\/product"}],"about":[{"href":"https:\/\/www.ernstbrunn-apotheke.at\/katalog\/wp-json\/wp\/v2\/types\/product"}],"wp:featuredmedia":[{"embeddable":true,"href":"https:\/\/www.ernstbrunn-apotheke.at\/katalog\/wp-json\/wp\/v2\/media\/9446"}],"wp:attachment":[{"href":"https:\/\/www.ernstbrunn-apotheke.at\/katalog\/wp-json\/wp\/v2\/media?parent=9444"}],"wp:term":[{"taxonomy":"product_brand","embeddable":true,"href":"https:\/\/www.ernstbrunn-apotheke.at\/katalog\/wp-json\/wp\/v2\/product_brand?post=9444"},{"taxonomy":"product_cat","embeddable":true,"href":"https:\/\/www.ernstbrunn-apotheke.at\/katalog\/wp-json\/wp\/v2\/product_cat?post=9444"},{"taxonomy":"product_tag","embeddable":true,"href":"https:\/\/www.ernstbrunn-apotheke.at\/katalog\/wp-json\/wp\/v2\/product_tag?post=9444"}],"curies":[{"name":"wp","href":"https:\/\/api.w.org\/{rel}","templated":true}]}}