{"id":94391,"date":"2025-11-12T09:48:51","date_gmt":"2025-11-12T08:48:51","guid":{"rendered":"https:\/\/www.ernstbrunn-apotheke.at\/katalog\/produkt\/magnesium-verla-400-complex\/"},"modified":"2025-12-08T20:39:01","modified_gmt":"2025-12-08T19:39:01","slug":"magnesium-verla-400-complex","status":"publish","type":"product","link":"https:\/\/www.ernstbrunn-apotheke.at\/katalog\/produkt\/magnesium-verla-400-complex\/","title":{"rendered":"Magnesium Verla 400 Complex"},"content":{"rendered":"<p>Der menschliche K\u00f6rper ist nicht in der Lage, Magnesium selbst herzustellen. Eine ausreichende Zufuhr mit der Nahrung ist daher sehr wichtig, denn Magnesium wird f\u00fcr mehr als 600 Stoffwechselvorg\u00e4nge ben\u00f6tigt. Dabei sind Muskelt\u00e4tigkeiten, gesunde Knochen und das Zusammenspiel der Muskeln mit dem Nervensystem nur die Spitze des Eisbergs. Magnesium beeinflusst auch die Verteilung anderer Mineralstoffe im Organismus und tr\u00e4gt damit zum richtigen Gleichgewicht der Elektrolyte bei. So ist Magnesium f\u00fcr die Kommunikation und Interaktion vieler Organe untereinander unerl\u00e4sslich. Eine ausreichende Magnesiumzufuhr tr\u00e4gt zur Verringerung von M\u00fcdigkeit und Ersch\u00f6pfung bei. Der K\u00f6rper bleibt leistungsbereit. Hohe Magnesiummengen sind vor allem in naturbelassenen Nahrungsmitteln wie Vollkorngetreideprodukten, ungesch\u00e4ltem Reis, N\u00fcssen und Samen oder Kakao enthalten.<\/p>\n","protected":false},"excerpt":{"rendered":"<p>Der menschliche K\u00f6rper ist nicht in der Lage, Magnesium selbst herzustellen. Eine ausreichende Zufuhr mit der Nahrung ist daher sehr wichtig, denn Magnesium wird f\u00fcr mehr als 600 Stoffwechselvorg\u00e4nge ben\u00f6tigt. Dabei sind Muskelt\u00e4tigkeiten, gesunde Knochen und das Zusammenspiel der Muskeln mit dem Nervensystem nur die Spitze des Eisbergs. Magnesium beeinflusst auch die Verteilung anderer Mineralstoffe [&hellip;]<\/p>\n","protected":false},"featured_media":94393,"template":"","meta":{"_acf_changed":false},"product_brand":[1043],"product_cat":[800],"product_tag":[],"class_list":{"0":"post-94391","1":"product","2":"type-product","3":"status-publish","4":"has-post-thumbnail","6":"product_brand-verla","7":"product_cat-m","8":"pa_packungsgroesse-60-stueck","10":"first","11":"instock","12":"shipping-taxable","13":"purchasable","14":"product-type-simple"},"acf":[],"_links":{"self":[{"href":"https:\/\/www.ernstbrunn-apotheke.at\/katalog\/wp-json\/wp\/v2\/product\/94391","targetHints":{"allow":["GET"]}}],"collection":[{"href":"https:\/\/www.ernstbrunn-apotheke.at\/katalog\/wp-json\/wp\/v2\/product"}],"about":[{"href":"https:\/\/www.ernstbrunn-apotheke.at\/katalog\/wp-json\/wp\/v2\/types\/product"}],"wp:featuredmedia":[{"embeddable":true,"href":"https:\/\/www.ernstbrunn-apotheke.at\/katalog\/wp-json\/wp\/v2\/media\/94393"}],"wp:attachment":[{"href":"https:\/\/www.ernstbrunn-apotheke.at\/katalog\/wp-json\/wp\/v2\/media?parent=94391"}],"wp:term":[{"taxonomy":"product_brand","embeddable":true,"href":"https:\/\/www.ernstbrunn-apotheke.at\/katalog\/wp-json\/wp\/v2\/product_brand?post=94391"},{"taxonomy":"product_cat","embeddable":true,"href":"https:\/\/www.ernstbrunn-apotheke.at\/katalog\/wp-json\/wp\/v2\/product_cat?post=94391"},{"taxonomy":"product_tag","embeddable":true,"href":"https:\/\/www.ernstbrunn-apotheke.at\/katalog\/wp-json\/wp\/v2\/product_tag?post=94391"}],"curies":[{"name":"wp","href":"https:\/\/api.w.org\/{rel}","templated":true}]}}