{"id":94381,"date":"2025-11-12T09:48:51","date_gmt":"2025-11-12T08:48:51","guid":{"rendered":"https:\/\/www.ernstbrunn-apotheke.at\/katalog\/produkt\/la-roche-posay-pure-vitamin-c10-serum-30-ml\/"},"modified":"2025-12-08T20:38:59","modified_gmt":"2025-12-08T19:38:59","slug":"la-roche-posay-pure-vitamin-c10-serum-30-ml","status":"publish","type":"product","link":"https:\/\/www.ernstbrunn-apotheke.at\/katalog\/produkt\/la-roche-posay-pure-vitamin-c10-serum-30-ml\/","title":{"rendered":"La Roche-Posay Pure Vitamin C10 Serum 30 ml"},"content":{"rendered":"<p>Das Pure Vitamin C10 Serum von La Roche-Posay ist eine Anti-Falten-Pflege mit reinem Vitamin C, Salicyls\u00e4ure und Neurosensine. Die innovative Formulierung mit einem hautneutralen pH-Wert sorgt daf\u00fcr, dass empfindliche und fahle Haut ihr Strahlen zur\u00fcckgewinnt.<\/p>\n","protected":false},"excerpt":{"rendered":"<p>Das Pure Vitamin C10 Serum von La Roche-Posay ist eine Anti-Falten-Pflege mit reinem Vitamin C, Salicyls\u00e4ure und Neurosensine. Die innovative Formulierung mit einem hautneutralen pH-Wert sorgt daf\u00fcr, dass empfindliche und fahle Haut ihr Strahlen zur\u00fcckgewinnt.<\/p>\n","protected":false},"featured_media":94383,"template":"","meta":{"_acf_changed":false},"product_brand":[677],"product_cat":[795],"product_tag":[],"class_list":{"0":"post-94381","1":"product","2":"type-product","3":"status-publish","4":"has-post-thumbnail","6":"product_brand-la-roche-posay","7":"product_cat-l","8":"pa_packungsgroesse-30ml","10":"first","11":"instock","12":"shipping-taxable","13":"purchasable","14":"product-type-simple"},"acf":[],"_links":{"self":[{"href":"https:\/\/www.ernstbrunn-apotheke.at\/katalog\/wp-json\/wp\/v2\/product\/94381","targetHints":{"allow":["GET"]}}],"collection":[{"href":"https:\/\/www.ernstbrunn-apotheke.at\/katalog\/wp-json\/wp\/v2\/product"}],"about":[{"href":"https:\/\/www.ernstbrunn-apotheke.at\/katalog\/wp-json\/wp\/v2\/types\/product"}],"wp:featuredmedia":[{"embeddable":true,"href":"https:\/\/www.ernstbrunn-apotheke.at\/katalog\/wp-json\/wp\/v2\/media\/94383"}],"wp:attachment":[{"href":"https:\/\/www.ernstbrunn-apotheke.at\/katalog\/wp-json\/wp\/v2\/media?parent=94381"}],"wp:term":[{"taxonomy":"product_brand","embeddable":true,"href":"https:\/\/www.ernstbrunn-apotheke.at\/katalog\/wp-json\/wp\/v2\/product_brand?post=94381"},{"taxonomy":"product_cat","embeddable":true,"href":"https:\/\/www.ernstbrunn-apotheke.at\/katalog\/wp-json\/wp\/v2\/product_cat?post=94381"},{"taxonomy":"product_tag","embeddable":true,"href":"https:\/\/www.ernstbrunn-apotheke.at\/katalog\/wp-json\/wp\/v2\/product_tag?post=94381"}],"curies":[{"name":"wp","href":"https:\/\/api.w.org\/{rel}","templated":true}]}}